{"id":7720,"date":"2022-08-30T15:05:18","date_gmt":"2022-08-30T15:05:18","guid":{"rendered":"https:\/\/rideauclub.ca\/?page_id=7720"},"modified":"2023-01-26T16:17:08","modified_gmt":"2023-01-26T16:17:08","slug":"evenements-pour-les-membres","status":"publish","type":"page","link":"https:\/\/rideauclub.ca\/fr\/adhesion\/evenements-pour-les-membres\/","title":{"rendered":"\u00c9V\u00c9NEMENTS POUR LES MEMBRES"},"content":{"rendered":"<p>Le Rideau Club est fier d&rsquo;offrir aux membres des exp\u00e9riences innovantes, des \u00e9v\u00e9nements attrayants et des occasions uniques de r\u00e9seautage. Vous trouverez ici un calendrier de nos \u00e9v\u00e9nements \u00e0 venir.<\/p>\n<p>Si vous souhaitez devenir membre, vous pouvez trouver plus d&rsquo;informations ici sur notre <a href=\"https:\/\/rideauclub.ca\/fr\/adhesion-dentreprise\/\">Adh\u00e9sion d&rsquo;entreprise<\/a>\u00a0 and <a href=\"https:\/\/rideauclub.ca\/fr\/adhesion-individuelle\/\">adh\u00e9sion individuelle<\/a>.<\/p>\n<p>&nbsp;<\/p>\n<p><em>*Veuillez noter que tous les \u00e9v\u00e9nements n\u00e9cessitent un avis d&rsquo;annulation de 72 heures minimum. Si vous ne nous informez pas avant out durant ce p\u00e9riode, votre compte sera quand m\u00eame d\u00e9bit\u00e9. Cette politique ne s&rsquo;applique pas aux aux r\u00e9servations \u00e0 la carte. Toutes les questions peuvent \u00eatre adress\u00e9es \u00e0 la directrice g\u00e9n\u00e9rale <\/em><em>Carol-Ann Goering \u00e0 <a href=\"mailto:cgoering@rideauclub.ca\">cgoering@rideauclub.ca<\/a><\/em><\/p>\n<hr \/>\n<h3 style=\"text-align: center;\"><span class=\"s2\">CALENDRIER DES MEMBRES<\/span><\/h3>\n<p>[tribe_events]<\/p>\n","protected":false},"excerpt":{"rendered":"<p>Le Rideau Club est fier d&rsquo;offrir aux membres des exp\u00e9riences innovantes, des \u00e9v\u00e9nements attrayants et des occasions uniques de r\u00e9seautage. Vous trouverez ici un calendrier de nos \u00e9v\u00e9nements \u00e0 venir. [&hellip;]<\/p>\n","protected":false},"author":4,"featured_media":0,"parent":3073,"menu_order":0,"comment_status":"closed","ping_status":"closed","template":"page-member-events.php","meta":{"_acf_changed":false,"footnotes":""},"class_list":["post-7720","page","type-page","status-publish","hentry"],"acf":[],"yoast_head":"<!-- This site is optimized with the Yoast SEO plugin v27.3 - https:\/\/yoast.com\/product\/yoast-seo-wordpress\/ -->\n<title>\u00c9V\u00c9NEMENTS POUR LES MEMBRES - Rideau Club Ottawa<\/title>\n<meta name=\"robots\" content=\"index, follow, max-snippet:-1, max-image-preview:large, max-video-preview:-1\" \/>\n<link rel=\"canonical\" href=\"https:\/\/rideauclub.ca\/fr\/adhesion\/evenements-pour-les-membres\/\" \/>\n<meta property=\"og:locale\" content=\"fr_FR\" \/>\n<meta property=\"og:type\" content=\"article\" \/>\n<meta property=\"og:title\" content=\"\u00c9V\u00c9NEMENTS POUR LES MEMBRES - Rideau Club Ottawa\" \/>\n<meta property=\"og:description\" content=\"Le Rideau Club est fier d&rsquo;offrir aux membres des exp\u00e9riences innovantes, des \u00e9v\u00e9nements attrayants et des occasions uniques de r\u00e9seautage. Vous trouverez ici un calendrier de nos \u00e9v\u00e9nements \u00e0 venir. [&hellip;]\" \/>\n<meta property=\"og:url\" content=\"https:\/\/rideauclub.ca\/fr\/adhesion\/evenements-pour-les-membres\/\" \/>\n<meta property=\"og:site_name\" content=\"Rideau Club Ottawa\" \/>\n<meta property=\"article:modified_time\" content=\"2023-01-26T16:17:08+00:00\" \/>\n<meta name=\"twitter:card\" content=\"summary_large_image\" \/>\n<meta name=\"twitter:label1\" content=\"Dur\u00e9e de lecture estim\u00e9e\" \/>\n\t<meta name=\"twitter:data1\" content=\"1 minute\" \/>\n<script type=\"application\/ld+json\" class=\"yoast-schema-graph\">{\"@context\":\"https:\\\/\\\/schema.org\",\"@graph\":[{\"@type\":\"WebPage\",\"@id\":\"https:\\\/\\\/rideauclub.ca\\\/fr\\\/adhesion\\\/evenements-pour-les-membres\\\/\",\"url\":\"https:\\\/\\\/rideauclub.ca\\\/fr\\\/adhesion\\\/evenements-pour-les-membres\\\/\",\"name\":\"\u00c9V\u00c9NEMENTS POUR LES MEMBRES - Rideau Club Ottawa\",\"isPartOf\":{\"@id\":\"https:\\\/\\\/rideauclub.ca\\\/fr\\\/#website\"},\"datePublished\":\"2022-08-30T15:05:18+00:00\",\"dateModified\":\"2023-01-26T16:17:08+00:00\",\"breadcrumb\":{\"@id\":\"https:\\\/\\\/rideauclub.ca\\\/fr\\\/adhesion\\\/evenements-pour-les-membres\\\/#breadcrumb\"},\"inLanguage\":\"fr-FR\",\"potentialAction\":[{\"@type\":\"ReadAction\",\"target\":[\"https:\\\/\\\/rideauclub.ca\\\/fr\\\/adhesion\\\/evenements-pour-les-membres\\\/\"]}]},{\"@type\":\"BreadcrumbList\",\"@id\":\"https:\\\/\\\/rideauclub.ca\\\/fr\\\/adhesion\\\/evenements-pour-les-membres\\\/#breadcrumb\",\"itemListElement\":[{\"@type\":\"ListItem\",\"position\":1,\"name\":\"Home\",\"item\":\"https:\\\/\\\/rideauclub.ca\\\/fr\\\/\"},{\"@type\":\"ListItem\",\"position\":2,\"name\":\"Adh\u00e9sion\",\"item\":\"https:\\\/\\\/rideauclub.ca\\\/fr\\\/adhesion\\\/\"},{\"@type\":\"ListItem\",\"position\":3,\"name\":\"\u00c9V\u00c9NEMENTS POUR LES MEMBRES\"}]},{\"@type\":\"WebSite\",\"@id\":\"https:\\\/\\\/rideauclub.ca\\\/fr\\\/#website\",\"url\":\"https:\\\/\\\/rideauclub.ca\\\/fr\\\/\",\"name\":\"Rideau Club Ottawa\",\"description\":\"\",\"potentialAction\":[{\"@type\":\"SearchAction\",\"target\":{\"@type\":\"EntryPoint\",\"urlTemplate\":\"https:\\\/\\\/rideauclub.ca\\\/fr\\\/?s={search_term_string}\"},\"query-input\":{\"@type\":\"PropertyValueSpecification\",\"valueRequired\":true,\"valueName\":\"search_term_string\"}}],\"inLanguage\":\"fr-FR\"}]}<\/script>\n<!-- \/ Yoast SEO plugin. -->","yoast_head_json":{"title":"\u00c9V\u00c9NEMENTS POUR LES MEMBRES - Rideau Club Ottawa","robots":{"index":"index","follow":"follow","max-snippet":"max-snippet:-1","max-image-preview":"max-image-preview:large","max-video-preview":"max-video-preview:-1"},"canonical":"https:\/\/rideauclub.ca\/fr\/adhesion\/evenements-pour-les-membres\/","og_locale":"fr_FR","og_type":"article","og_title":"\u00c9V\u00c9NEMENTS POUR LES MEMBRES - Rideau Club Ottawa","og_description":"Le Rideau Club est fier d&rsquo;offrir aux membres des exp\u00e9riences innovantes, des \u00e9v\u00e9nements attrayants et des occasions uniques de r\u00e9seautage. Vous trouverez ici un calendrier de nos \u00e9v\u00e9nements \u00e0 venir. [&hellip;]","og_url":"https:\/\/rideauclub.ca\/fr\/adhesion\/evenements-pour-les-membres\/","og_site_name":"Rideau Club Ottawa","article_modified_time":"2023-01-26T16:17:08+00:00","twitter_card":"summary_large_image","twitter_misc":{"Dur\u00e9e de lecture estim\u00e9e":"1 minute"},"schema":{"@context":"https:\/\/schema.org","@graph":[{"@type":"WebPage","@id":"https:\/\/rideauclub.ca\/fr\/adhesion\/evenements-pour-les-membres\/","url":"https:\/\/rideauclub.ca\/fr\/adhesion\/evenements-pour-les-membres\/","name":"\u00c9V\u00c9NEMENTS POUR LES MEMBRES - Rideau Club Ottawa","isPartOf":{"@id":"https:\/\/rideauclub.ca\/fr\/#website"},"datePublished":"2022-08-30T15:05:18+00:00","dateModified":"2023-01-26T16:17:08+00:00","breadcrumb":{"@id":"https:\/\/rideauclub.ca\/fr\/adhesion\/evenements-pour-les-membres\/#breadcrumb"},"inLanguage":"fr-FR","potentialAction":[{"@type":"ReadAction","target":["https:\/\/rideauclub.ca\/fr\/adhesion\/evenements-pour-les-membres\/"]}]},{"@type":"BreadcrumbList","@id":"https:\/\/rideauclub.ca\/fr\/adhesion\/evenements-pour-les-membres\/#breadcrumb","itemListElement":[{"@type":"ListItem","position":1,"name":"Home","item":"https:\/\/rideauclub.ca\/fr\/"},{"@type":"ListItem","position":2,"name":"Adh\u00e9sion","item":"https:\/\/rideauclub.ca\/fr\/adhesion\/"},{"@type":"ListItem","position":3,"name":"\u00c9V\u00c9NEMENTS POUR LES MEMBRES"}]},{"@type":"WebSite","@id":"https:\/\/rideauclub.ca\/fr\/#website","url":"https:\/\/rideauclub.ca\/fr\/","name":"Rideau Club Ottawa","description":"","potentialAction":[{"@type":"SearchAction","target":{"@type":"EntryPoint","urlTemplate":"https:\/\/rideauclub.ca\/fr\/?s={search_term_string}"},"query-input":{"@type":"PropertyValueSpecification","valueRequired":true,"valueName":"search_term_string"}}],"inLanguage":"fr-FR"}]}},"_links":{"self":[{"href":"https:\/\/rideauclub.ca\/fr\/wp-json\/wp\/v2\/pages\/7720","targetHints":{"allow":["GET"]}}],"collection":[{"href":"https:\/\/rideauclub.ca\/fr\/wp-json\/wp\/v2\/pages"}],"about":[{"href":"https:\/\/rideauclub.ca\/fr\/wp-json\/wp\/v2\/types\/page"}],"author":[{"embeddable":true,"href":"https:\/\/rideauclub.ca\/fr\/wp-json\/wp\/v2\/users\/4"}],"replies":[{"embeddable":true,"href":"https:\/\/rideauclub.ca\/fr\/wp-json\/wp\/v2\/comments?post=7720"}],"version-history":[{"count":5,"href":"https:\/\/rideauclub.ca\/fr\/wp-json\/wp\/v2\/pages\/7720\/revisions"}],"predecessor-version":[{"id":8698,"href":"https:\/\/rideauclub.ca\/fr\/wp-json\/wp\/v2\/pages\/7720\/revisions\/8698"}],"up":[{"embeddable":true,"href":"https:\/\/rideauclub.ca\/fr\/wp-json\/wp\/v2\/pages\/3073"}],"wp:attachment":[{"href":"https:\/\/rideauclub.ca\/fr\/wp-json\/wp\/v2\/media?parent=7720"}],"curies":[{"name":"wp","href":"https:\/\/api.w.org\/{rel}","templated":true}]}}