{"id":7719,"date":"2022-08-30T15:06:08","date_gmt":"2022-08-30T15:06:08","guid":{"rendered":"https:\/\/rideauclub.ca\/?page_id=7719"},"modified":"2025-11-14T19:23:04","modified_gmt":"2025-11-14T19:23:04","slug":"adhesion-individuelle","status":"publish","type":"page","link":"https:\/\/rideauclub.ca\/fr\/adhesion-individuelle\/","title":{"rendered":"ADH\u00c9SION INDIVIDUELLE"},"content":{"rendered":"<p>Sophistiqu\u00e9, luxueux et ancr\u00e9 dans l\u2019histoire, le Rideau Club constitue le lieu de rencontre priv\u00e9 de choix pour les distingu\u00e9s dirigeants d\u2019aujourd\u2019hui et de demain de la r\u00e9gion.<\/p>\n<p>Le Rideau Club se veut un endroit empreint de coll\u00e9gialit\u00e9 o\u00f9 les membres forgent entre eux des liens durables, parfois m\u00eame transformateurs. Anim\u00e9es par la devise du Club \u2013 Savoir Faire, Savoir Vivre \u2013 les personnes qui composent notre communaut\u00e9 proviennent de milieux divers. Ces liens se traduisent en une exp\u00e9rience unique en son genre au Canada, auxquels s\u2019ajoute un Club qui pr\u00e9sente des installations exceptionnelles, une gastronomie de renomm\u00e9e internationale et un service qui ne se retrouve nulle part ailleurs.<\/p>\n<p><a class=\"btn btn-outline\" href=\"https:\/\/rideauclub.ca\/individual-membership-registration\/\">Appliquez ici<\/a><\/p>\n<h2>POURQUOI CHOISIR L\u2019ADH\u00c9SION INDIVIDUELLE?<\/h2>\n<p>Le jeudi soir d\u2019une longue semaine. Vos amis sont au bar, verre en main. Un r\u00e9pit bien m\u00e9rit\u00e9. Le groupe met la touche finale aux pr\u00e9paratifs pour c\u00e9l\u00e9brer l\u2019anniversaire de naissance d\u2019une amie au Club. Les employ\u00e9s se sont particuli\u00e8rement impliqu\u00e9s et ont organis\u00e9 une soir\u00e9e \u00e0 la fois excentrique et sophistiqu\u00e9e qu\u2019elle n\u2019oubliera pas de sit\u00f4t.<\/p>\n<p>Mardi prochain, c\u2019est une d\u00e9gustation de porto et de chocolat, suivi jeudi apr\u00e8s-midi d\u2019un expos\u00e9 sur un sujet d\u2019actualit\u00e9 livr\u00e9 par un conf\u00e9rencier distingu\u00e9. Arm\u00e9s d\u2019un verre de porto bien conserv\u00e9 dans une main et d\u2019une bouch\u00e9e \u00e0 grignoter dans l\u2019autre, les membres du groupe pr\u00e9parent d\u00e9j\u00e0 leur prochaine rencontre au Club.<\/p>\n<h2>AVANTAGES DES MEMBRES<\/h2>\n<p><strong>UN R\u00c9SEAUTAGE UNIQUE<\/strong> -Imaginez-vous c\u00f4toyer les grands d\u00e9cideurs du gouvernement et du monde des affaires.<\/p>\n<p><strong>DES EXP\u00c9RIENCES GASTRONOMIQUES ENRICHISSANTES<\/strong> &#8211; Le Rideau Club offre une exp\u00e9rience gastronomique de premier ordre \u00e0 tous ses membres et leurs invit\u00e9s.<\/p>\n<p><strong>DES INSTALLATIONS MAGNIFIQUES<\/strong> &#8211; Notre \u00e9tablissement historique est parfait pour vos besoins professionnels et sociaux, que vous souhaitiez organiser de grands \u00e9v\u00e9nements ou une r\u00e9union intime.<\/p>\n<p><strong>ACTIVIT\u00c9S EXCLUSIVES DU RIDEAU CLUB<\/strong> &#8211; Que vous souhaitiez rencontrer des professionnels partageant les m\u00eames id\u00e9es \u00e0 notre 5 \u00e0 7, vous amuser \u00e0 Femme Nuit ou apprendre aupr\u00e8s des plus grands entrepreneurs lors d&rsquo;une s\u00e9rie de conf\u00e9rences, attendez-vous \u00e0 une exp\u00e9rience culinaire exceptionnelle. Pr\u00e9par\u00e9s \u00e0 votre go\u00fbt, dans un cadre \u00e9l\u00e9gant avec une vue spectaculaire sur la colline du Parlement.<\/p>\n<h2>ET PLUS ENCORE!<\/h2>\n<p>Ce n&rsquo;est que le d\u00e9but de notre engagement, d\u00e9couvrez tous les avantages de l&rsquo;adh\u00e9sion.<\/p>\n<p>&nbsp;<\/p>\n","protected":false},"excerpt":{"rendered":"<p>Sophistiqu\u00e9, luxueux et ancr\u00e9 dans l\u2019histoire, le Rideau Club constitue le lieu de rencontre priv\u00e9 de choix pour les distingu\u00e9s dirigeants d\u2019aujourd\u2019hui et de demain de la r\u00e9gion. Le Rideau [&hellip;]<\/p>\n","protected":false},"author":4,"featured_media":8227,"parent":0,"menu_order":0,"comment_status":"closed","ping_status":"closed","template":"page-membership.php","meta":{"_acf_changed":false,"footnotes":""},"class_list":["post-7719","page","type-page","status-publish","has-post-thumbnail","hentry"],"acf":[],"yoast_head":"<!-- This site is optimized with the Yoast SEO plugin v27.3 - https:\/\/yoast.com\/product\/yoast-seo-wordpress\/ -->\n<title>ADH\u00c9SION INDIVIDUELLE - Rideau Club Ottawa<\/title>\n<meta name=\"robots\" content=\"index, follow, max-snippet:-1, max-image-preview:large, max-video-preview:-1\" \/>\n<link rel=\"canonical\" href=\"https:\/\/rideauclub.ca\/fr\/adhesion-individuelle\/\" \/>\n<meta property=\"og:locale\" content=\"fr_FR\" \/>\n<meta property=\"og:type\" content=\"article\" \/>\n<meta property=\"og:title\" content=\"ADH\u00c9SION INDIVIDUELLE - Rideau Club Ottawa\" \/>\n<meta property=\"og:description\" content=\"Sophistiqu\u00e9, luxueux et ancr\u00e9 dans l\u2019histoire, le Rideau Club constitue le lieu de rencontre priv\u00e9 de choix pour les distingu\u00e9s dirigeants d\u2019aujourd\u2019hui et de demain de la r\u00e9gion. Le Rideau [&hellip;]\" \/>\n<meta property=\"og:url\" content=\"https:\/\/rideauclub.ca\/fr\/adhesion-individuelle\/\" \/>\n<meta property=\"og:site_name\" content=\"Rideau Club Ottawa\" \/>\n<meta property=\"article:modified_time\" content=\"2025-11-14T19:23:04+00:00\" \/>\n<meta property=\"og:image\" content=\"https:\/\/rideauclub.ca\/wp-content\/uploads\/2022\/10\/indmembership-banner-1.jpg\" \/>\n\t<meta property=\"og:image:width\" content=\"1920\" \/>\n\t<meta property=\"og:image:height\" content=\"605\" \/>\n\t<meta property=\"og:image:type\" content=\"image\/jpeg\" \/>\n<meta name=\"twitter:card\" content=\"summary_large_image\" \/>\n<meta name=\"twitter:label1\" content=\"Dur\u00e9e de lecture estim\u00e9e\" \/>\n\t<meta name=\"twitter:data1\" content=\"2 minutes\" \/>\n<script type=\"application\/ld+json\" class=\"yoast-schema-graph\">{\"@context\":\"https:\\\/\\\/schema.org\",\"@graph\":[{\"@type\":\"WebPage\",\"@id\":\"https:\\\/\\\/rideauclub.ca\\\/fr\\\/adhesion-individuelle\\\/\",\"url\":\"https:\\\/\\\/rideauclub.ca\\\/fr\\\/adhesion-individuelle\\\/\",\"name\":\"ADH\u00c9SION INDIVIDUELLE - Rideau Club Ottawa\",\"isPartOf\":{\"@id\":\"https:\\\/\\\/rideauclub.ca\\\/fr\\\/#website\"},\"primaryImageOfPage\":{\"@id\":\"https:\\\/\\\/rideauclub.ca\\\/fr\\\/adhesion-individuelle\\\/#primaryimage\"},\"image\":{\"@id\":\"https:\\\/\\\/rideauclub.ca\\\/fr\\\/adhesion-individuelle\\\/#primaryimage\"},\"thumbnailUrl\":\"https:\\\/\\\/rideauclub.ca\\\/wp-content\\\/uploads\\\/2022\\\/10\\\/indmembership-banner-1.jpg\",\"datePublished\":\"2022-08-30T15:06:08+00:00\",\"dateModified\":\"2025-11-14T19:23:04+00:00\",\"breadcrumb\":{\"@id\":\"https:\\\/\\\/rideauclub.ca\\\/fr\\\/adhesion-individuelle\\\/#breadcrumb\"},\"inLanguage\":\"fr-FR\",\"potentialAction\":[{\"@type\":\"ReadAction\",\"target\":[\"https:\\\/\\\/rideauclub.ca\\\/fr\\\/adhesion-individuelle\\\/\"]}]},{\"@type\":\"ImageObject\",\"inLanguage\":\"fr-FR\",\"@id\":\"https:\\\/\\\/rideauclub.ca\\\/fr\\\/adhesion-individuelle\\\/#primaryimage\",\"url\":\"https:\\\/\\\/rideauclub.ca\\\/wp-content\\\/uploads\\\/2022\\\/10\\\/indmembership-banner-1.jpg\",\"contentUrl\":\"https:\\\/\\\/rideauclub.ca\\\/wp-content\\\/uploads\\\/2022\\\/10\\\/indmembership-banner-1.jpg\",\"width\":1920,\"height\":605},{\"@type\":\"BreadcrumbList\",\"@id\":\"https:\\\/\\\/rideauclub.ca\\\/fr\\\/adhesion-individuelle\\\/#breadcrumb\",\"itemListElement\":[{\"@type\":\"ListItem\",\"position\":1,\"name\":\"Home\",\"item\":\"https:\\\/\\\/rideauclub.ca\\\/fr\\\/\"},{\"@type\":\"ListItem\",\"position\":2,\"name\":\"ADH\u00c9SION INDIVIDUELLE\"}]},{\"@type\":\"WebSite\",\"@id\":\"https:\\\/\\\/rideauclub.ca\\\/fr\\\/#website\",\"url\":\"https:\\\/\\\/rideauclub.ca\\\/fr\\\/\",\"name\":\"Rideau Club Ottawa\",\"description\":\"\",\"potentialAction\":[{\"@type\":\"SearchAction\",\"target\":{\"@type\":\"EntryPoint\",\"urlTemplate\":\"https:\\\/\\\/rideauclub.ca\\\/fr\\\/?s={search_term_string}\"},\"query-input\":{\"@type\":\"PropertyValueSpecification\",\"valueRequired\":true,\"valueName\":\"search_term_string\"}}],\"inLanguage\":\"fr-FR\"}]}<\/script>\n<!-- \/ Yoast SEO plugin. -->","yoast_head_json":{"title":"ADH\u00c9SION INDIVIDUELLE - Rideau Club Ottawa","robots":{"index":"index","follow":"follow","max-snippet":"max-snippet:-1","max-image-preview":"max-image-preview:large","max-video-preview":"max-video-preview:-1"},"canonical":"https:\/\/rideauclub.ca\/fr\/adhesion-individuelle\/","og_locale":"fr_FR","og_type":"article","og_title":"ADH\u00c9SION INDIVIDUELLE - Rideau Club Ottawa","og_description":"Sophistiqu\u00e9, luxueux et ancr\u00e9 dans l\u2019histoire, le Rideau Club constitue le lieu de rencontre priv\u00e9 de choix pour les distingu\u00e9s dirigeants d\u2019aujourd\u2019hui et de demain de la r\u00e9gion. Le Rideau [&hellip;]","og_url":"https:\/\/rideauclub.ca\/fr\/adhesion-individuelle\/","og_site_name":"Rideau Club Ottawa","article_modified_time":"2025-11-14T19:23:04+00:00","og_image":[{"width":1920,"height":605,"url":"https:\/\/rideauclub.ca\/wp-content\/uploads\/2022\/10\/indmembership-banner-1.jpg","type":"image\/jpeg"}],"twitter_card":"summary_large_image","twitter_misc":{"Dur\u00e9e de lecture estim\u00e9e":"2 minutes"},"schema":{"@context":"https:\/\/schema.org","@graph":[{"@type":"WebPage","@id":"https:\/\/rideauclub.ca\/fr\/adhesion-individuelle\/","url":"https:\/\/rideauclub.ca\/fr\/adhesion-individuelle\/","name":"ADH\u00c9SION INDIVIDUELLE - Rideau Club Ottawa","isPartOf":{"@id":"https:\/\/rideauclub.ca\/fr\/#website"},"primaryImageOfPage":{"@id":"https:\/\/rideauclub.ca\/fr\/adhesion-individuelle\/#primaryimage"},"image":{"@id":"https:\/\/rideauclub.ca\/fr\/adhesion-individuelle\/#primaryimage"},"thumbnailUrl":"https:\/\/rideauclub.ca\/wp-content\/uploads\/2022\/10\/indmembership-banner-1.jpg","datePublished":"2022-08-30T15:06:08+00:00","dateModified":"2025-11-14T19:23:04+00:00","breadcrumb":{"@id":"https:\/\/rideauclub.ca\/fr\/adhesion-individuelle\/#breadcrumb"},"inLanguage":"fr-FR","potentialAction":[{"@type":"ReadAction","target":["https:\/\/rideauclub.ca\/fr\/adhesion-individuelle\/"]}]},{"@type":"ImageObject","inLanguage":"fr-FR","@id":"https:\/\/rideauclub.ca\/fr\/adhesion-individuelle\/#primaryimage","url":"https:\/\/rideauclub.ca\/wp-content\/uploads\/2022\/10\/indmembership-banner-1.jpg","contentUrl":"https:\/\/rideauclub.ca\/wp-content\/uploads\/2022\/10\/indmembership-banner-1.jpg","width":1920,"height":605},{"@type":"BreadcrumbList","@id":"https:\/\/rideauclub.ca\/fr\/adhesion-individuelle\/#breadcrumb","itemListElement":[{"@type":"ListItem","position":1,"name":"Home","item":"https:\/\/rideauclub.ca\/fr\/"},{"@type":"ListItem","position":2,"name":"ADH\u00c9SION INDIVIDUELLE"}]},{"@type":"WebSite","@id":"https:\/\/rideauclub.ca\/fr\/#website","url":"https:\/\/rideauclub.ca\/fr\/","name":"Rideau Club Ottawa","description":"","potentialAction":[{"@type":"SearchAction","target":{"@type":"EntryPoint","urlTemplate":"https:\/\/rideauclub.ca\/fr\/?s={search_term_string}"},"query-input":{"@type":"PropertyValueSpecification","valueRequired":true,"valueName":"search_term_string"}}],"inLanguage":"fr-FR"}]}},"_links":{"self":[{"href":"https:\/\/rideauclub.ca\/fr\/wp-json\/wp\/v2\/pages\/7719","targetHints":{"allow":["GET"]}}],"collection":[{"href":"https:\/\/rideauclub.ca\/fr\/wp-json\/wp\/v2\/pages"}],"about":[{"href":"https:\/\/rideauclub.ca\/fr\/wp-json\/wp\/v2\/types\/page"}],"author":[{"embeddable":true,"href":"https:\/\/rideauclub.ca\/fr\/wp-json\/wp\/v2\/users\/4"}],"replies":[{"embeddable":true,"href":"https:\/\/rideauclub.ca\/fr\/wp-json\/wp\/v2\/comments?post=7719"}],"version-history":[{"count":5,"href":"https:\/\/rideauclub.ca\/fr\/wp-json\/wp\/v2\/pages\/7719\/revisions"}],"predecessor-version":[{"id":10975,"href":"https:\/\/rideauclub.ca\/fr\/wp-json\/wp\/v2\/pages\/7719\/revisions\/10975"}],"wp:featuredmedia":[{"embeddable":true,"href":"https:\/\/rideauclub.ca\/fr\/wp-json\/wp\/v2\/media\/8227"}],"wp:attachment":[{"href":"https:\/\/rideauclub.ca\/fr\/wp-json\/wp\/v2\/media?parent=7719"}],"curies":[{"name":"wp","href":"https:\/\/api.w.org\/{rel}","templated":true}]}}