{"id":7716,"date":"2022-08-30T01:29:11","date_gmt":"2022-08-30T01:29:11","guid":{"rendered":"https:\/\/rideauclub.ca\/?page_id=7716"},"modified":"2023-01-24T23:06:03","modified_gmt":"2023-01-24T23:06:03","slug":"adhesion-dentreprise","status":"publish","type":"page","link":"https:\/\/rideauclub.ca\/fr\/adhesion-dentreprise\/","title":{"rendered":"Adh\u00e9sion d&rsquo;entreprise"},"content":{"rendered":"<p>Sophistiqu\u00e9, luxueux et ancr\u00e9 dans l\u2019histoire, le Rideau Club constitue le lieu de rencontre priv\u00e9 de choix pour les distingu\u00e9s dirigeants d\u2019aujourd\u2019hui et de demain de la r\u00e9gion.<\/p>\n<p>Le Rideau Club se veut un endroit empreint de coll\u00e9gialit\u00e9 o\u00f9 les membres forgent entre eux des liens durables, parfois m\u00eame transformateurs. Anim\u00e9es par la devise du Club \u2013 Savoir Faire, Savoir Vivre \u2013 les personnes qui composent notre communaut\u00e9 proviennent de milieux divers. Ces liens se traduisent en une exp\u00e9rience unique en son genre au Canada, auxquels s\u2019ajoute un Club qui pr\u00e9sente des installations exceptionnelles, une gastronomie de renomm\u00e9e internationale et un service qui ne se retrouve nulle part ailleurs.<\/p>\n<h2>POURQUOI CHOISIR L\u2019ADH\u00c9SION D&rsquo;ENTREPRISE?<\/h2>\n<p><span style=\"font-weight: 400;\">Imaginez-vous au bar, savourant des tapas, cr\u00e9ations du Chef, arros\u00e9s d\u2019un Riesling bien frais \u2013 rien de plus invitant pour vous d\u00e9tendre et discuter du nouveau projet. Vos coll\u00e8gues se sentent \u00e0 l\u2019aise et les id\u00e9es prennent leur envol. Offrez-vous un cappuccino fumant tout en admirant le panorama devant vous : la Colline parlementaire encadr\u00e9e par la rivi\u00e8re des Outaouais.<\/span><\/p>\n<p>Place ensuite \u00e0 la s\u00e9ance de strat\u00e9gie de l\u2019apr\u00e8s-midi, o\u00f9 la salle Karsh vous accueille pour l\u2019occasion : acc\u00e8s Wi-Fi, projecteur LCD et un service professionnel et discret \u00e0 votre port\u00e9e.<\/p>\n<p>Pour couronner le tout, vous vous rendez tous \u00e0 la salle Borden pour d\u00e9guster un repas gastronomique pr\u00e9par\u00e9 sur mesure. Une exp\u00e9rience priv\u00e9e et raffin\u00e9e.<\/p>\n<p>Le Rideau Club propose un programme unique d&rsquo;adh\u00e9sion d&rsquo;entreprise qui offre une certaine flexibilit\u00e9 aux entreprises qui souhaitent contr\u00f4ler leur budget. . Ce type d&rsquo;adh\u00e9sion offre des ensembles pour deux, trois et quatre personnes, avec la possibilit\u00e9 d&rsquo;ajouter des membres suppl\u00e9mentaires lorsque les besoins de votre entreprise \u00e9voluent. Les options de paiement sont variables et l&rsquo;adh\u00e9sion peut \u00eatre transf\u00e9r\u00e9e \u00e0 un nouvel employ\u00e9 avec des frais administratifs modestes.<\/p>\n<h2>AVANTAGES DES MEMBRES<\/h2>\n<p><b>UN R\u00c9SEAUTAGE UNIQUE<\/b> -Imaginez-vous c\u00f4toyer les grands d\u00e9cideurs du gouvernement et du monde des affaires.<\/p>\n<p><b>DES EXP\u00c9RIENCES GASTRONOMIQUES ENRICHISSANTES<\/b> &#8211; Le Rideau Club offre une exp\u00e9rience gastronomique de premier ordre \u00e0 tous ses membres et leurs invit\u00e9s.<\/p>\n<p><b>DES INSTALLATIONS MAGNIFIQUES<\/b> &#8211; Notre \u00e9tablissement historique est parfait pour vos besoins professionnels et sociaux, que vous souhaitiez organiser de grands \u00e9v\u00e9nements ou une r\u00e9union intime.<\/p>\n<p><b>ACTIVIT\u00c9S EXCLUSIVES DU RIDEAU CLUB<\/b> &#8211; Que vous souhaitiez rencontrer des professionnels partageant les m\u00eames id\u00e9es \u00e0 notre 5 \u00e0 7, vous amuser \u00e0 Femme Nuit ou apprendre aupr\u00e8s des plus grands entrepreneurs lors d&rsquo;une s\u00e9rie de conf\u00e9rences, attendez-vous \u00e0 une exp\u00e9rience culinaire exceptionnelle. Pr\u00e9par\u00e9s \u00e0 votre go\u00fbt, dans un cadre \u00e9l\u00e9gant avec une vue spectaculaire sur la colline du Parlement.<\/p>\n<h2>ET PLUS ENCORE!<\/h2>\n<p>Ce n&rsquo;est que le d\u00e9but de notre engagement, d\u00e9couvrez tous les avantages de l&rsquo;adh\u00e9sion<\/p>\n<p><a class=\"btn btn-outline\" href=\"https:\/\/rideauclub.ca\/fr\/adhesion-dentreprise\/\">En savoir plus<\/a><\/p>\n","protected":false},"excerpt":{"rendered":"<p>Sophistiqu\u00e9, luxueux et ancr\u00e9 dans l\u2019histoire, le Rideau Club constitue le lieu de rencontre priv\u00e9 de choix pour les distingu\u00e9s dirigeants d\u2019aujourd\u2019hui et de demain de la r\u00e9gion. Le Rideau [&hellip;]<\/p>\n","protected":false},"author":4,"featured_media":8625,"parent":0,"menu_order":0,"comment_status":"closed","ping_status":"closed","template":"page-membership.php","meta":{"_acf_changed":false,"footnotes":""},"class_list":["post-7716","page","type-page","status-publish","has-post-thumbnail","hentry"],"acf":[],"yoast_head":"<!-- This site is optimized with the Yoast SEO plugin v27.3 - https:\/\/yoast.com\/product\/yoast-seo-wordpress\/ -->\n<title>Adh\u00e9sion d&#039;entreprise - Rideau Club Ottawa<\/title>\n<meta name=\"robots\" content=\"index, follow, max-snippet:-1, max-image-preview:large, max-video-preview:-1\" \/>\n<link rel=\"canonical\" href=\"https:\/\/rideauclub.ca\/fr\/adhesion-dentreprise\/\" \/>\n<meta property=\"og:locale\" content=\"fr_FR\" \/>\n<meta property=\"og:type\" content=\"article\" \/>\n<meta property=\"og:title\" content=\"Adh\u00e9sion d&#039;entreprise - Rideau Club Ottawa\" \/>\n<meta property=\"og:description\" content=\"Sophistiqu\u00e9, luxueux et ancr\u00e9 dans l\u2019histoire, le Rideau Club constitue le lieu de rencontre priv\u00e9 de choix pour les distingu\u00e9s dirigeants d\u2019aujourd\u2019hui et de demain de la r\u00e9gion. Le Rideau [&hellip;]\" \/>\n<meta property=\"og:url\" content=\"https:\/\/rideauclub.ca\/fr\/adhesion-dentreprise\/\" \/>\n<meta property=\"og:site_name\" content=\"Rideau Club Ottawa\" \/>\n<meta property=\"article:modified_time\" content=\"2023-01-24T23:06:03+00:00\" \/>\n<meta property=\"og:image\" content=\"https:\/\/rideauclub.ca\/wp-content\/uploads\/2023\/01\/r-top-member.jpg\" \/>\n\t<meta property=\"og:image:width\" content=\"1920\" \/>\n\t<meta property=\"og:image:height\" content=\"605\" \/>\n\t<meta property=\"og:image:type\" content=\"image\/jpeg\" \/>\n<meta name=\"twitter:card\" content=\"summary_large_image\" \/>\n<meta name=\"twitter:label1\" content=\"Dur\u00e9e de lecture estim\u00e9e\" \/>\n\t<meta name=\"twitter:data1\" content=\"2 minutes\" \/>\n<script type=\"application\/ld+json\" class=\"yoast-schema-graph\">{\"@context\":\"https:\\\/\\\/schema.org\",\"@graph\":[{\"@type\":\"WebPage\",\"@id\":\"https:\\\/\\\/rideauclub.ca\\\/fr\\\/adhesion-dentreprise\\\/\",\"url\":\"https:\\\/\\\/rideauclub.ca\\\/fr\\\/adhesion-dentreprise\\\/\",\"name\":\"Adh\u00e9sion d'entreprise - Rideau Club Ottawa\",\"isPartOf\":{\"@id\":\"https:\\\/\\\/rideauclub.ca\\\/fr\\\/#website\"},\"primaryImageOfPage\":{\"@id\":\"https:\\\/\\\/rideauclub.ca\\\/fr\\\/adhesion-dentreprise\\\/#primaryimage\"},\"image\":{\"@id\":\"https:\\\/\\\/rideauclub.ca\\\/fr\\\/adhesion-dentreprise\\\/#primaryimage\"},\"thumbnailUrl\":\"https:\\\/\\\/rideauclub.ca\\\/wp-content\\\/uploads\\\/2023\\\/01\\\/r-top-member.jpg\",\"datePublished\":\"2022-08-30T01:29:11+00:00\",\"dateModified\":\"2023-01-24T23:06:03+00:00\",\"breadcrumb\":{\"@id\":\"https:\\\/\\\/rideauclub.ca\\\/fr\\\/adhesion-dentreprise\\\/#breadcrumb\"},\"inLanguage\":\"fr-FR\",\"potentialAction\":[{\"@type\":\"ReadAction\",\"target\":[\"https:\\\/\\\/rideauclub.ca\\\/fr\\\/adhesion-dentreprise\\\/\"]}]},{\"@type\":\"ImageObject\",\"inLanguage\":\"fr-FR\",\"@id\":\"https:\\\/\\\/rideauclub.ca\\\/fr\\\/adhesion-dentreprise\\\/#primaryimage\",\"url\":\"https:\\\/\\\/rideauclub.ca\\\/wp-content\\\/uploads\\\/2023\\\/01\\\/r-top-member.jpg\",\"contentUrl\":\"https:\\\/\\\/rideauclub.ca\\\/wp-content\\\/uploads\\\/2023\\\/01\\\/r-top-member.jpg\",\"width\":1920,\"height\":605},{\"@type\":\"BreadcrumbList\",\"@id\":\"https:\\\/\\\/rideauclub.ca\\\/fr\\\/adhesion-dentreprise\\\/#breadcrumb\",\"itemListElement\":[{\"@type\":\"ListItem\",\"position\":1,\"name\":\"Home\",\"item\":\"https:\\\/\\\/rideauclub.ca\\\/fr\\\/\"},{\"@type\":\"ListItem\",\"position\":2,\"name\":\"Adh\u00e9sion d&#8217;entreprise\"}]},{\"@type\":\"WebSite\",\"@id\":\"https:\\\/\\\/rideauclub.ca\\\/fr\\\/#website\",\"url\":\"https:\\\/\\\/rideauclub.ca\\\/fr\\\/\",\"name\":\"Rideau Club Ottawa\",\"description\":\"\",\"potentialAction\":[{\"@type\":\"SearchAction\",\"target\":{\"@type\":\"EntryPoint\",\"urlTemplate\":\"https:\\\/\\\/rideauclub.ca\\\/fr\\\/?s={search_term_string}\"},\"query-input\":{\"@type\":\"PropertyValueSpecification\",\"valueRequired\":true,\"valueName\":\"search_term_string\"}}],\"inLanguage\":\"fr-FR\"}]}<\/script>\n<!-- \/ Yoast SEO plugin. -->","yoast_head_json":{"title":"Adh\u00e9sion d'entreprise - Rideau Club Ottawa","robots":{"index":"index","follow":"follow","max-snippet":"max-snippet:-1","max-image-preview":"max-image-preview:large","max-video-preview":"max-video-preview:-1"},"canonical":"https:\/\/rideauclub.ca\/fr\/adhesion-dentreprise\/","og_locale":"fr_FR","og_type":"article","og_title":"Adh\u00e9sion d'entreprise - Rideau Club Ottawa","og_description":"Sophistiqu\u00e9, luxueux et ancr\u00e9 dans l\u2019histoire, le Rideau Club constitue le lieu de rencontre priv\u00e9 de choix pour les distingu\u00e9s dirigeants d\u2019aujourd\u2019hui et de demain de la r\u00e9gion. Le Rideau [&hellip;]","og_url":"https:\/\/rideauclub.ca\/fr\/adhesion-dentreprise\/","og_site_name":"Rideau Club Ottawa","article_modified_time":"2023-01-24T23:06:03+00:00","og_image":[{"width":1920,"height":605,"url":"https:\/\/rideauclub.ca\/wp-content\/uploads\/2023\/01\/r-top-member.jpg","type":"image\/jpeg"}],"twitter_card":"summary_large_image","twitter_misc":{"Dur\u00e9e de lecture estim\u00e9e":"2 minutes"},"schema":{"@context":"https:\/\/schema.org","@graph":[{"@type":"WebPage","@id":"https:\/\/rideauclub.ca\/fr\/adhesion-dentreprise\/","url":"https:\/\/rideauclub.ca\/fr\/adhesion-dentreprise\/","name":"Adh\u00e9sion d'entreprise - Rideau Club Ottawa","isPartOf":{"@id":"https:\/\/rideauclub.ca\/fr\/#website"},"primaryImageOfPage":{"@id":"https:\/\/rideauclub.ca\/fr\/adhesion-dentreprise\/#primaryimage"},"image":{"@id":"https:\/\/rideauclub.ca\/fr\/adhesion-dentreprise\/#primaryimage"},"thumbnailUrl":"https:\/\/rideauclub.ca\/wp-content\/uploads\/2023\/01\/r-top-member.jpg","datePublished":"2022-08-30T01:29:11+00:00","dateModified":"2023-01-24T23:06:03+00:00","breadcrumb":{"@id":"https:\/\/rideauclub.ca\/fr\/adhesion-dentreprise\/#breadcrumb"},"inLanguage":"fr-FR","potentialAction":[{"@type":"ReadAction","target":["https:\/\/rideauclub.ca\/fr\/adhesion-dentreprise\/"]}]},{"@type":"ImageObject","inLanguage":"fr-FR","@id":"https:\/\/rideauclub.ca\/fr\/adhesion-dentreprise\/#primaryimage","url":"https:\/\/rideauclub.ca\/wp-content\/uploads\/2023\/01\/r-top-member.jpg","contentUrl":"https:\/\/rideauclub.ca\/wp-content\/uploads\/2023\/01\/r-top-member.jpg","width":1920,"height":605},{"@type":"BreadcrumbList","@id":"https:\/\/rideauclub.ca\/fr\/adhesion-dentreprise\/#breadcrumb","itemListElement":[{"@type":"ListItem","position":1,"name":"Home","item":"https:\/\/rideauclub.ca\/fr\/"},{"@type":"ListItem","position":2,"name":"Adh\u00e9sion d&#8217;entreprise"}]},{"@type":"WebSite","@id":"https:\/\/rideauclub.ca\/fr\/#website","url":"https:\/\/rideauclub.ca\/fr\/","name":"Rideau Club Ottawa","description":"","potentialAction":[{"@type":"SearchAction","target":{"@type":"EntryPoint","urlTemplate":"https:\/\/rideauclub.ca\/fr\/?s={search_term_string}"},"query-input":{"@type":"PropertyValueSpecification","valueRequired":true,"valueName":"search_term_string"}}],"inLanguage":"fr-FR"}]}},"_links":{"self":[{"href":"https:\/\/rideauclub.ca\/fr\/wp-json\/wp\/v2\/pages\/7716","targetHints":{"allow":["GET"]}}],"collection":[{"href":"https:\/\/rideauclub.ca\/fr\/wp-json\/wp\/v2\/pages"}],"about":[{"href":"https:\/\/rideauclub.ca\/fr\/wp-json\/wp\/v2\/types\/page"}],"author":[{"embeddable":true,"href":"https:\/\/rideauclub.ca\/fr\/wp-json\/wp\/v2\/users\/4"}],"replies":[{"embeddable":true,"href":"https:\/\/rideauclub.ca\/fr\/wp-json\/wp\/v2\/comments?post=7716"}],"version-history":[{"count":4,"href":"https:\/\/rideauclub.ca\/fr\/wp-json\/wp\/v2\/pages\/7716\/revisions"}],"predecessor-version":[{"id":8681,"href":"https:\/\/rideauclub.ca\/fr\/wp-json\/wp\/v2\/pages\/7716\/revisions\/8681"}],"wp:featuredmedia":[{"embeddable":true,"href":"https:\/\/rideauclub.ca\/fr\/wp-json\/wp\/v2\/media\/8625"}],"wp:attachment":[{"href":"https:\/\/rideauclub.ca\/fr\/wp-json\/wp\/v2\/media?parent=7716"}],"curies":[{"name":"wp","href":"https:\/\/api.w.org\/{rel}","templated":true}]}}