{"id":7236,"date":"2022-02-04T19:36:48","date_gmt":"2022-02-04T19:36:48","guid":{"rendered":"https:\/\/rideauclub.ca\/?page_id=7236"},"modified":"2023-02-15T15:29:25","modified_gmt":"2023-02-15T15:29:25","slug":"membership-process","status":"publish","type":"page","link":"https:\/\/rideauclub.ca\/fr\/adhesion\/membership-process\/","title":{"rendered":"PROCESSUS D\u2019ADH\u00c9SION"},"content":{"rendered":"<p><strong>Nous vous remercions de votre int\u00e9r\u00eat de devenir membre du Rideau Club.<\/strong><\/p>\n<p><strong>Veuillez noter que l&rsquo;adh\u00e9sion au Rideau Club se fait par nomination. Vous trouverez ci-dessous un bref guide du processus d&rsquo;adh\u00e9sion, conform\u00e9ment \u00e0 nos statuts et \u00e0 nos traditions.<\/strong><\/p>\n<p><img loading=\"lazy\" decoding=\"async\" class=\"aligncenter wp-image-7241 size-large\" src=\"https:\/\/rideauclub.ca\/wp-content\/uploads\/2022\/02\/Branded-Header-and-footer-for-site-1024x178.png\" alt=\"\" width=\"1024\" height=\"178\" srcset=\"https:\/\/rideauclub.ca\/wp-content\/uploads\/2022\/02\/Branded-Header-and-footer-for-site-1024x178.png 1024w, https:\/\/rideauclub.ca\/wp-content\/uploads\/2022\/02\/Branded-Header-and-footer-for-site-300x52.png 300w, https:\/\/rideauclub.ca\/wp-content\/uploads\/2022\/02\/Branded-Header-and-footer-for-site-768x133.png 768w, https:\/\/rideauclub.ca\/wp-content\/uploads\/2022\/02\/Branded-Header-and-footer-for-site.png 1038w\" sizes=\"auto, (max-width: 1024px) 100vw, 1024px\" \/><\/p>\n<h2>1\u00e8re \u00e9tape<\/h2>\n<p>Envoyez un courriel \u00e0 communications@rideauclub.ca qui vous contactera directement pour r\u00e9pondre \u00e0 toutes vos questions. Une visite guid\u00e9e compl\u00e9mentaire du club est disponible si vous le souhaitez.<\/p>\n<h2>2\u00e8me \u00e9tape<\/h2>\n<p>Apr\u00e8s une premi\u00e8re rencontre avec Ted Wagstaff (directeur du d\u00e9veloppement des adh\u00e9sions), les membres potentiels qualifi\u00e9s recevront un lien vers le formulaire de candidature appropri\u00e9. Le formulaire recueillera les informations pertinentes, d\u00e9taillera le processus d&rsquo;approbation et proposera une date limite de soumission en fonction de la prochaine r\u00e9union du conseil d&rsquo;administration.<\/p>\n<h2>3\u00e8me \u00e9tape<\/h2>\n<p>L&rsquo;adh\u00e9sion au Rideau Club se fait par nomination. Un candidat \u00e0 l&rsquo;adh\u00e9sion doit avoir un proposant et un appuyeur, qui doivent \u00eatre des membres actionnaires en r\u00e8gle avec le Rideau Club, pour appuyer sa demande.<\/p>\n<p>Les personnes nouvellement install\u00e9es dans la r\u00e9gion d&rsquo;Ottawa ou qui ne connaissent pas les deux membres requis peuvent contacter l&rsquo;adresse <a href=\"mailto:communications@rideauclub.ca\">communications@rideauclub.ca<\/a> ou Ted Wagstaff \u00e0 l&rsquo;addresse <a href=\"mailto:wagstafft@rideauclub.ca\">wagstafft@rideauclub.ca<\/a> pour obtenir de l&rsquo;aide.<\/p>\n<p>&#8211;<\/p>\n<p><strong>Veuillez noter :<\/strong> Il y a un droit de transfert sp\u00e9cial au lieu du droit d&rsquo;entr\u00e9e pour un nouveau membre (r\u00e9gulier) ou un membre (moins de 40 ans), qui a \u00e9t\u00e9 pr\u00e9sent\u00e9 comme un transfert d&rsquo;un club affili\u00e9 dans lequel le candidat est un membre en r\u00e8gle au moment de la nomination.<\/p>\n<p>&#8211;<\/p>\n<p>Apr\u00e8s r\u00e9ception d&rsquo;une demande d\u00fbment remplie, l&rsquo;\u00e9quipe charg\u00e9e des adh\u00e9sions l&rsquo;examinera et contactera les membres existants (proposant et secondant) soutenant la nomination.<\/p>\n<p>Les candidatures sont ensuite transmises \u00e0 la directrice g\u00e9n\u00e9rale et chef de la direction, et soumises pour approbation \u00e0 la prochaine r\u00e9union du comit\u00e9 ex\u00e9cutif.<\/p>\n<h2>4\u00e8me \u00e9tape<\/h2>\n<p>Apr\u00e8s examen et approbation par le Comit\u00e9 ex\u00e9cutif, la liste compl\u00e8te des candidats sera transmise \u00e0 tous les membres actionnaires actuels pour d\u00e9lib\u00e9ration pendant un minimum de 7 jours. Les candidatures seront ensuite examin\u00e9es par le conseil d&rsquo;administration.<\/p>\n<p>\u00c0 ce moment-l\u00e0, les membres potentiels seront inform\u00e9s du statut de leur candidature et pourront se voir accorder l&rsquo;utilisation du club avec une permission sp\u00e9ciale.<\/p>\n<h2>5\u00e8me \u00e9tape<\/h2>\n<p>Si aucune contestation par rapport \u00e0 l&rsquo;adh\u00e9sion n&rsquo;est re\u00e7ue, les membres potentiels sont consid\u00e9r\u00e9s comme actifs et peuvent b\u00e9n\u00e9ficier des privil\u00e8ges de l&rsquo;adh\u00e9sion. Un dossier de bienvenue, comprenant une invitation \u00e0 la prochaine r\u00e9union des nouveaux membres et des communications cl\u00e9s, sera envoy\u00e9 dans les 14 jours.<\/p>\n<p>Les nouveaux membres devront fournir et\/ou renvoyer les documents suivants dans les 30 jours suivant la r\u00e9ception du dossier de bienvenue au Rideau Club.<\/p>\n<ul>\n<li>Photo professionnelle (copie \u00e9lectronique)<\/li>\n<li>Br\u00e8ve biographie (500 mots ou moins)<\/li>\n<li>Un sp\u00e9cimen de signature (la carte est fournie)<\/li>\n<li>Une copie de l&rsquo;action ordinaire \u00e9mise, le cas \u00e9ch\u00e9ant<\/li>\n<li>Sondage sur les int\u00e9r\u00eats du membre d\u00fbment rempli<\/li>\n<\/ul>\n<p>Si vous avez des questions suppl\u00e9mentaires, n&rsquo;h\u00e9sitez pas \u00e0 contacter <a href=\"mailto:communications@rideauclub.ca\">communications@rideauclub.ca<\/a>.<\/p>\n<p><img loading=\"lazy\" decoding=\"async\" class=\"aligncenter size-large wp-image-7139\" src=\"https:\/\/rideauclub.ca\/wp-content\/uploads\/2022\/01\/2-2-1024x178.png\" alt=\"\" width=\"1024\" height=\"178\" \/><\/p>\n","protected":false},"excerpt":{"rendered":"<p>Nous vous remercions de votre int\u00e9r\u00eat de devenir membre du Rideau Club. Veuillez noter que l&rsquo;adh\u00e9sion au Rideau Club se fait par nomination. Vous trouverez ci-dessous un bref guide du [&hellip;]<\/p>\n","protected":false},"author":4,"featured_media":0,"parent":3073,"menu_order":15,"comment_status":"closed","ping_status":"closed","template":"","meta":{"_acf_changed":false,"footnotes":""},"class_list":["post-7236","page","type-page","status-publish","hentry"],"acf":[],"yoast_head":"<!-- This site is optimized with the Yoast SEO plugin v27.3 - https:\/\/yoast.com\/product\/yoast-seo-wordpress\/ -->\n<title>PROCESSUS D\u2019ADH\u00c9SION - Rideau Club Ottawa<\/title>\n<meta name=\"robots\" content=\"index, follow, max-snippet:-1, max-image-preview:large, max-video-preview:-1\" \/>\n<link rel=\"canonical\" href=\"https:\/\/rideauclub.ca\/fr\/adhesion\/membership-process\/\" \/>\n<meta property=\"og:locale\" content=\"fr_FR\" \/>\n<meta property=\"og:type\" content=\"article\" \/>\n<meta property=\"og:title\" content=\"PROCESSUS D\u2019ADH\u00c9SION - Rideau Club Ottawa\" \/>\n<meta property=\"og:description\" content=\"Nous vous remercions de votre int\u00e9r\u00eat de devenir membre du Rideau Club. Veuillez noter que l&rsquo;adh\u00e9sion au Rideau Club se fait par nomination. Vous trouverez ci-dessous un bref guide du [&hellip;]\" \/>\n<meta property=\"og:url\" content=\"https:\/\/rideauclub.ca\/fr\/adhesion\/membership-process\/\" \/>\n<meta property=\"og:site_name\" content=\"Rideau Club Ottawa\" \/>\n<meta property=\"article:modified_time\" content=\"2023-02-15T15:29:25+00:00\" \/>\n<meta property=\"og:image\" content=\"https:\/\/rideauclub.ca\/wp-content\/uploads\/2022\/02\/Branded-Header-and-footer-for-site-1024x178.png\" \/>\n<meta name=\"twitter:card\" content=\"summary_large_image\" \/>\n<meta name=\"twitter:label1\" content=\"Dur\u00e9e de lecture estim\u00e9e\" \/>\n\t<meta name=\"twitter:data1\" content=\"3 minutes\" \/>\n<script type=\"application\/ld+json\" class=\"yoast-schema-graph\">{\"@context\":\"https:\\\/\\\/schema.org\",\"@graph\":[{\"@type\":\"WebPage\",\"@id\":\"https:\\\/\\\/rideauclub.ca\\\/fr\\\/adhesion\\\/membership-process\\\/\",\"url\":\"https:\\\/\\\/rideauclub.ca\\\/fr\\\/adhesion\\\/membership-process\\\/\",\"name\":\"PROCESSUS D\u2019ADH\u00c9SION - Rideau Club Ottawa\",\"isPartOf\":{\"@id\":\"https:\\\/\\\/rideauclub.ca\\\/fr\\\/#website\"},\"primaryImageOfPage\":{\"@id\":\"https:\\\/\\\/rideauclub.ca\\\/fr\\\/adhesion\\\/membership-process\\\/#primaryimage\"},\"image\":{\"@id\":\"https:\\\/\\\/rideauclub.ca\\\/fr\\\/adhesion\\\/membership-process\\\/#primaryimage\"},\"thumbnailUrl\":\"https:\\\/\\\/rideauclub.ca\\\/wp-content\\\/uploads\\\/2022\\\/02\\\/Branded-Header-and-footer-for-site-1024x178.png\",\"datePublished\":\"2022-02-04T19:36:48+00:00\",\"dateModified\":\"2023-02-15T15:29:25+00:00\",\"breadcrumb\":{\"@id\":\"https:\\\/\\\/rideauclub.ca\\\/fr\\\/adhesion\\\/membership-process\\\/#breadcrumb\"},\"inLanguage\":\"fr-FR\",\"potentialAction\":[{\"@type\":\"ReadAction\",\"target\":[\"https:\\\/\\\/rideauclub.ca\\\/fr\\\/adhesion\\\/membership-process\\\/\"]}]},{\"@type\":\"ImageObject\",\"inLanguage\":\"fr-FR\",\"@id\":\"https:\\\/\\\/rideauclub.ca\\\/fr\\\/adhesion\\\/membership-process\\\/#primaryimage\",\"url\":\"https:\\\/\\\/rideauclub.ca\\\/wp-content\\\/uploads\\\/2022\\\/02\\\/Branded-Header-and-footer-for-site-1024x178.png\",\"contentUrl\":\"https:\\\/\\\/rideauclub.ca\\\/wp-content\\\/uploads\\\/2022\\\/02\\\/Branded-Header-and-footer-for-site-1024x178.png\"},{\"@type\":\"BreadcrumbList\",\"@id\":\"https:\\\/\\\/rideauclub.ca\\\/fr\\\/adhesion\\\/membership-process\\\/#breadcrumb\",\"itemListElement\":[{\"@type\":\"ListItem\",\"position\":1,\"name\":\"Home\",\"item\":\"https:\\\/\\\/rideauclub.ca\\\/fr\\\/\"},{\"@type\":\"ListItem\",\"position\":2,\"name\":\"Adh\u00e9sion\",\"item\":\"https:\\\/\\\/rideauclub.ca\\\/fr\\\/adhesion\\\/\"},{\"@type\":\"ListItem\",\"position\":3,\"name\":\"PROCESSUS D\u2019ADH\u00c9SION\"}]},{\"@type\":\"WebSite\",\"@id\":\"https:\\\/\\\/rideauclub.ca\\\/fr\\\/#website\",\"url\":\"https:\\\/\\\/rideauclub.ca\\\/fr\\\/\",\"name\":\"Rideau Club Ottawa\",\"description\":\"\",\"potentialAction\":[{\"@type\":\"SearchAction\",\"target\":{\"@type\":\"EntryPoint\",\"urlTemplate\":\"https:\\\/\\\/rideauclub.ca\\\/fr\\\/?s={search_term_string}\"},\"query-input\":{\"@type\":\"PropertyValueSpecification\",\"valueRequired\":true,\"valueName\":\"search_term_string\"}}],\"inLanguage\":\"fr-FR\"}]}<\/script>\n<!-- \/ Yoast SEO plugin. -->","yoast_head_json":{"title":"PROCESSUS D\u2019ADH\u00c9SION - Rideau Club Ottawa","robots":{"index":"index","follow":"follow","max-snippet":"max-snippet:-1","max-image-preview":"max-image-preview:large","max-video-preview":"max-video-preview:-1"},"canonical":"https:\/\/rideauclub.ca\/fr\/adhesion\/membership-process\/","og_locale":"fr_FR","og_type":"article","og_title":"PROCESSUS D\u2019ADH\u00c9SION - Rideau Club Ottawa","og_description":"Nous vous remercions de votre int\u00e9r\u00eat de devenir membre du Rideau Club. Veuillez noter que l&rsquo;adh\u00e9sion au Rideau Club se fait par nomination. Vous trouverez ci-dessous un bref guide du [&hellip;]","og_url":"https:\/\/rideauclub.ca\/fr\/adhesion\/membership-process\/","og_site_name":"Rideau Club Ottawa","article_modified_time":"2023-02-15T15:29:25+00:00","og_image":[{"url":"https:\/\/rideauclub.ca\/wp-content\/uploads\/2022\/02\/Branded-Header-and-footer-for-site-1024x178.png","type":"","width":"","height":""}],"twitter_card":"summary_large_image","twitter_misc":{"Dur\u00e9e de lecture estim\u00e9e":"3 minutes"},"schema":{"@context":"https:\/\/schema.org","@graph":[{"@type":"WebPage","@id":"https:\/\/rideauclub.ca\/fr\/adhesion\/membership-process\/","url":"https:\/\/rideauclub.ca\/fr\/adhesion\/membership-process\/","name":"PROCESSUS D\u2019ADH\u00c9SION - Rideau Club Ottawa","isPartOf":{"@id":"https:\/\/rideauclub.ca\/fr\/#website"},"primaryImageOfPage":{"@id":"https:\/\/rideauclub.ca\/fr\/adhesion\/membership-process\/#primaryimage"},"image":{"@id":"https:\/\/rideauclub.ca\/fr\/adhesion\/membership-process\/#primaryimage"},"thumbnailUrl":"https:\/\/rideauclub.ca\/wp-content\/uploads\/2022\/02\/Branded-Header-and-footer-for-site-1024x178.png","datePublished":"2022-02-04T19:36:48+00:00","dateModified":"2023-02-15T15:29:25+00:00","breadcrumb":{"@id":"https:\/\/rideauclub.ca\/fr\/adhesion\/membership-process\/#breadcrumb"},"inLanguage":"fr-FR","potentialAction":[{"@type":"ReadAction","target":["https:\/\/rideauclub.ca\/fr\/adhesion\/membership-process\/"]}]},{"@type":"ImageObject","inLanguage":"fr-FR","@id":"https:\/\/rideauclub.ca\/fr\/adhesion\/membership-process\/#primaryimage","url":"https:\/\/rideauclub.ca\/wp-content\/uploads\/2022\/02\/Branded-Header-and-footer-for-site-1024x178.png","contentUrl":"https:\/\/rideauclub.ca\/wp-content\/uploads\/2022\/02\/Branded-Header-and-footer-for-site-1024x178.png"},{"@type":"BreadcrumbList","@id":"https:\/\/rideauclub.ca\/fr\/adhesion\/membership-process\/#breadcrumb","itemListElement":[{"@type":"ListItem","position":1,"name":"Home","item":"https:\/\/rideauclub.ca\/fr\/"},{"@type":"ListItem","position":2,"name":"Adh\u00e9sion","item":"https:\/\/rideauclub.ca\/fr\/adhesion\/"},{"@type":"ListItem","position":3,"name":"PROCESSUS D\u2019ADH\u00c9SION"}]},{"@type":"WebSite","@id":"https:\/\/rideauclub.ca\/fr\/#website","url":"https:\/\/rideauclub.ca\/fr\/","name":"Rideau Club Ottawa","description":"","potentialAction":[{"@type":"SearchAction","target":{"@type":"EntryPoint","urlTemplate":"https:\/\/rideauclub.ca\/fr\/?s={search_term_string}"},"query-input":{"@type":"PropertyValueSpecification","valueRequired":true,"valueName":"search_term_string"}}],"inLanguage":"fr-FR"}]}},"_links":{"self":[{"href":"https:\/\/rideauclub.ca\/fr\/wp-json\/wp\/v2\/pages\/7236","targetHints":{"allow":["GET"]}}],"collection":[{"href":"https:\/\/rideauclub.ca\/fr\/wp-json\/wp\/v2\/pages"}],"about":[{"href":"https:\/\/rideauclub.ca\/fr\/wp-json\/wp\/v2\/types\/page"}],"author":[{"embeddable":true,"href":"https:\/\/rideauclub.ca\/fr\/wp-json\/wp\/v2\/users\/4"}],"replies":[{"embeddable":true,"href":"https:\/\/rideauclub.ca\/fr\/wp-json\/wp\/v2\/comments?post=7236"}],"version-history":[{"count":5,"href":"https:\/\/rideauclub.ca\/fr\/wp-json\/wp\/v2\/pages\/7236\/revisions"}],"predecessor-version":[{"id":8812,"href":"https:\/\/rideauclub.ca\/fr\/wp-json\/wp\/v2\/pages\/7236\/revisions\/8812"}],"up":[{"embeddable":true,"href":"https:\/\/rideauclub.ca\/fr\/wp-json\/wp\/v2\/pages\/3073"}],"wp:attachment":[{"href":"https:\/\/rideauclub.ca\/fr\/wp-json\/wp\/v2\/media?parent=7236"}],"curies":[{"name":"wp","href":"https:\/\/api.w.org\/{rel}","templated":true}]}}