{"id":5670,"date":"2020-11-27T15:38:33","date_gmt":"2020-11-27T15:38:33","guid":{"rendered":"https:\/\/www.rideauclub.ca\/?page_id=5670"},"modified":"2024-06-25T17:12:49","modified_gmt":"2024-06-25T17:12:49","slug":"heures","status":"publish","type":"page","link":"https:\/\/rideauclub.ca\/fr\/le-club\/heures\/","title":{"rendered":"HEURES D&rsquo;OUVERTURE"},"content":{"rendered":"<p><strong>HEURES ESTIVALES DE RESTAURATION<\/strong><\/p>\n<div>\n<p><strong>1 juillet au 19 juillet 19 aout au 15 septembre<\/strong><\/p>\n<p>Lundi et vendredi &#8211; 7h30 a 15h00<br \/>\nMardi, mercredi et jeudi &#8211; 7h30 a 21h00<\/p>\n<p><strong>FERMETURE ESTIVALE<\/strong><\/p>\n<p>Vendredi 19 juillet \u00e0 15h, et rouvrira pour le petit-d\u00e9jeuner le lundi 19 ao\u00fbt.<\/p>\n<p>Les membres sont encourag\u00e9s \u00e0 profiter des privil\u00e8ges de restauration r\u00e9ciproques avec le Royal Ottawa Golf Club et l&rsquo;Ottawa Hunt &amp; Golf Club pendant la fermeture.<br \/>\nR\u00e9servations obligatoires.<\/p>\n<\/div>\n<hr \/>\n<p><strong>HEURES DU RIDEAU CLUB<\/p>\n<p>Lundi, mardi et mercredi<\/strong><br \/>\n<em>Pas de <strong>petit d\u00e9jeuner<\/strong> disponible<\/em><br \/>\n<strong><em>D\u00e9jeuner<\/em> <\/strong>: 11h30 \u00e0 14h30<br \/>\n<em><strong>D\u00eener<\/strong> <\/em>: 17 h \u00e0 21 h<\/p>\n<p><strong>Jeudi et vendredi<br \/>\n<em>Petit d\u00e9jeuner<\/em><\/strong> : 7h30 \u00e0 9 h<br \/>\n<em><strong>D\u00e9jeuner<\/strong> <\/em>: 11h30 \u00e0 14h30<br \/>\n<em><strong>D\u00eener<\/strong><\/em> : 17 h \u00e0 21 h<\/p>\n<p><strong>Samedi et dimanche<br \/>\n<\/strong>Ouvert uniquement pour des \u00e9v\u00e9nements priv\u00e9s. Veuillez contacter <a href=\"mailto:events@rideauclub.ca\">events@rideauclub.ca<\/a> pour vous enqu\u00e9rir de la r\u00e9servation de votre \u00e9v\u00e9nement.<\/p>\n<hr \/>\n<p>&nbsp;<\/p>\n<p>Pour faire ou modifier une r\u00e9servation, veuillez envoyer un courriel \u00e0 <a href=\"mailto:reservations@rideauclub.ca\">reservations@rideauclub.ca\u00a0<\/a>ou\u00a0<a href=\"https:\/\/rideauclub.clubhouseonline-e3.net\/Dining\/Formulaire_de_reservation\">cliquez ici.<\/a><\/p>\n","protected":false},"excerpt":{"rendered":"<p>HEURES ESTIVALES DE RESTAURATION 1 juillet au 19 juillet 19 aout au 15 septembre Lundi et vendredi &#8211; 7h30 a 15h00 Mardi, mercredi et jeudi &#8211; 7h30 a 21h00 FERMETURE [&hellip;]<\/p>\n","protected":false},"author":4,"featured_media":0,"parent":3095,"menu_order":41,"comment_status":"closed","ping_status":"closed","template":"","meta":{"_acf_changed":false,"footnotes":""},"class_list":["post-5670","page","type-page","status-publish","hentry"],"acf":[],"yoast_head":"<!-- This site is optimized with the Yoast SEO plugin v27.3 - https:\/\/yoast.com\/product\/yoast-seo-wordpress\/ -->\n<title>HEURES D&#039;OUVERTURE - Rideau Club Ottawa<\/title>\n<meta name=\"robots\" content=\"index, follow, max-snippet:-1, max-image-preview:large, max-video-preview:-1\" \/>\n<link rel=\"canonical\" href=\"https:\/\/rideauclub.ca\/fr\/le-club\/heures\/\" \/>\n<meta property=\"og:locale\" content=\"fr_FR\" \/>\n<meta property=\"og:type\" content=\"article\" \/>\n<meta property=\"og:title\" content=\"HEURES D&#039;OUVERTURE - Rideau Club Ottawa\" \/>\n<meta property=\"og:description\" content=\"HEURES ESTIVALES DE RESTAURATION 1 juillet au 19 juillet 19 aout au 15 septembre Lundi et vendredi &#8211; 7h30 a 15h00 Mardi, mercredi et jeudi &#8211; 7h30 a 21h00 FERMETURE [&hellip;]\" \/>\n<meta property=\"og:url\" content=\"https:\/\/rideauclub.ca\/fr\/le-club\/heures\/\" \/>\n<meta property=\"og:site_name\" content=\"Rideau Club Ottawa\" \/>\n<meta property=\"article:modified_time\" content=\"2024-06-25T17:12:49+00:00\" \/>\n<meta name=\"twitter:card\" content=\"summary_large_image\" \/>\n<meta name=\"twitter:label1\" content=\"Dur\u00e9e de lecture estim\u00e9e\" \/>\n\t<meta name=\"twitter:data1\" content=\"1 minute\" \/>\n<script type=\"application\/ld+json\" class=\"yoast-schema-graph\">{\"@context\":\"https:\\\/\\\/schema.org\",\"@graph\":[{\"@type\":\"WebPage\",\"@id\":\"https:\\\/\\\/rideauclub.ca\\\/fr\\\/le-club\\\/heures\\\/\",\"url\":\"https:\\\/\\\/rideauclub.ca\\\/fr\\\/le-club\\\/heures\\\/\",\"name\":\"HEURES D'OUVERTURE - Rideau Club Ottawa\",\"isPartOf\":{\"@id\":\"https:\\\/\\\/rideauclub.ca\\\/fr\\\/#website\"},\"datePublished\":\"2020-11-27T15:38:33+00:00\",\"dateModified\":\"2024-06-25T17:12:49+00:00\",\"breadcrumb\":{\"@id\":\"https:\\\/\\\/rideauclub.ca\\\/fr\\\/le-club\\\/heures\\\/#breadcrumb\"},\"inLanguage\":\"fr-FR\",\"potentialAction\":[{\"@type\":\"ReadAction\",\"target\":[\"https:\\\/\\\/rideauclub.ca\\\/fr\\\/le-club\\\/heures\\\/\"]}]},{\"@type\":\"BreadcrumbList\",\"@id\":\"https:\\\/\\\/rideauclub.ca\\\/fr\\\/le-club\\\/heures\\\/#breadcrumb\",\"itemListElement\":[{\"@type\":\"ListItem\",\"position\":1,\"name\":\"Home\",\"item\":\"https:\\\/\\\/rideauclub.ca\\\/fr\\\/\"},{\"@type\":\"ListItem\",\"position\":2,\"name\":\"Le Club\",\"item\":\"https:\\\/\\\/rideauclub.ca\\\/fr\\\/le-club\\\/\"},{\"@type\":\"ListItem\",\"position\":3,\"name\":\"HEURES D&#8217;OUVERTURE\"}]},{\"@type\":\"WebSite\",\"@id\":\"https:\\\/\\\/rideauclub.ca\\\/fr\\\/#website\",\"url\":\"https:\\\/\\\/rideauclub.ca\\\/fr\\\/\",\"name\":\"Rideau Club Ottawa\",\"description\":\"\",\"potentialAction\":[{\"@type\":\"SearchAction\",\"target\":{\"@type\":\"EntryPoint\",\"urlTemplate\":\"https:\\\/\\\/rideauclub.ca\\\/fr\\\/?s={search_term_string}\"},\"query-input\":{\"@type\":\"PropertyValueSpecification\",\"valueRequired\":true,\"valueName\":\"search_term_string\"}}],\"inLanguage\":\"fr-FR\"}]}<\/script>\n<!-- \/ Yoast SEO plugin. -->","yoast_head_json":{"title":"HEURES D'OUVERTURE - Rideau Club Ottawa","robots":{"index":"index","follow":"follow","max-snippet":"max-snippet:-1","max-image-preview":"max-image-preview:large","max-video-preview":"max-video-preview:-1"},"canonical":"https:\/\/rideauclub.ca\/fr\/le-club\/heures\/","og_locale":"fr_FR","og_type":"article","og_title":"HEURES D'OUVERTURE - Rideau Club Ottawa","og_description":"HEURES ESTIVALES DE RESTAURATION 1 juillet au 19 juillet 19 aout au 15 septembre Lundi et vendredi &#8211; 7h30 a 15h00 Mardi, mercredi et jeudi &#8211; 7h30 a 21h00 FERMETURE [&hellip;]","og_url":"https:\/\/rideauclub.ca\/fr\/le-club\/heures\/","og_site_name":"Rideau Club Ottawa","article_modified_time":"2024-06-25T17:12:49+00:00","twitter_card":"summary_large_image","twitter_misc":{"Dur\u00e9e de lecture estim\u00e9e":"1 minute"},"schema":{"@context":"https:\/\/schema.org","@graph":[{"@type":"WebPage","@id":"https:\/\/rideauclub.ca\/fr\/le-club\/heures\/","url":"https:\/\/rideauclub.ca\/fr\/le-club\/heures\/","name":"HEURES D'OUVERTURE - Rideau Club Ottawa","isPartOf":{"@id":"https:\/\/rideauclub.ca\/fr\/#website"},"datePublished":"2020-11-27T15:38:33+00:00","dateModified":"2024-06-25T17:12:49+00:00","breadcrumb":{"@id":"https:\/\/rideauclub.ca\/fr\/le-club\/heures\/#breadcrumb"},"inLanguage":"fr-FR","potentialAction":[{"@type":"ReadAction","target":["https:\/\/rideauclub.ca\/fr\/le-club\/heures\/"]}]},{"@type":"BreadcrumbList","@id":"https:\/\/rideauclub.ca\/fr\/le-club\/heures\/#breadcrumb","itemListElement":[{"@type":"ListItem","position":1,"name":"Home","item":"https:\/\/rideauclub.ca\/fr\/"},{"@type":"ListItem","position":2,"name":"Le Club","item":"https:\/\/rideauclub.ca\/fr\/le-club\/"},{"@type":"ListItem","position":3,"name":"HEURES D&#8217;OUVERTURE"}]},{"@type":"WebSite","@id":"https:\/\/rideauclub.ca\/fr\/#website","url":"https:\/\/rideauclub.ca\/fr\/","name":"Rideau Club Ottawa","description":"","potentialAction":[{"@type":"SearchAction","target":{"@type":"EntryPoint","urlTemplate":"https:\/\/rideauclub.ca\/fr\/?s={search_term_string}"},"query-input":{"@type":"PropertyValueSpecification","valueRequired":true,"valueName":"search_term_string"}}],"inLanguage":"fr-FR"}]}},"_links":{"self":[{"href":"https:\/\/rideauclub.ca\/fr\/wp-json\/wp\/v2\/pages\/5670","targetHints":{"allow":["GET"]}}],"collection":[{"href":"https:\/\/rideauclub.ca\/fr\/wp-json\/wp\/v2\/pages"}],"about":[{"href":"https:\/\/rideauclub.ca\/fr\/wp-json\/wp\/v2\/types\/page"}],"author":[{"embeddable":true,"href":"https:\/\/rideauclub.ca\/fr\/wp-json\/wp\/v2\/users\/4"}],"replies":[{"embeddable":true,"href":"https:\/\/rideauclub.ca\/fr\/wp-json\/wp\/v2\/comments?post=5670"}],"version-history":[{"count":5,"href":"https:\/\/rideauclub.ca\/fr\/wp-json\/wp\/v2\/pages\/5670\/revisions"}],"predecessor-version":[{"id":10455,"href":"https:\/\/rideauclub.ca\/fr\/wp-json\/wp\/v2\/pages\/5670\/revisions\/10455"}],"up":[{"embeddable":true,"href":"https:\/\/rideauclub.ca\/fr\/wp-json\/wp\/v2\/pages\/3095"}],"wp:attachment":[{"href":"https:\/\/rideauclub.ca\/fr\/wp-json\/wp\/v2\/media?parent=5670"}],"curies":[{"name":"wp","href":"https:\/\/api.w.org\/{rel}","templated":true}]}}