{"id":5501,"date":"2020-10-05T18:18:07","date_gmt":"2020-10-05T18:18:07","guid":{"rendered":"https:\/\/www.rideauclub.ca\/?page_id=5501"},"modified":"2021-03-04T18:19:02","modified_gmt":"2021-03-04T18:19:02","slug":"covid-19-exoneration-2021","status":"publish","type":"page","link":"https:\/\/rideauclub.ca\/fr\/covid-19-exoneration-2021\/","title":{"rendered":"Formulaire d&rsquo;exon\u00e9ration COVID-19 (2021)"},"content":{"rendered":"<h4><strong><a href=\"https:\/\/www.rideauclub.ca\/wp-content\/uploads\/2020\/10\/RC-COVID-19-Waiver-2020-FR.pdf\">Cliquez ici<\/a>\u00a0pour lire les protocoles mises en place pour la COVID-19<\/strong><\/h4>\n<p><strong><a href=\"https:\/\/www.rideauclub.ca\/wp-content\/uploads\/2021\/03\/RC-COVID-19-Waiver-2021.pdf\">Cliquez ici<\/a>\u00a0pour t\u00e9l\u00e9charger notre formulaire d&rsquo;exon\u00e9ration de responsabilit\u00e9 en lien au COVID-19 pour l&rsquo;an 2021.<\/strong><\/p>\n<h4>Objectif<\/h4>\n<p>L\u2019Organisation mondiale de la Sant\u00e9 a qualifi\u00e9 le nouveau coronavirus (COVID-19) de pand\u00e9mie mondiale. Les personnes asymptomatiques peuvent transmettre la COVID-19 par le biais de gouttelettes respiratoires. Dans le respect des meilleures pratiques en mati\u00e8re de sant\u00e9 et de s\u00e9curit\u00e9 et pour assurer la s\u00e9curit\u00e9 sanitaire de nos membres et de nos associ\u00e9s, les membres devront effectuer un bilan de sant\u00e9 \u00e0 chaque visite au Club. Les membres devront de plus signer une d\u00e9claration \/ exon\u00e9ration de responsabilit\u00e9. Les membres pourraient devoir signer ce document plus d\u2019une fois, car la teneur de ce document pourrait changer en fonction des directives \u00e9manant des autorit\u00e9s locales et f\u00e9d\u00e9rales.<\/p>\n<h4>Politique<\/h4>\n\n<div class=\"wpcf7 no-js\" id=\"wpcf7-f5503-o1\" lang=\"en-US\" dir=\"ltr\" data-wpcf7-id=\"5503\">\n<div class=\"screen-reader-response\"><p role=\"status\" aria-live=\"polite\" aria-atomic=\"true\"><\/p> <ul><\/ul><\/div>\n<form action=\"\/fr\/wp-json\/wp\/v2\/pages\/5501#wpcf7-f5503-o1\" method=\"post\" class=\"wpcf7-form init\" aria-label=\"Contact form\" novalidate=\"novalidate\" data-status=\"init\">\n<fieldset class=\"hidden-fields-container\"><input type=\"hidden\" name=\"_wpcf7\" value=\"5503\" \/><input type=\"hidden\" name=\"_wpcf7_version\" value=\"6.1.5\" \/><input type=\"hidden\" name=\"_wpcf7_locale\" value=\"en_US\" \/><input type=\"hidden\" name=\"_wpcf7_unit_tag\" value=\"wpcf7-f5503-o1\" \/><input type=\"hidden\" name=\"_wpcf7_container_post\" value=\"0\" \/><input type=\"hidden\" name=\"_wpcf7_posted_data_hash\" value=\"\" \/><input type=\"hidden\" name=\"redirect_nonce\" value=\"d44a51ac9f\" \/><input type=\"hidden\" name=\"wpcf7cfpdf_hidden_name\" value=\"document-pdf\" \/><input type=\"hidden\" name=\"wpcf7cfpdf_hidden_reference\" value=\"367b43cf\" \/><input type=\"hidden\" name=\"wpcf7cfpdf_hidden_date\" value=\"04102026\" \/>\n<\/fieldset>\n<style>\n.inner-entry-title { display: none; }\n.fieldWrap--inline { display: inline-block !important; }\n.inline-input { width: 200px; }\n.fieldWrap--date { width: 200px; }\n.fieldWrap--shareholder { width: 250px; }\n<\/style>\n<p><br \/>\n<strong>RENSEIGNEMENTS PERSONNELS<\/strong>\n<\/p>\n<div class=\"col-lg-12 col-md-12 col-xs-12\">\n\t<p><label for=\"memberName\">Nom du membre \/ de l\u2019invit\u00e9<span class=\"small\"><\/span><\/label><span class=\"wpcf7-form-control-wrap\" data-name=\"member-name1\"><input size=\"40\" maxlength=\"400\" class=\"wpcf7-form-control wpcf7-text wpcf7-validates-as-required\" id=\"memberName\" aria-required=\"true\" aria-invalid=\"false\" value=\"\" type=\"text\" name=\"member-name1\" \/><\/span>\n\t<\/p>\n<\/div>\n<div class=\"col-lg-12 col-md-12 col-xs-12\">\n\t<p><label for=\"phoneNumber\"> Num\u00e9ro de t\u00e9l\u00e9phone de l\u2019entreprise <span class=\"small\"><\/span><\/label><span class=\"wpcf7-form-control-wrap\" data-name=\"phone-Number\"><input size=\"40\" maxlength=\"400\" class=\"wpcf7-form-control wpcf7-text wpcf7-validates-as-required\" id=\"phoneNumber\" aria-required=\"true\" aria-invalid=\"false\" value=\"\" type=\"text\" name=\"phone-Number\" \/><\/span>\n\t<\/p>\n<\/div>\n<div class=\"col-lg-12 col-md-12 col-xs-12\">\n\t<p><label for=\"nameClub\">Entreprise \/ Nom du Club <span class=\"small\"><\/span><\/label><span class=\"wpcf7-form-control-wrap\" data-name=\"name-club1\"><input size=\"40\" maxlength=\"400\" class=\"wpcf7-form-control wpcf7-text wpcf7-validates-as-required\" id=\"nameClub\" aria-required=\"true\" aria-invalid=\"false\" value=\"\" type=\"text\" name=\"name-club1\" \/><\/span>\n\t<\/p>\n<\/div>\n<div class=\"col-lg-6 col-md-12 col-xs-12\">\n\t<p><label for=\"date\">Date<span class=\"small\"> (AAAA-MM-JJ)<\/span><\/label><span class=\"wpcf7-form-control-wrap\" data-name=\"date\"><input class=\"wpcf7-form-control wpcf7-date wpcf7-validates-as-required wpcf7-validates-as-date\" id=\"date\" aria-required=\"true\" aria-invalid=\"false\" value=\"\" type=\"date\" name=\"date\" \/><\/span>\n\t<\/p>\n<\/div>\n<div class=\"col-lg-12 col-md-12 col-xs-12\">\n\t<p><label for=\"diningArea\"> Aires de restauration \/ Secteur <span class=\"small\"><\/span><\/label><span class=\"wpcf7-form-control-wrap\" data-name=\"dining-Area\"><input size=\"40\" maxlength=\"400\" class=\"wpcf7-form-control wpcf7-text wpcf7-validates-as-required\" id=\"diningArea\" aria-required=\"true\" aria-invalid=\"false\" value=\"\" type=\"text\" name=\"dining-Area\" \/><\/span>\n\t<\/p>\n<\/div>\n<div class=\"col-lg-12 col-md-12 col-xs-12\">\n\t<p><label for=\"memberNumber\"> Num\u00e9ro de membre <span class=\"small\"><\/span><\/label><span class=\"wpcf7-form-control-wrap\" data-name=\"member-Number\"><input size=\"40\" maxlength=\"400\" class=\"wpcf7-form-control wpcf7-text wpcf7-validates-as-required\" id=\"memberNumber\" aria-required=\"true\" aria-invalid=\"false\" value=\"\" type=\"text\" name=\"member-Number\" \/><\/span>\n\t<\/p>\n<\/div>\n<ol>\n\n<span class=\"wpcf7-form-control-wrap\" data-name=\"accept-rules\"><span class=\"wpcf7-form-control wpcf7-acceptance\"><span class=\"wpcf7-list-item\"><label><input type=\"checkbox\" name=\"accept-rules\" value=\"1\" aria-invalid=\"false\" \/><span class=\"wpcf7-list-item-label\">Je ne pr\u00e9sente aucun des sympt\u00f4mes suivants associ\u00e9s \u00e0 la COVID-19 (Maux de gorge\/Essoufflement \/Difficult\u00e9 \u00e0 respirer\/Fi\u00e8vre\/Frissons\/Maux de t\u00eate\/\u00c9ternuements\/Naus\u00e9es\/Toux\/Courbatures\/Douleurs musculaires\/Perte de l\u2019odorat ou du go\u00fbt)<\/a><\/span><\/label><\/span><\/span><\/span>\n\n<span class=\"wpcf7-form-control-wrap\" data-name=\"accept-rules2\"><span class=\"wpcf7-form-control wpcf7-acceptance\"><span class=\"wpcf7-list-item\"><label><input type=\"checkbox\" name=\"accept-rules2\" value=\"1\" aria-invalid=\"false\" \/><span class=\"wpcf7-list-item-label\">Je n\u2019ai pas voyag\u00e9 \u00e0 l\u2019ext\u00e9rieur de la province ou du pays sans effectuer une quarantaine obligatoire de 14 jours d\u00e8s mon retour.<\/a><\/span><\/label><\/span><\/span><\/span>\n\n<span class=\"wpcf7-form-control-wrap\" data-name=\"accept-rules3\"><span class=\"wpcf7-form-control wpcf7-acceptance\"><span class=\"wpcf7-list-item\"><label><input type=\"checkbox\" name=\"accept-rules3\" value=\"1\" aria-invalid=\"false\" \/><span class=\"wpcf7-list-item-label\">Je n'ai pas \u00e9t\u00e9 test\u00e9 positif pour la COVID-19 ou \u00e9t\u00e9 en contact avec une personne dont la maladie a \u00e9t\u00e9 confirm\u00e9e sans porter d'EPI appropri\u00e9 au cours des 14 derniers jours.<\/a><\/span><\/label><\/span><\/span><\/span>\n\n<span class=\"wpcf7-form-control-wrap\" data-name=\"accept-rules4\"><span class=\"wpcf7-form-control wpcf7-acceptance\"><span class=\"wpcf7-list-item\"><label><input type=\"checkbox\" name=\"accept-rules4\" value=\"1\" aria-invalid=\"false\" \/><span class=\"wpcf7-list-item-label\">Sant\u00e9 publique Ottawa ne m'a pas conseill\u00e9, ni \u00e0 personne dans mon foyer, de m'isoler en attendant les r\u00e9sultats des tests dans les 14 derniers jours.<\/a><\/span><\/label><\/span><\/span><\/span>\n\n<span class=\"wpcf7-form-control-wrap\" data-name=\"accept-rules5\"><span class=\"wpcf7-form-control wpcf7-acceptance\"><span class=\"wpcf7-list-item\"><label><input type=\"checkbox\" name=\"accept-rules5\" value=\"1\" aria-invalid=\"false\" \/><span class=\"wpcf7-list-item-label\">J\u2019accepte de me conformer \u00e0 toutes les politiques et \u00e0 tous les protocoles en lien avec la COVID-19 du Rideau Club <\/a><\/span><\/label><\/span><\/span><\/span>\n\t<p>Le Rideau Club se r\u00e9serve le droit de refuser l\u2019acc\u00e8s au Club \u00e0 tout membre ou invit\u00e9 s\u2019il juge qu\u2019il existe certaines pr\u00e9occupations concernant un voyage r\u00e9cent ou si un membre ou un invit\u00e9 a eu un contact r\u00e9cent avec un cas confirm\u00e9 de COVID-19. Les personnes qui affichent une temp\u00e9rature corporelle de 37,8oC ou plus se verront refuser l\u2019entr\u00e9e au Club.\n\t<\/p>\n\n<strong>RECONNAISSANCE ET D\u00c9CLARATION<\/strong>\n\t<p>Je reconnais que le Rideau Club ne peut garantir que je ne contracterai pas la COVID-19 ni que je ne la transmette. J\u2019accepte que ma visite au Rideau Club soit enti\u00e8rement \u00e0 mes propres risques et, ce faisant, je lib\u00e8re le Rideau Club, ses directeurs, ses officiers et ses associ\u00e9s de toute responsabilit\u00e9 et demande, y compris toute perte, toute blessure ou tout d\u00e9c\u00e8s qui r\u00e9sulte directement ou indirectement de ma visite au Rideau Club.\n\t<\/p>\n\t<p>J\u2019atteste l\u2019exactitude des renseignements fournis ci-dessus. Je comprends que toute fausse d\u00e9claration faite sur ma D\u00e9claration de sant\u00e9 quotidienne ou tout manquement aux r\u00e8gles et aux proc\u00e9dures concernant la COVID-19 mises en place par le Rideau Club afin de prot\u00e9ger le bien-\u00eatre de ses associ\u00e9s, de ses membres, de ses invit\u00e9s ou d\u2019autres visiteurs peut entrainer la r\u00e9vision, voire m\u00eame la r\u00e9siliation, de mon adh\u00e9sion.\n\t<\/p>\n\t<p>Cette renonciation restera en vigueur tant que les lois et les mandats relatifs \u00e0 la COVID-19 sont en place. Toute nouvelle l\u00e9gislation pourrait entrainer une modification au pr\u00e9sent formulaire, exigeant ainsi que les membres remplissent et signent une nouvelle d\u00e9claration..\n\t<\/p>\n<\/ol>\n<div class=\"col-lg-12 col-md-12 col-xs-12\">\n\t<p><label for=\"memberName2\">Nom et pr\u00e9nom du Membre<span><\/span><\/label><span class=\"wpcf7-form-control-wrap\" data-name=\"member-Name2\"><input size=\"40\" maxlength=\"400\" class=\"wpcf7-form-control wpcf7-text wpcf7-validates-as-required\" id=\"memberName2\" aria-required=\"true\" aria-invalid=\"false\" value=\"\" type=\"text\" name=\"member-Name2\" \/><\/span>\n\t<\/p>\n<\/div>\n<p><span class=\"wpcf7-form-control-wrap\" data-name=\"accept-rules5\"><span class=\"wpcf7-form-control wpcf7-acceptance\"><span class=\"wpcf7-list-item\"><label><input type=\"checkbox\" name=\"accept-rules5\" value=\"1\" aria-invalid=\"false\" \/><span class=\"wpcf7-list-item-label\">En cochant cette case, je confirme que je signe cette exon\u00e9ration \u00e9lectroniquement.<\/a><\/span><\/label><\/span><\/span><\/span>\n<\/p>\n<div class=\"col-lg-6 col-md-12 col-xs-12\">\n\t<p><label for=\"date2\">Date<span class=\"small\"> (AAAA-MM-JJ)<\/span><\/label><span class=\"wpcf7-form-control-wrap\" data-name=\"date2\"><input class=\"wpcf7-form-control wpcf7-date wpcf7-validates-as-required wpcf7-validates-as-date\" id=\"date2\" aria-required=\"true\" aria-invalid=\"false\" value=\"\" type=\"date\" name=\"date2\" \/><\/span>\n\t<\/p>\n<\/div>\n<div class=\"row\">\n\t<div class=\"col-12 form-submit\">\n\t\t<p><input class=\"wpcf7-form-control wpcf7-submit has-spinner btn-blue\" type=\"submit\" value=\"Envoyez le formulaire\" \/>\n\t\t<\/p>\n\t<\/div>\n<\/div><div class=\"wpcf7-response-output\" aria-hidden=\"true\"><\/div>\n<\/form>\n<\/div>\n\n","protected":false},"excerpt":{"rendered":"<p>Cliquez ici\u00a0pour lire les protocoles mises en place pour la COVID-19 Cliquez ici\u00a0pour t\u00e9l\u00e9charger notre formulaire d&rsquo;exon\u00e9ration de responsabilit\u00e9 en lien au COVID-19 pour l&rsquo;an 2021. Objectif L\u2019Organisation mondiale de [&hellip;]<\/p>\n","protected":false},"author":4,"featured_media":0,"parent":0,"menu_order":66,"comment_status":"closed","ping_status":"closed","template":"","meta":{"_acf_changed":false,"footnotes":""},"class_list":["post-5501","page","type-page","status-publish","hentry"],"acf":[],"yoast_head":"<!-- This site is optimized with the Yoast SEO plugin v27.3 - https:\/\/yoast.com\/product\/yoast-seo-wordpress\/ -->\n<title>Formulaire d&#039;exon\u00e9ration COVID-19 (2021) - Rideau Club Ottawa<\/title>\n<meta name=\"robots\" content=\"index, follow, max-snippet:-1, max-image-preview:large, max-video-preview:-1\" \/>\n<link rel=\"canonical\" href=\"https:\/\/rideauclub.ca\/fr\/covid-19-exoneration-2021\/\" \/>\n<meta property=\"og:locale\" content=\"fr_FR\" \/>\n<meta property=\"og:type\" content=\"article\" \/>\n<meta property=\"og:title\" content=\"Formulaire d&#039;exon\u00e9ration COVID-19 (2021) - Rideau Club Ottawa\" \/>\n<meta property=\"og:description\" content=\"Cliquez ici\u00a0pour lire les protocoles mises en place pour la COVID-19 Cliquez ici\u00a0pour t\u00e9l\u00e9charger notre formulaire d&rsquo;exon\u00e9ration de responsabilit\u00e9 en lien au COVID-19 pour l&rsquo;an 2021. Objectif L\u2019Organisation mondiale de [&hellip;]\" \/>\n<meta property=\"og:url\" content=\"https:\/\/rideauclub.ca\/fr\/covid-19-exoneration-2021\/\" \/>\n<meta property=\"og:site_name\" content=\"Rideau Club Ottawa\" \/>\n<meta property=\"article:modified_time\" content=\"2021-03-04T18:19:02+00:00\" \/>\n<meta name=\"twitter:card\" content=\"summary_large_image\" \/>\n<meta name=\"twitter:label1\" content=\"Dur\u00e9e de lecture estim\u00e9e\" \/>\n\t<meta name=\"twitter:data1\" content=\"1 minute\" \/>\n<script type=\"application\/ld+json\" class=\"yoast-schema-graph\">{\"@context\":\"https:\\\/\\\/schema.org\",\"@graph\":[{\"@type\":\"WebPage\",\"@id\":\"https:\\\/\\\/rideauclub.ca\\\/fr\\\/covid-19-exoneration-2021\\\/\",\"url\":\"https:\\\/\\\/rideauclub.ca\\\/fr\\\/covid-19-exoneration-2021\\\/\",\"name\":\"Formulaire d'exon\u00e9ration COVID-19 (2021) - Rideau Club Ottawa\",\"isPartOf\":{\"@id\":\"https:\\\/\\\/rideauclub.ca\\\/fr\\\/#website\"},\"datePublished\":\"2020-10-05T18:18:07+00:00\",\"dateModified\":\"2021-03-04T18:19:02+00:00\",\"breadcrumb\":{\"@id\":\"https:\\\/\\\/rideauclub.ca\\\/fr\\\/covid-19-exoneration-2021\\\/#breadcrumb\"},\"inLanguage\":\"fr-FR\",\"potentialAction\":[{\"@type\":\"ReadAction\",\"target\":[\"https:\\\/\\\/rideauclub.ca\\\/fr\\\/covid-19-exoneration-2021\\\/\"]}]},{\"@type\":\"BreadcrumbList\",\"@id\":\"https:\\\/\\\/rideauclub.ca\\\/fr\\\/covid-19-exoneration-2021\\\/#breadcrumb\",\"itemListElement\":[{\"@type\":\"ListItem\",\"position\":1,\"name\":\"Home\",\"item\":\"https:\\\/\\\/rideauclub.ca\\\/fr\\\/\"},{\"@type\":\"ListItem\",\"position\":2,\"name\":\"Formulaire d&rsquo;exon\u00e9ration COVID-19 (2021)\"}]},{\"@type\":\"WebSite\",\"@id\":\"https:\\\/\\\/rideauclub.ca\\\/fr\\\/#website\",\"url\":\"https:\\\/\\\/rideauclub.ca\\\/fr\\\/\",\"name\":\"Rideau Club Ottawa\",\"description\":\"\",\"potentialAction\":[{\"@type\":\"SearchAction\",\"target\":{\"@type\":\"EntryPoint\",\"urlTemplate\":\"https:\\\/\\\/rideauclub.ca\\\/fr\\\/?s={search_term_string}\"},\"query-input\":{\"@type\":\"PropertyValueSpecification\",\"valueRequired\":true,\"valueName\":\"search_term_string\"}}],\"inLanguage\":\"fr-FR\"}]}<\/script>\n<!-- \/ Yoast SEO plugin. -->","yoast_head_json":{"title":"Formulaire d'exon\u00e9ration COVID-19 (2021) - Rideau Club Ottawa","robots":{"index":"index","follow":"follow","max-snippet":"max-snippet:-1","max-image-preview":"max-image-preview:large","max-video-preview":"max-video-preview:-1"},"canonical":"https:\/\/rideauclub.ca\/fr\/covid-19-exoneration-2021\/","og_locale":"fr_FR","og_type":"article","og_title":"Formulaire d'exon\u00e9ration COVID-19 (2021) - Rideau Club Ottawa","og_description":"Cliquez ici\u00a0pour lire les protocoles mises en place pour la COVID-19 Cliquez ici\u00a0pour t\u00e9l\u00e9charger notre formulaire d&rsquo;exon\u00e9ration de responsabilit\u00e9 en lien au COVID-19 pour l&rsquo;an 2021. Objectif L\u2019Organisation mondiale de [&hellip;]","og_url":"https:\/\/rideauclub.ca\/fr\/covid-19-exoneration-2021\/","og_site_name":"Rideau Club Ottawa","article_modified_time":"2021-03-04T18:19:02+00:00","twitter_card":"summary_large_image","twitter_misc":{"Dur\u00e9e de lecture estim\u00e9e":"1 minute"},"schema":{"@context":"https:\/\/schema.org","@graph":[{"@type":"WebPage","@id":"https:\/\/rideauclub.ca\/fr\/covid-19-exoneration-2021\/","url":"https:\/\/rideauclub.ca\/fr\/covid-19-exoneration-2021\/","name":"Formulaire d'exon\u00e9ration COVID-19 (2021) - Rideau Club Ottawa","isPartOf":{"@id":"https:\/\/rideauclub.ca\/fr\/#website"},"datePublished":"2020-10-05T18:18:07+00:00","dateModified":"2021-03-04T18:19:02+00:00","breadcrumb":{"@id":"https:\/\/rideauclub.ca\/fr\/covid-19-exoneration-2021\/#breadcrumb"},"inLanguage":"fr-FR","potentialAction":[{"@type":"ReadAction","target":["https:\/\/rideauclub.ca\/fr\/covid-19-exoneration-2021\/"]}]},{"@type":"BreadcrumbList","@id":"https:\/\/rideauclub.ca\/fr\/covid-19-exoneration-2021\/#breadcrumb","itemListElement":[{"@type":"ListItem","position":1,"name":"Home","item":"https:\/\/rideauclub.ca\/fr\/"},{"@type":"ListItem","position":2,"name":"Formulaire d&rsquo;exon\u00e9ration COVID-19 (2021)"}]},{"@type":"WebSite","@id":"https:\/\/rideauclub.ca\/fr\/#website","url":"https:\/\/rideauclub.ca\/fr\/","name":"Rideau Club Ottawa","description":"","potentialAction":[{"@type":"SearchAction","target":{"@type":"EntryPoint","urlTemplate":"https:\/\/rideauclub.ca\/fr\/?s={search_term_string}"},"query-input":{"@type":"PropertyValueSpecification","valueRequired":true,"valueName":"search_term_string"}}],"inLanguage":"fr-FR"}]}},"_links":{"self":[{"href":"https:\/\/rideauclub.ca\/fr\/wp-json\/wp\/v2\/pages\/5501","targetHints":{"allow":["GET"]}}],"collection":[{"href":"https:\/\/rideauclub.ca\/fr\/wp-json\/wp\/v2\/pages"}],"about":[{"href":"https:\/\/rideauclub.ca\/fr\/wp-json\/wp\/v2\/types\/page"}],"author":[{"embeddable":true,"href":"https:\/\/rideauclub.ca\/fr\/wp-json\/wp\/v2\/users\/4"}],"replies":[{"embeddable":true,"href":"https:\/\/rideauclub.ca\/fr\/wp-json\/wp\/v2\/comments?post=5501"}],"version-history":[{"count":5,"href":"https:\/\/rideauclub.ca\/fr\/wp-json\/wp\/v2\/pages\/5501\/revisions"}],"predecessor-version":[{"id":5938,"href":"https:\/\/rideauclub.ca\/fr\/wp-json\/wp\/v2\/pages\/5501\/revisions\/5938"}],"wp:attachment":[{"href":"https:\/\/rideauclub.ca\/fr\/wp-json\/wp\/v2\/media?parent=5501"}],"curies":[{"name":"wp","href":"https:\/\/api.w.org\/{rel}","templated":true}]}}