{"id":5390,"date":"2020-09-22T13:42:44","date_gmt":"2020-09-22T13:42:44","guid":{"rendered":"https:\/\/www.rideauclub.ca\/?page_id=5390"},"modified":"2023-01-27T18:33:13","modified_gmt":"2023-01-27T18:33:13","slug":"menu","status":"publish","type":"page","link":"https:\/\/rideauclub.ca\/fr\/service-traiteur-evenements\/menu\/","title":{"rendered":"\u00c9picerie et plats \u00e0 emporter"},"content":{"rendered":"<h2><a href=\"https:\/\/rideau-club-grocery-service.myshopify.com\/\">Visitez notre boutique en-ligne<\/a><\/h2>\n<p>Merci de votre int\u00e9r\u00eat \u00e0 l&rsquo;\u00e9gard de la boutique du Rideau Club. Le programme d&rsquo;\u00e9picerie est termin\u00e9 avec notre r\u00e9ouverture le 24 f\u00e9vrier.<\/p>\n<p>Nous vous remercions de rester \u00e0 l&rsquo;\u00e9coute pour obtenir des informations suppl\u00e9mentaires de nos diffusions par courriel de Rideau Club.<\/p>\n<p>________________________<\/p>\n<p>Pour de plus amples informations, veuillez contacter le Club \u00e0 613-233-7787, ou \u00e0 reservations@rideauclub.ca<\/p>\n<p><img loading=\"lazy\" decoding=\"async\" class=\"aligncenter size-large wp-image-6543\" src=\"https:\/\/www.rideauclub.ca\/wp-content\/uploads\/2021\/07\/Facilities-1-1024x311.png\" alt=\"\" width=\"1024\" height=\"311\" srcset=\"https:\/\/rideauclub.ca\/wp-content\/uploads\/2021\/07\/Facilities-1-1024x311.png 1024w, https:\/\/rideauclub.ca\/wp-content\/uploads\/2021\/07\/Facilities-1-300x91.png 300w, https:\/\/rideauclub.ca\/wp-content\/uploads\/2021\/07\/Facilities-1-768x233.png 768w, https:\/\/rideauclub.ca\/wp-content\/uploads\/2021\/07\/Facilities-1.png 1400w\" sizes=\"auto, (max-width: 1024px) 100vw, 1024px\" \/><\/p>\n<p>&nbsp;<\/p>\n","protected":false},"excerpt":{"rendered":"<p>Visitez notre boutique en-ligne Merci de votre int\u00e9r\u00eat \u00e0 l&rsquo;\u00e9gard de la boutique du Rideau Club. Le programme d&rsquo;\u00e9picerie est termin\u00e9 avec notre r\u00e9ouverture le 24 f\u00e9vrier. Nous vous remercions [&hellip;]<\/p>\n","protected":false},"author":4,"featured_media":0,"parent":3037,"menu_order":10,"comment_status":"closed","ping_status":"closed","template":"","meta":{"_acf_changed":false,"footnotes":""},"class_list":["post-5390","page","type-page","status-publish","hentry"],"acf":[],"yoast_head":"<!-- This site is optimized with the Yoast SEO plugin v27.3 - https:\/\/yoast.com\/product\/yoast-seo-wordpress\/ -->\n<title>\u00c9picerie et plats \u00e0 emporter - Rideau Club Ottawa<\/title>\n<meta name=\"robots\" content=\"index, follow, max-snippet:-1, max-image-preview:large, max-video-preview:-1\" \/>\n<link rel=\"canonical\" href=\"https:\/\/rideauclub.ca\/fr\/service-traiteur-evenements\/menu\/\" \/>\n<meta property=\"og:locale\" content=\"fr_FR\" \/>\n<meta property=\"og:type\" content=\"article\" \/>\n<meta property=\"og:title\" content=\"\u00c9picerie et plats \u00e0 emporter - Rideau Club Ottawa\" \/>\n<meta property=\"og:description\" content=\"Visitez notre boutique en-ligne Merci de votre int\u00e9r\u00eat \u00e0 l&rsquo;\u00e9gard de la boutique du Rideau Club. Le programme d&rsquo;\u00e9picerie est termin\u00e9 avec notre r\u00e9ouverture le 24 f\u00e9vrier. Nous vous remercions [&hellip;]\" \/>\n<meta property=\"og:url\" content=\"https:\/\/rideauclub.ca\/fr\/service-traiteur-evenements\/menu\/\" \/>\n<meta property=\"og:site_name\" content=\"Rideau Club Ottawa\" \/>\n<meta property=\"article:modified_time\" content=\"2023-01-27T18:33:13+00:00\" \/>\n<meta property=\"og:image\" content=\"https:\/\/www.rideauclub.ca\/wp-content\/uploads\/2021\/07\/Facilities-1-1024x311.png\" \/>\n<meta name=\"twitter:card\" content=\"summary_large_image\" \/>\n<meta name=\"twitter:label1\" content=\"Dur\u00e9e de lecture estim\u00e9e\" \/>\n\t<meta name=\"twitter:data1\" content=\"1 minute\" \/>\n<script type=\"application\/ld+json\" class=\"yoast-schema-graph\">{\"@context\":\"https:\\\/\\\/schema.org\",\"@graph\":[{\"@type\":\"WebPage\",\"@id\":\"https:\\\/\\\/rideauclub.ca\\\/fr\\\/service-traiteur-evenements\\\/menu\\\/\",\"url\":\"https:\\\/\\\/rideauclub.ca\\\/fr\\\/service-traiteur-evenements\\\/menu\\\/\",\"name\":\"\u00c9picerie et plats \u00e0 emporter - Rideau Club Ottawa\",\"isPartOf\":{\"@id\":\"https:\\\/\\\/rideauclub.ca\\\/fr\\\/#website\"},\"primaryImageOfPage\":{\"@id\":\"https:\\\/\\\/rideauclub.ca\\\/fr\\\/service-traiteur-evenements\\\/menu\\\/#primaryimage\"},\"image\":{\"@id\":\"https:\\\/\\\/rideauclub.ca\\\/fr\\\/service-traiteur-evenements\\\/menu\\\/#primaryimage\"},\"thumbnailUrl\":\"https:\\\/\\\/www.rideauclub.ca\\\/wp-content\\\/uploads\\\/2021\\\/07\\\/Facilities-1-1024x311.png\",\"datePublished\":\"2020-09-22T13:42:44+00:00\",\"dateModified\":\"2023-01-27T18:33:13+00:00\",\"breadcrumb\":{\"@id\":\"https:\\\/\\\/rideauclub.ca\\\/fr\\\/service-traiteur-evenements\\\/menu\\\/#breadcrumb\"},\"inLanguage\":\"fr-FR\",\"potentialAction\":[{\"@type\":\"ReadAction\",\"target\":[\"https:\\\/\\\/rideauclub.ca\\\/fr\\\/service-traiteur-evenements\\\/menu\\\/\"]}]},{\"@type\":\"ImageObject\",\"inLanguage\":\"fr-FR\",\"@id\":\"https:\\\/\\\/rideauclub.ca\\\/fr\\\/service-traiteur-evenements\\\/menu\\\/#primaryimage\",\"url\":\"https:\\\/\\\/www.rideauclub.ca\\\/wp-content\\\/uploads\\\/2021\\\/07\\\/Facilities-1-1024x311.png\",\"contentUrl\":\"https:\\\/\\\/www.rideauclub.ca\\\/wp-content\\\/uploads\\\/2021\\\/07\\\/Facilities-1-1024x311.png\"},{\"@type\":\"BreadcrumbList\",\"@id\":\"https:\\\/\\\/rideauclub.ca\\\/fr\\\/service-traiteur-evenements\\\/menu\\\/#breadcrumb\",\"itemListElement\":[{\"@type\":\"ListItem\",\"position\":1,\"name\":\"Home\",\"item\":\"https:\\\/\\\/rideauclub.ca\\\/fr\\\/\"},{\"@type\":\"ListItem\",\"position\":2,\"name\":\"Service de traiteur et \u00e9v\u00e9nements\",\"item\":\"https:\\\/\\\/rideauclub.ca\\\/fr\\\/service-traiteur-evenements\\\/\"},{\"@type\":\"ListItem\",\"position\":3,\"name\":\"\u00c9picerie et plats \u00e0 emporter\"}]},{\"@type\":\"WebSite\",\"@id\":\"https:\\\/\\\/rideauclub.ca\\\/fr\\\/#website\",\"url\":\"https:\\\/\\\/rideauclub.ca\\\/fr\\\/\",\"name\":\"Rideau Club Ottawa\",\"description\":\"\",\"potentialAction\":[{\"@type\":\"SearchAction\",\"target\":{\"@type\":\"EntryPoint\",\"urlTemplate\":\"https:\\\/\\\/rideauclub.ca\\\/fr\\\/?s={search_term_string}\"},\"query-input\":{\"@type\":\"PropertyValueSpecification\",\"valueRequired\":true,\"valueName\":\"search_term_string\"}}],\"inLanguage\":\"fr-FR\"}]}<\/script>\n<!-- \/ Yoast SEO plugin. -->","yoast_head_json":{"title":"\u00c9picerie et plats \u00e0 emporter - Rideau Club Ottawa","robots":{"index":"index","follow":"follow","max-snippet":"max-snippet:-1","max-image-preview":"max-image-preview:large","max-video-preview":"max-video-preview:-1"},"canonical":"https:\/\/rideauclub.ca\/fr\/service-traiteur-evenements\/menu\/","og_locale":"fr_FR","og_type":"article","og_title":"\u00c9picerie et plats \u00e0 emporter - Rideau Club Ottawa","og_description":"Visitez notre boutique en-ligne Merci de votre int\u00e9r\u00eat \u00e0 l&rsquo;\u00e9gard de la boutique du Rideau Club. Le programme d&rsquo;\u00e9picerie est termin\u00e9 avec notre r\u00e9ouverture le 24 f\u00e9vrier. Nous vous remercions [&hellip;]","og_url":"https:\/\/rideauclub.ca\/fr\/service-traiteur-evenements\/menu\/","og_site_name":"Rideau Club Ottawa","article_modified_time":"2023-01-27T18:33:13+00:00","og_image":[{"url":"https:\/\/www.rideauclub.ca\/wp-content\/uploads\/2021\/07\/Facilities-1-1024x311.png","type":"","width":"","height":""}],"twitter_card":"summary_large_image","twitter_misc":{"Dur\u00e9e de lecture estim\u00e9e":"1 minute"},"schema":{"@context":"https:\/\/schema.org","@graph":[{"@type":"WebPage","@id":"https:\/\/rideauclub.ca\/fr\/service-traiteur-evenements\/menu\/","url":"https:\/\/rideauclub.ca\/fr\/service-traiteur-evenements\/menu\/","name":"\u00c9picerie et plats \u00e0 emporter - Rideau Club Ottawa","isPartOf":{"@id":"https:\/\/rideauclub.ca\/fr\/#website"},"primaryImageOfPage":{"@id":"https:\/\/rideauclub.ca\/fr\/service-traiteur-evenements\/menu\/#primaryimage"},"image":{"@id":"https:\/\/rideauclub.ca\/fr\/service-traiteur-evenements\/menu\/#primaryimage"},"thumbnailUrl":"https:\/\/www.rideauclub.ca\/wp-content\/uploads\/2021\/07\/Facilities-1-1024x311.png","datePublished":"2020-09-22T13:42:44+00:00","dateModified":"2023-01-27T18:33:13+00:00","breadcrumb":{"@id":"https:\/\/rideauclub.ca\/fr\/service-traiteur-evenements\/menu\/#breadcrumb"},"inLanguage":"fr-FR","potentialAction":[{"@type":"ReadAction","target":["https:\/\/rideauclub.ca\/fr\/service-traiteur-evenements\/menu\/"]}]},{"@type":"ImageObject","inLanguage":"fr-FR","@id":"https:\/\/rideauclub.ca\/fr\/service-traiteur-evenements\/menu\/#primaryimage","url":"https:\/\/www.rideauclub.ca\/wp-content\/uploads\/2021\/07\/Facilities-1-1024x311.png","contentUrl":"https:\/\/www.rideauclub.ca\/wp-content\/uploads\/2021\/07\/Facilities-1-1024x311.png"},{"@type":"BreadcrumbList","@id":"https:\/\/rideauclub.ca\/fr\/service-traiteur-evenements\/menu\/#breadcrumb","itemListElement":[{"@type":"ListItem","position":1,"name":"Home","item":"https:\/\/rideauclub.ca\/fr\/"},{"@type":"ListItem","position":2,"name":"Service de traiteur et \u00e9v\u00e9nements","item":"https:\/\/rideauclub.ca\/fr\/service-traiteur-evenements\/"},{"@type":"ListItem","position":3,"name":"\u00c9picerie et plats \u00e0 emporter"}]},{"@type":"WebSite","@id":"https:\/\/rideauclub.ca\/fr\/#website","url":"https:\/\/rideauclub.ca\/fr\/","name":"Rideau Club Ottawa","description":"","potentialAction":[{"@type":"SearchAction","target":{"@type":"EntryPoint","urlTemplate":"https:\/\/rideauclub.ca\/fr\/?s={search_term_string}"},"query-input":{"@type":"PropertyValueSpecification","valueRequired":true,"valueName":"search_term_string"}}],"inLanguage":"fr-FR"}]}},"_links":{"self":[{"href":"https:\/\/rideauclub.ca\/fr\/wp-json\/wp\/v2\/pages\/5390","targetHints":{"allow":["GET"]}}],"collection":[{"href":"https:\/\/rideauclub.ca\/fr\/wp-json\/wp\/v2\/pages"}],"about":[{"href":"https:\/\/rideauclub.ca\/fr\/wp-json\/wp\/v2\/types\/page"}],"author":[{"embeddable":true,"href":"https:\/\/rideauclub.ca\/fr\/wp-json\/wp\/v2\/users\/4"}],"replies":[{"embeddable":true,"href":"https:\/\/rideauclub.ca\/fr\/wp-json\/wp\/v2\/comments?post=5390"}],"version-history":[{"count":5,"href":"https:\/\/rideauclub.ca\/fr\/wp-json\/wp\/v2\/pages\/5390\/revisions"}],"predecessor-version":[{"id":8703,"href":"https:\/\/rideauclub.ca\/fr\/wp-json\/wp\/v2\/pages\/5390\/revisions\/8703"}],"up":[{"embeddable":true,"href":"https:\/\/rideauclub.ca\/fr\/wp-json\/wp\/v2\/pages\/3037"}],"wp:attachment":[{"href":"https:\/\/rideauclub.ca\/fr\/wp-json\/wp\/v2\/media?parent=5390"}],"curies":[{"name":"wp","href":"https:\/\/api.w.org\/{rel}","templated":true}]}}