{"id":5380,"date":"2020-09-21T18:44:01","date_gmt":"2020-09-21T18:44:01","guid":{"rendered":"https:\/\/www.rideauclub.ca\/?page_id=5380"},"modified":"2020-09-22T18:45:08","modified_gmt":"2020-09-22T18:45:08","slug":"reservez-une-visite-guidee","status":"publish","type":"page","link":"https:\/\/rideauclub.ca\/fr\/reservez-une-visite-guidee\/","title":{"rendered":"R\u00e9servez une visite guid\u00e9e"},"content":{"rendered":"<p>Nous serons heureux de vous faire visiter notre \u00e9tablissement.\u00a0Veuillez remplir et soumettre ce formulaire pour \u00eatre contact\u00e9 par le Rideau Club.<\/p>\n\n<div class=\"wpcf7 no-js\" id=\"wpcf7-f5378-o1\" lang=\"en-US\" dir=\"ltr\" data-wpcf7-id=\"5378\">\n<div class=\"screen-reader-response\"><p role=\"status\" aria-live=\"polite\" aria-atomic=\"true\"><\/p> <ul><\/ul><\/div>\n<form action=\"\/fr\/wp-json\/wp\/v2\/pages\/5380#wpcf7-f5378-o1\" method=\"post\" class=\"wpcf7-form init\" aria-label=\"Contact form\" novalidate=\"novalidate\" data-status=\"init\">\n<fieldset class=\"hidden-fields-container\"><input type=\"hidden\" name=\"_wpcf7\" value=\"5378\" \/><input type=\"hidden\" name=\"_wpcf7_version\" value=\"6.1.5\" \/><input type=\"hidden\" name=\"_wpcf7_locale\" value=\"en_US\" \/><input type=\"hidden\" name=\"_wpcf7_unit_tag\" value=\"wpcf7-f5378-o1\" \/><input type=\"hidden\" name=\"_wpcf7_container_post\" value=\"0\" \/><input type=\"hidden\" name=\"_wpcf7_posted_data_hash\" value=\"\" \/><input type=\"hidden\" name=\"redirect_nonce\" value=\"d44a51ac9f\" \/><input type=\"hidden\" name=\"wpcf7cfpdf_hidden_name\" value=\"document-pdf\" \/><input type=\"hidden\" name=\"wpcf7cfpdf_hidden_reference\" value=\"9c5a1cc0\" \/><input type=\"hidden\" name=\"wpcf7cfpdf_hidden_date\" value=\"04102026\" \/>\n<\/fieldset>\n<div class=\"row\">\n\t<div class=\"col-lg-2 col-md-4 col-xs-4\">\n\t\t<p><label for=\"name-title\">Titre<\/label><span class=\"wpcf7-form-control-wrap\" data-name=\"name-title\"><select class=\"wpcf7-form-control wpcf7-select selectpicker\" id=\"name-title\" aria-invalid=\"false\" name=\"name-title\"><option value=\"M.\">M.<\/option><option value=\"Mme\">Mme<\/option><option value=\"Mlle\">Mlle<\/option><\/select><\/span>\n\t\t<\/p>\n\t<\/div>\n\t<div class=\"col-lg-5 col-md-8 col-xs-12\">\n\t\t<p><label for=\"firstName\">Pr\u00e9nom<\/label><span class=\"wpcf7-form-control-wrap\" data-name=\"first-name\"><input size=\"40\" maxlength=\"400\" class=\"wpcf7-form-control wpcf7-text wpcf7-validates-as-required\" id=\"firstName\" aria-required=\"true\" aria-invalid=\"false\" value=\"\" type=\"text\" name=\"first-name\" \/><\/span>\n\t\t<\/p>\n\t<\/div>\n\t<div class=\"col-lg-5 col-md-12 col-xs-12\">\n\t\t<p><label for=\"lastName\">Nom<\/label><span class=\"wpcf7-form-control-wrap\" data-name=\"last-name\"><input size=\"40\" maxlength=\"400\" class=\"wpcf7-form-control wpcf7-text wpcf7-validates-as-required\" id=\"lastName\" aria-required=\"true\" aria-invalid=\"false\" value=\"\" type=\"text\" name=\"last-name\" \/><\/span>\n\t\t<\/p>\n\t<\/div>\n\t<div class=\"col-lg-12 col-md-12 col-xs-12\">\n\t\t<p><label for=\"profession\">Profession\/Occupation et titre professionel<span> (s'il y a lieu)<\/span><\/label><span class=\"wpcf7-form-control-wrap\" data-name=\"profession\"><input size=\"40\" maxlength=\"400\" class=\"wpcf7-form-control wpcf7-text wpcf7-validates-as-required\" id=\"dprofession\" aria-required=\"true\" aria-invalid=\"false\" value=\"\" type=\"text\" name=\"profession\" \/><\/span>\n\t\t<\/p>\n\t<\/div>\n\t<div class=\"col-lg-4 col-md-8 col-xs-12\">\n\t\t<p><label for=\"refPhone\">Num\u00e9ro de t\u00e9l\u00e9phone<\/label><span class=\"wpcf7-form-control-wrap\" data-name=\"ref-phone\"><input size=\"40\" maxlength=\"400\" class=\"wpcf7-form-control wpcf7-text wpcf7-validates-as-required\" id=\"refPhone\" aria-required=\"true\" aria-invalid=\"false\" value=\"\" type=\"text\" name=\"ref-phone\" \/><\/span>\n\t\t<\/p>\n\t<\/div>\n\t<div class=\"col-lg-2 col-md-4 col-xs-4\">\n\t\t<p><label for=\"refPhoneExt\">Extension<\/label><span class=\"wpcf7-form-control-wrap\" data-name=\"ref-phone-ext\"><input size=\"40\" maxlength=\"400\" class=\"wpcf7-form-control wpcf7-text\" id=\"refPhoneExt\" aria-invalid=\"false\" value=\"\" type=\"text\" name=\"ref-phone-ext\" \/><\/span>\n\t\t<\/p>\n\t<\/div>\n\t<div class=\"col-lg-6 col-md-12 col-xs-12\">\n\t\t<p><label for=\"emailAdr\">Courriel<\/label><span class=\"wpcf7-form-control-wrap\" data-name=\"email-adr\"><input size=\"40\" maxlength=\"400\" class=\"wpcf7-form-control wpcf7-email wpcf7-validates-as-required wpcf7-text wpcf7-validates-as-email\" id=\"emailAdr\" aria-required=\"true\" aria-invalid=\"false\" value=\"\" type=\"email\" name=\"email-adr\" \/><\/span>\n\t\t<\/p>\n\t<\/div>\n\t<div class=\"col-lg-12 col-md-8 col-xs-12\">\n\t\t<p><label for=\"hear-club\">Comment avez-vous entendu parler du Club<span class=\"small\"> (Ex. Membre\/R\u00e9seaux sociaux\/M\u00e9dia\/Journaux\/Club affili\u00e9\/Autres)<\/span><\/label><span class=\"wpcf7-form-control-wrap\" data-name=\"hear-club\"><input size=\"40\" maxlength=\"400\" class=\"wpcf7-form-control wpcf7-text wpcf7-validates-as-required\" id=\"hear-club\" aria-required=\"true\" aria-invalid=\"false\" value=\"\" type=\"text\" name=\"hear-club\" \/><\/span>\n\t\t<\/p>\n\t<\/div>\n\t<div class=\"col-lg-6 col-md-12 col-xs-12\">\n\t\t<p><label for=\"dateVisit\"><br \/>\nQuel jour voudriez-vous visiter le Club?<span class=\"small\"> (YYYY-MM-DD)<\/span><\/label><span class=\"wpcf7-form-control-wrap\" data-name=\"dateVisit\"><input class=\"wpcf7-form-control wpcf7-date wpcf7-validates-as-required wpcf7-validates-as-date\" id=\"date-visit\" aria-required=\"true\" aria-invalid=\"false\" value=\"\" type=\"date\" name=\"dateVisit\" \/><\/span>\n\t\t<\/p>\n\t<\/div>\n\t<div class=\"col-lg-8 col-md-4 col-xs-12\">\n\t<\/div>\n\t<div class=\"col-lg-6 col-md-12 col-xs-12\">\n\t\t<p><label for=\"time-slot\">Choisissez un cr\u00e9neau horaire<\/label><span class=\"wpcf7-form-control-wrap\" data-name=\"time-slot\"><select class=\"wpcf7-form-control wpcf7-select selectpicker\" id=\"time-slot\" aria-invalid=\"false\" name=\"time-slot\"><option value=\"Matin\">Matin<\/option><option value=\"Apr\u00e8s-midi\">Apr\u00e8s-midi<\/option><\/select><\/span>\n\t\t<\/p>\n\t<\/div>\n\t<p><span class=\"wpcf7-form-control-wrap\" data-name=\"accept-rules2\"><span class=\"wpcf7-form-control wpcf7-acceptance\"><span class=\"wpcf7-list-item\"><label><input type=\"checkbox\" name=\"accept-rules2\" value=\"1\" aria-invalid=\"false\" \/><span class=\"wpcf7-list-item-label\">Le Rideau Club recueille des renseignements personnels sous r\u00e9serve du consentement de la personne et conform\u00e9ment aux normes de consentement \u00e9nonc\u00e9es dans la LPRPDE. Je confirme par la pr\u00e9sente avoir pris connaissance de la <a href=\"https:\/\/www.rideauclub.ca\/wp-content\/uploads\/2019\/06\/Privacy-Policy-approved-November-2018.pdf\" target=\"_blank\">Politique de protection des renseignements personnels du Rideau Club et en accepter les termes des politiques de confidentialit\u00e9s du Rideau Club.<\/a><\/span><\/label><\/span><\/span><\/span>\n\t<\/p>\n\t<div class=\"col-12 form-submit\">\n\t\t<p><input class=\"wpcf7-form-control wpcf7-submit has-spinner btn-blue\" type=\"submit\" value=\"Fa\u00eetes votre demande\" \/>\n\t\t<\/p>\n\t<\/div>\n<\/div><div class=\"wpcf7-response-output\" aria-hidden=\"true\"><\/div>\n<\/form>\n<\/div>\n\n","protected":false},"excerpt":{"rendered":"<p>Nous serons heureux de vous faire visiter notre \u00e9tablissement.\u00a0Veuillez remplir et soumettre ce formulaire pour \u00eatre contact\u00e9 par le Rideau Club.<\/p>\n","protected":false},"author":4,"featured_media":0,"parent":0,"menu_order":73,"comment_status":"closed","ping_status":"closed","template":"","meta":{"_acf_changed":false,"footnotes":""},"class_list":["post-5380","page","type-page","status-publish","hentry"],"acf":[],"yoast_head":"<!-- This site is optimized with the Yoast SEO plugin v27.3 - https:\/\/yoast.com\/product\/yoast-seo-wordpress\/ -->\n<title>R\u00e9servez une visite guid\u00e9e - Rideau Club Ottawa<\/title>\n<meta name=\"robots\" content=\"index, follow, max-snippet:-1, max-image-preview:large, max-video-preview:-1\" \/>\n<link rel=\"canonical\" href=\"https:\/\/rideauclub.ca\/fr\/reservez-une-visite-guidee\/\" \/>\n<meta property=\"og:locale\" content=\"fr_FR\" \/>\n<meta property=\"og:type\" content=\"article\" \/>\n<meta property=\"og:title\" content=\"R\u00e9servez une visite guid\u00e9e - Rideau Club Ottawa\" \/>\n<meta property=\"og:description\" content=\"Nous serons heureux de vous faire visiter notre \u00e9tablissement.\u00a0Veuillez remplir et soumettre ce formulaire pour \u00eatre contact\u00e9 par le Rideau Club.\" \/>\n<meta property=\"og:url\" content=\"https:\/\/rideauclub.ca\/fr\/reservez-une-visite-guidee\/\" \/>\n<meta property=\"og:site_name\" content=\"Rideau Club Ottawa\" \/>\n<meta property=\"article:modified_time\" content=\"2020-09-22T18:45:08+00:00\" \/>\n<meta name=\"twitter:card\" content=\"summary_large_image\" \/>\n<script type=\"application\/ld+json\" class=\"yoast-schema-graph\">{\"@context\":\"https:\\\/\\\/schema.org\",\"@graph\":[{\"@type\":\"WebPage\",\"@id\":\"https:\\\/\\\/rideauclub.ca\\\/fr\\\/reservez-une-visite-guidee\\\/\",\"url\":\"https:\\\/\\\/rideauclub.ca\\\/fr\\\/reservez-une-visite-guidee\\\/\",\"name\":\"R\u00e9servez une visite guid\u00e9e - Rideau Club Ottawa\",\"isPartOf\":{\"@id\":\"https:\\\/\\\/rideauclub.ca\\\/fr\\\/#website\"},\"datePublished\":\"2020-09-21T18:44:01+00:00\",\"dateModified\":\"2020-09-22T18:45:08+00:00\",\"breadcrumb\":{\"@id\":\"https:\\\/\\\/rideauclub.ca\\\/fr\\\/reservez-une-visite-guidee\\\/#breadcrumb\"},\"inLanguage\":\"fr-FR\",\"potentialAction\":[{\"@type\":\"ReadAction\",\"target\":[\"https:\\\/\\\/rideauclub.ca\\\/fr\\\/reservez-une-visite-guidee\\\/\"]}]},{\"@type\":\"BreadcrumbList\",\"@id\":\"https:\\\/\\\/rideauclub.ca\\\/fr\\\/reservez-une-visite-guidee\\\/#breadcrumb\",\"itemListElement\":[{\"@type\":\"ListItem\",\"position\":1,\"name\":\"Home\",\"item\":\"https:\\\/\\\/rideauclub.ca\\\/fr\\\/\"},{\"@type\":\"ListItem\",\"position\":2,\"name\":\"Adh\u00e9sion\",\"item\":\"https:\\\/\\\/rideauclub.ca\\\/fr\\\/adhesion\\\/\"},{\"@type\":\"ListItem\",\"position\":3,\"name\":\"R\u00e9servez une visite guid\u00e9e\"}]},{\"@type\":\"WebSite\",\"@id\":\"https:\\\/\\\/rideauclub.ca\\\/fr\\\/#website\",\"url\":\"https:\\\/\\\/rideauclub.ca\\\/fr\\\/\",\"name\":\"Rideau Club Ottawa\",\"description\":\"\",\"potentialAction\":[{\"@type\":\"SearchAction\",\"target\":{\"@type\":\"EntryPoint\",\"urlTemplate\":\"https:\\\/\\\/rideauclub.ca\\\/fr\\\/?s={search_term_string}\"},\"query-input\":{\"@type\":\"PropertyValueSpecification\",\"valueRequired\":true,\"valueName\":\"search_term_string\"}}],\"inLanguage\":\"fr-FR\"}]}<\/script>\n<!-- \/ Yoast SEO plugin. -->","yoast_head_json":{"title":"R\u00e9servez une visite guid\u00e9e - Rideau Club Ottawa","robots":{"index":"index","follow":"follow","max-snippet":"max-snippet:-1","max-image-preview":"max-image-preview:large","max-video-preview":"max-video-preview:-1"},"canonical":"https:\/\/rideauclub.ca\/fr\/reservez-une-visite-guidee\/","og_locale":"fr_FR","og_type":"article","og_title":"R\u00e9servez une visite guid\u00e9e - Rideau Club Ottawa","og_description":"Nous serons heureux de vous faire visiter notre \u00e9tablissement.\u00a0Veuillez remplir et soumettre ce formulaire pour \u00eatre contact\u00e9 par le Rideau Club.","og_url":"https:\/\/rideauclub.ca\/fr\/reservez-une-visite-guidee\/","og_site_name":"Rideau Club Ottawa","article_modified_time":"2020-09-22T18:45:08+00:00","twitter_card":"summary_large_image","schema":{"@context":"https:\/\/schema.org","@graph":[{"@type":"WebPage","@id":"https:\/\/rideauclub.ca\/fr\/reservez-une-visite-guidee\/","url":"https:\/\/rideauclub.ca\/fr\/reservez-une-visite-guidee\/","name":"R\u00e9servez une visite guid\u00e9e - Rideau Club Ottawa","isPartOf":{"@id":"https:\/\/rideauclub.ca\/fr\/#website"},"datePublished":"2020-09-21T18:44:01+00:00","dateModified":"2020-09-22T18:45:08+00:00","breadcrumb":{"@id":"https:\/\/rideauclub.ca\/fr\/reservez-une-visite-guidee\/#breadcrumb"},"inLanguage":"fr-FR","potentialAction":[{"@type":"ReadAction","target":["https:\/\/rideauclub.ca\/fr\/reservez-une-visite-guidee\/"]}]},{"@type":"BreadcrumbList","@id":"https:\/\/rideauclub.ca\/fr\/reservez-une-visite-guidee\/#breadcrumb","itemListElement":[{"@type":"ListItem","position":1,"name":"Home","item":"https:\/\/rideauclub.ca\/fr\/"},{"@type":"ListItem","position":2,"name":"Adh\u00e9sion","item":"https:\/\/rideauclub.ca\/fr\/adhesion\/"},{"@type":"ListItem","position":3,"name":"R\u00e9servez une visite guid\u00e9e"}]},{"@type":"WebSite","@id":"https:\/\/rideauclub.ca\/fr\/#website","url":"https:\/\/rideauclub.ca\/fr\/","name":"Rideau Club Ottawa","description":"","potentialAction":[{"@type":"SearchAction","target":{"@type":"EntryPoint","urlTemplate":"https:\/\/rideauclub.ca\/fr\/?s={search_term_string}"},"query-input":{"@type":"PropertyValueSpecification","valueRequired":true,"valueName":"search_term_string"}}],"inLanguage":"fr-FR"}]}},"_links":{"self":[{"href":"https:\/\/rideauclub.ca\/fr\/wp-json\/wp\/v2\/pages\/5380","targetHints":{"allow":["GET"]}}],"collection":[{"href":"https:\/\/rideauclub.ca\/fr\/wp-json\/wp\/v2\/pages"}],"about":[{"href":"https:\/\/rideauclub.ca\/fr\/wp-json\/wp\/v2\/types\/page"}],"author":[{"embeddable":true,"href":"https:\/\/rideauclub.ca\/fr\/wp-json\/wp\/v2\/users\/4"}],"replies":[{"embeddable":true,"href":"https:\/\/rideauclub.ca\/fr\/wp-json\/wp\/v2\/comments?post=5380"}],"version-history":[{"count":1,"href":"https:\/\/rideauclub.ca\/fr\/wp-json\/wp\/v2\/pages\/5380\/revisions"}],"predecessor-version":[{"id":5381,"href":"https:\/\/rideauclub.ca\/fr\/wp-json\/wp\/v2\/pages\/5380\/revisions\/5381"}],"wp:attachment":[{"href":"https:\/\/rideauclub.ca\/fr\/wp-json\/wp\/v2\/media?parent=5380"}],"curies":[{"name":"wp","href":"https:\/\/api.w.org\/{rel}","templated":true}]}}