{"id":3107,"date":"2018-12-02T21:03:02","date_gmt":"2018-12-02T21:03:02","guid":{"rendered":"http:\/\/www.rideauclub.ca\/le-club\/mission-vision-and-values\/"},"modified":"2022-06-15T17:40:35","modified_gmt":"2022-06-15T17:40:35","slug":"mission-vision-valeurs","status":"publish","type":"page","link":"https:\/\/rideauclub.ca\/fr\/le-club\/mission-vision-valeurs\/","title":{"rendered":"Mission, vision et valeurs"},"content":{"rendered":"<h2>\u00c9nonc\u00e9 de mission<\/h2>\n<p>Notre mission est de cr\u00e9er des exp\u00e9riences et des opportunit\u00e9s uniques pour nos membres dans une atmosph\u00e8re de camaraderie et d&rsquo;appartenance qui divertit et enrichit.<\/p>\n<h2>Valeurs fondamentales de nos membres et de nos employ\u00e9s<\/h2>\n<ul>\n<li><span style=\"font-weight: 400;\"><strong>Le respect<\/strong>\u00a0: Nous traitons les autres comme ils s\u2019attendent \u00e0 l\u2019\u00eatre. L\u2019esprit de coop\u00e9ration et d\u2019imputabilit\u00e9 guide nos actions.<\/span><\/li>\n<li><span style=\"font-weight: 400;\"><strong>L\u2019int\u00e9grit\u00e9<\/strong>\u00a0: Il nous importe de faire les bonnes choses. Nous adoptons une conduite digne des normes de comportement professionnel et d\u2019\u00e9thique les plus \u00e9lev\u00e9es.<\/span><\/li>\n<li><span style=\"font-weight: 400;\"><strong>Le d\u00e9corum<\/strong>\u00a0: Notre conduite, nos mani\u00e8res et notre apparence t\u00e9moignent de notre comportement distingu\u00e9. Nous nous conformons aux pratiques sociales qui sous-tendent une culture marqu\u00e9e par la coll\u00e9gialit\u00e9 et la courtoisie.<\/span><\/li>\n<li><span style=\"font-weight: 400;\"><strong>L\u2019\u00e9galit\u00e9<\/strong>\u00a0: Nous croyons fermement que l\u2019enrichissement du Club passe par la diversit\u00e9. Nous reconnaissons les avantages, pour nos membres, de la collaboration et des \u00e9changes entre personnes de cultures, d\u2019ethnicit\u00e9, d\u2019\u00e2ges et de genres diff\u00e9rents. <\/span><\/li>\n<li><span style=\"font-weight: 400;\"><strong>L\u2019authenticit\u00e9<\/strong>\u00a0: Nous nous engageons \u00e0 demeurer fid\u00e8les \u00e0 nous-m\u00eames, \u00e0 ce que nous faisons et \u00e0 ceux que nous servons. Nous prenons le temps n\u00e9cessaire pour \u00e9couter et comprendre les personnes qui s\u2019investissent dans le Club, qu\u2019il s\u2019agisse de nos membres, de nos employ\u00e9s, de nos pairs ou de nos fournisseurs. <\/span><\/li>\n<li><span style=\"font-weight: 400;\"><strong>L\u2019exclusivit\u00e9<\/strong>\u00a0: Nous c\u00e9l\u00e9brons les \u00e9l\u00e9ments qui nous distinguent des autres clubs, restaurants et \u00e9tablissements qui accueillent des \u00e9v\u00e9nements. Nous y voyons non seulement des qualit\u00e9s recherch\u00e9es, mais aussi le fondement m\u00eame du succ\u00e8s de notre Club.<\/span><\/li>\n<\/ul>\n","protected":false},"excerpt":{"rendered":"<p>\u00c9nonc\u00e9 de mission Notre mission est de cr\u00e9er des exp\u00e9riences et des opportunit\u00e9s uniques pour nos membres dans une atmosph\u00e8re de camaraderie et d&rsquo;appartenance qui divertit et enrichit. Valeurs fondamentales [&hellip;]<\/p>\n","protected":false},"author":1,"featured_media":0,"parent":3095,"menu_order":65,"comment_status":"closed","ping_status":"closed","template":"","meta":{"_acf_changed":false,"footnotes":""},"class_list":["post-3107","page","type-page","status-publish","hentry"],"acf":[],"yoast_head":"<!-- This site is optimized with the Yoast SEO plugin v27.3 - https:\/\/yoast.com\/product\/yoast-seo-wordpress\/ -->\n<title>Mission, vision et valeurs - Rideau Club Ottawa<\/title>\n<meta name=\"robots\" content=\"index, follow, max-snippet:-1, max-image-preview:large, max-video-preview:-1\" \/>\n<link rel=\"canonical\" href=\"https:\/\/rideauclub.ca\/fr\/le-club\/mission-vision-valeurs\/\" \/>\n<meta property=\"og:locale\" content=\"fr_FR\" \/>\n<meta property=\"og:type\" content=\"article\" \/>\n<meta property=\"og:title\" content=\"Mission, vision et valeurs - Rideau Club Ottawa\" \/>\n<meta property=\"og:description\" content=\"\u00c9nonc\u00e9 de mission Notre mission est de cr\u00e9er des exp\u00e9riences et des opportunit\u00e9s uniques pour nos membres dans une atmosph\u00e8re de camaraderie et d&rsquo;appartenance qui divertit et enrichit. Valeurs fondamentales [&hellip;]\" \/>\n<meta property=\"og:url\" content=\"https:\/\/rideauclub.ca\/fr\/le-club\/mission-vision-valeurs\/\" \/>\n<meta property=\"og:site_name\" content=\"Rideau Club Ottawa\" \/>\n<meta property=\"article:modified_time\" content=\"2022-06-15T17:40:35+00:00\" \/>\n<meta name=\"twitter:card\" content=\"summary_large_image\" \/>\n<meta name=\"twitter:label1\" content=\"Dur\u00e9e de lecture estim\u00e9e\" \/>\n\t<meta name=\"twitter:data1\" content=\"1 minute\" \/>\n<script type=\"application\/ld+json\" class=\"yoast-schema-graph\">{\"@context\":\"https:\\\/\\\/schema.org\",\"@graph\":[{\"@type\":\"WebPage\",\"@id\":\"https:\\\/\\\/rideauclub.ca\\\/fr\\\/le-club\\\/mission-vision-valeurs\\\/\",\"url\":\"https:\\\/\\\/rideauclub.ca\\\/fr\\\/le-club\\\/mission-vision-valeurs\\\/\",\"name\":\"Mission, vision et valeurs - Rideau Club Ottawa\",\"isPartOf\":{\"@id\":\"https:\\\/\\\/rideauclub.ca\\\/fr\\\/#website\"},\"datePublished\":\"2018-12-02T21:03:02+00:00\",\"dateModified\":\"2022-06-15T17:40:35+00:00\",\"breadcrumb\":{\"@id\":\"https:\\\/\\\/rideauclub.ca\\\/fr\\\/le-club\\\/mission-vision-valeurs\\\/#breadcrumb\"},\"inLanguage\":\"fr-FR\",\"potentialAction\":[{\"@type\":\"ReadAction\",\"target\":[\"https:\\\/\\\/rideauclub.ca\\\/fr\\\/le-club\\\/mission-vision-valeurs\\\/\"]}]},{\"@type\":\"BreadcrumbList\",\"@id\":\"https:\\\/\\\/rideauclub.ca\\\/fr\\\/le-club\\\/mission-vision-valeurs\\\/#breadcrumb\",\"itemListElement\":[{\"@type\":\"ListItem\",\"position\":1,\"name\":\"Home\",\"item\":\"https:\\\/\\\/rideauclub.ca\\\/fr\\\/\"},{\"@type\":\"ListItem\",\"position\":2,\"name\":\"Le Club\",\"item\":\"https:\\\/\\\/rideauclub.ca\\\/fr\\\/le-club\\\/\"},{\"@type\":\"ListItem\",\"position\":3,\"name\":\"Mission, vision et valeurs\"}]},{\"@type\":\"WebSite\",\"@id\":\"https:\\\/\\\/rideauclub.ca\\\/fr\\\/#website\",\"url\":\"https:\\\/\\\/rideauclub.ca\\\/fr\\\/\",\"name\":\"Rideau Club Ottawa\",\"description\":\"\",\"potentialAction\":[{\"@type\":\"SearchAction\",\"target\":{\"@type\":\"EntryPoint\",\"urlTemplate\":\"https:\\\/\\\/rideauclub.ca\\\/fr\\\/?s={search_term_string}\"},\"query-input\":{\"@type\":\"PropertyValueSpecification\",\"valueRequired\":true,\"valueName\":\"search_term_string\"}}],\"inLanguage\":\"fr-FR\"}]}<\/script>\n<!-- \/ Yoast SEO plugin. -->","yoast_head_json":{"title":"Mission, vision et valeurs - Rideau Club Ottawa","robots":{"index":"index","follow":"follow","max-snippet":"max-snippet:-1","max-image-preview":"max-image-preview:large","max-video-preview":"max-video-preview:-1"},"canonical":"https:\/\/rideauclub.ca\/fr\/le-club\/mission-vision-valeurs\/","og_locale":"fr_FR","og_type":"article","og_title":"Mission, vision et valeurs - Rideau Club Ottawa","og_description":"\u00c9nonc\u00e9 de mission Notre mission est de cr\u00e9er des exp\u00e9riences et des opportunit\u00e9s uniques pour nos membres dans une atmosph\u00e8re de camaraderie et d&rsquo;appartenance qui divertit et enrichit. Valeurs fondamentales [&hellip;]","og_url":"https:\/\/rideauclub.ca\/fr\/le-club\/mission-vision-valeurs\/","og_site_name":"Rideau Club Ottawa","article_modified_time":"2022-06-15T17:40:35+00:00","twitter_card":"summary_large_image","twitter_misc":{"Dur\u00e9e de lecture estim\u00e9e":"1 minute"},"schema":{"@context":"https:\/\/schema.org","@graph":[{"@type":"WebPage","@id":"https:\/\/rideauclub.ca\/fr\/le-club\/mission-vision-valeurs\/","url":"https:\/\/rideauclub.ca\/fr\/le-club\/mission-vision-valeurs\/","name":"Mission, vision et valeurs - Rideau Club Ottawa","isPartOf":{"@id":"https:\/\/rideauclub.ca\/fr\/#website"},"datePublished":"2018-12-02T21:03:02+00:00","dateModified":"2022-06-15T17:40:35+00:00","breadcrumb":{"@id":"https:\/\/rideauclub.ca\/fr\/le-club\/mission-vision-valeurs\/#breadcrumb"},"inLanguage":"fr-FR","potentialAction":[{"@type":"ReadAction","target":["https:\/\/rideauclub.ca\/fr\/le-club\/mission-vision-valeurs\/"]}]},{"@type":"BreadcrumbList","@id":"https:\/\/rideauclub.ca\/fr\/le-club\/mission-vision-valeurs\/#breadcrumb","itemListElement":[{"@type":"ListItem","position":1,"name":"Home","item":"https:\/\/rideauclub.ca\/fr\/"},{"@type":"ListItem","position":2,"name":"Le Club","item":"https:\/\/rideauclub.ca\/fr\/le-club\/"},{"@type":"ListItem","position":3,"name":"Mission, vision et valeurs"}]},{"@type":"WebSite","@id":"https:\/\/rideauclub.ca\/fr\/#website","url":"https:\/\/rideauclub.ca\/fr\/","name":"Rideau Club Ottawa","description":"","potentialAction":[{"@type":"SearchAction","target":{"@type":"EntryPoint","urlTemplate":"https:\/\/rideauclub.ca\/fr\/?s={search_term_string}"},"query-input":{"@type":"PropertyValueSpecification","valueRequired":true,"valueName":"search_term_string"}}],"inLanguage":"fr-FR"}]}},"_links":{"self":[{"href":"https:\/\/rideauclub.ca\/fr\/wp-json\/wp\/v2\/pages\/3107","targetHints":{"allow":["GET"]}}],"collection":[{"href":"https:\/\/rideauclub.ca\/fr\/wp-json\/wp\/v2\/pages"}],"about":[{"href":"https:\/\/rideauclub.ca\/fr\/wp-json\/wp\/v2\/types\/page"}],"author":[{"embeddable":true,"href":"https:\/\/rideauclub.ca\/fr\/wp-json\/wp\/v2\/users\/1"}],"replies":[{"embeddable":true,"href":"https:\/\/rideauclub.ca\/fr\/wp-json\/wp\/v2\/comments?post=3107"}],"version-history":[{"count":5,"href":"https:\/\/rideauclub.ca\/fr\/wp-json\/wp\/v2\/pages\/3107\/revisions"}],"predecessor-version":[{"id":7584,"href":"https:\/\/rideauclub.ca\/fr\/wp-json\/wp\/v2\/pages\/3107\/revisions\/7584"}],"up":[{"embeddable":true,"href":"https:\/\/rideauclub.ca\/fr\/wp-json\/wp\/v2\/pages\/3095"}],"wp:attachment":[{"href":"https:\/\/rideauclub.ca\/fr\/wp-json\/wp\/v2\/media?parent=3107"}],"curies":[{"name":"wp","href":"https:\/\/api.w.org\/{rel}","templated":true}]}}