{"id":3105,"date":"2018-12-04T21:03:30","date_gmt":"2018-12-04T21:03:30","guid":{"rendered":"http:\/\/www.rideauclub.ca\/le-club\/hours-access\/"},"modified":"2023-06-28T17:57:34","modified_gmt":"2023-06-28T17:57:34","slug":"heures-douverture-et-accessibilite","status":"publish","type":"page","link":"https:\/\/rideauclub.ca\/fr\/le-club\/heures-douverture-et-accessibilite\/","title":{"rendered":"HEURES ET ACC\u00c8S"},"content":{"rendered":"<h3><strong>ACC\u00c8S AU CLUB<\/strong><\/h3>\n<ul>\n<li><span id=\"x_email_7\"><strong>Samedi et dimanche<\/strong> &#8211; Ferm\u00e9<\/span><\/li>\n<li><span id=\"x_email_8\"><strong>Mardi et mercredi <\/strong>\u2013\u00a08h \u00e0 16h\u00a0<\/span><\/li>\n<li><span id=\"x_email_9\"><strong>Jeudi et vendredi <\/strong>\u2013 7h30 \u00e0 19<\/span><\/li>\n<\/ul>\n<h3><strong>HEURES DE RESTAURATION<\/strong><\/h3>\n<ul>\n<li><span id=\"x_email_7\"><strong>Samedi et dimanche &#8211; <\/strong>FERM\u00c9<\/span><\/li>\n<li><span id=\"x_email_8\"><strong>Mardi et mercredi <\/strong>\u2013 11h \u00e0 16h\u00a0<\/span><\/li>\n<li><span id=\"x_email_9\"><strong>Jeudi et vendredi <\/strong>\u2013 <strong>Petit d\u00e9jeuner\u00a0<\/strong>7h30 \u00e0 9h;\u00a0<strong>D\u00e9jeuner\u00a0<\/strong>11h \u00e0 14h;\u00a0<strong>D\u00eener <\/strong>17h \u00e0 19h<\/span><\/li>\n<\/ul>\n<p><em><strong>Veuillez noter que pour visiter le Club une r\u00e9servation est requise <\/strong>afin d\u2019assurer l\u2019\u00e9loignement physique et de respecter les directives de capacit\u00e9.<\/em><\/p>\n<ul>\n<li><strong><a href=\"https:\/\/rideauclub.clubhouseonline-e3.net\/Dining\/Formulaire_de_reservation\">Cliquez ici<\/a>\u00a0pour faire une r\u00e9servation.\u00a0<\/strong>Ou bien, appelez le Club \u00e0 613-233-7787 ou envoyez un courriel \u00e0\u00a0<a href=\"mailto:reservations@rideauclub.ca\">reservations@rideauclub.ca<\/a><\/li>\n<li><a href=\"https:\/\/www.rideauclub.ca\/the-club\/guest-policies\/\">Cliquez ici<\/a>\u00a0pour voir la mise \u00e0 jour du code vestimentaire<\/li>\n<li>Le service de stationnement est disponible, <a href=\"https:\/\/www.rideauclub.ca\/fr\/personnes-ressources\/stationnement\/\">cliquez ici<\/a> pour plus de d\u00e9tails<\/li>\n<\/ul>\n<h4><strong><span style=\"text-decoration: underline;\">AVIS \u00c0 TOUS LES MEMBRES CONCERNANT LES R\u00c9SERVATIONS<\/span><\/strong><\/h4>\n<p><em>Nous pr\u00e9voyons deux plages horaires distinctes pour les repas et demandons aux membres de limiter leur exp\u00e9rience culinaire \u00e0 90 minutes.<\/em><br \/>\n<em><strong>Veuillez noter<\/strong>: si vous arrivez 15 minutes apr\u00e8s l&rsquo;heure de votre r\u00e9servation, votre r\u00e9servation est susceptible d&rsquo;\u00eatre offerte aux membres inscrits sur notre liste d&rsquo;attente.<\/em><\/p>\n","protected":false},"excerpt":{"rendered":"<p>ACC\u00c8S AU CLUB Samedi et dimanche &#8211; Ferm\u00e9 Mardi et mercredi \u2013\u00a08h \u00e0 16h\u00a0 Jeudi et vendredi \u2013 7h30 \u00e0 19 HEURES DE RESTAURATION Samedi et dimanche &#8211; FERM\u00c9 Mardi [&hellip;]<\/p>\n","protected":false},"author":1,"featured_media":0,"parent":3095,"menu_order":45,"comment_status":"closed","ping_status":"closed","template":"","meta":{"_acf_changed":false,"footnotes":""},"class_list":["post-3105","page","type-page","status-publish","hentry"],"acf":[],"yoast_head":"<!-- This site is optimized with the Yoast SEO plugin v27.3 - https:\/\/yoast.com\/product\/yoast-seo-wordpress\/ -->\n<title>HEURES ET ACC\u00c8S - Rideau Club Ottawa<\/title>\n<meta name=\"robots\" content=\"index, follow, max-snippet:-1, max-image-preview:large, max-video-preview:-1\" \/>\n<link rel=\"canonical\" href=\"https:\/\/rideauclub.ca\/fr\/le-club\/heures-douverture-et-accessibilite\/\" \/>\n<meta property=\"og:locale\" content=\"fr_FR\" \/>\n<meta property=\"og:type\" content=\"article\" \/>\n<meta property=\"og:title\" content=\"HEURES ET ACC\u00c8S - Rideau Club Ottawa\" \/>\n<meta property=\"og:description\" content=\"ACC\u00c8S AU CLUB Samedi et dimanche &#8211; Ferm\u00e9 Mardi et mercredi \u2013\u00a08h \u00e0 16h\u00a0 Jeudi et vendredi \u2013 7h30 \u00e0 19 HEURES DE RESTAURATION Samedi et dimanche &#8211; FERM\u00c9 Mardi [&hellip;]\" \/>\n<meta property=\"og:url\" content=\"https:\/\/rideauclub.ca\/fr\/le-club\/heures-douverture-et-accessibilite\/\" \/>\n<meta property=\"og:site_name\" content=\"Rideau Club Ottawa\" \/>\n<meta property=\"article:modified_time\" content=\"2023-06-28T17:57:34+00:00\" \/>\n<meta name=\"twitter:card\" content=\"summary_large_image\" \/>\n<meta name=\"twitter:label1\" content=\"Dur\u00e9e de lecture estim\u00e9e\" \/>\n\t<meta name=\"twitter:data1\" content=\"1 minute\" \/>\n<script type=\"application\/ld+json\" class=\"yoast-schema-graph\">{\"@context\":\"https:\\\/\\\/schema.org\",\"@graph\":[{\"@type\":\"WebPage\",\"@id\":\"https:\\\/\\\/rideauclub.ca\\\/fr\\\/le-club\\\/heures-douverture-et-accessibilite\\\/\",\"url\":\"https:\\\/\\\/rideauclub.ca\\\/fr\\\/le-club\\\/heures-douverture-et-accessibilite\\\/\",\"name\":\"HEURES ET ACC\u00c8S - Rideau Club Ottawa\",\"isPartOf\":{\"@id\":\"https:\\\/\\\/rideauclub.ca\\\/fr\\\/#website\"},\"datePublished\":\"2018-12-04T21:03:30+00:00\",\"dateModified\":\"2023-06-28T17:57:34+00:00\",\"breadcrumb\":{\"@id\":\"https:\\\/\\\/rideauclub.ca\\\/fr\\\/le-club\\\/heures-douverture-et-accessibilite\\\/#breadcrumb\"},\"inLanguage\":\"fr-FR\",\"potentialAction\":[{\"@type\":\"ReadAction\",\"target\":[\"https:\\\/\\\/rideauclub.ca\\\/fr\\\/le-club\\\/heures-douverture-et-accessibilite\\\/\"]}]},{\"@type\":\"BreadcrumbList\",\"@id\":\"https:\\\/\\\/rideauclub.ca\\\/fr\\\/le-club\\\/heures-douverture-et-accessibilite\\\/#breadcrumb\",\"itemListElement\":[{\"@type\":\"ListItem\",\"position\":1,\"name\":\"Home\",\"item\":\"https:\\\/\\\/rideauclub.ca\\\/fr\\\/\"},{\"@type\":\"ListItem\",\"position\":2,\"name\":\"Le Club\",\"item\":\"https:\\\/\\\/rideauclub.ca\\\/fr\\\/le-club\\\/\"},{\"@type\":\"ListItem\",\"position\":3,\"name\":\"HEURES ET ACC\u00c8S\"}]},{\"@type\":\"WebSite\",\"@id\":\"https:\\\/\\\/rideauclub.ca\\\/fr\\\/#website\",\"url\":\"https:\\\/\\\/rideauclub.ca\\\/fr\\\/\",\"name\":\"Rideau Club Ottawa\",\"description\":\"\",\"potentialAction\":[{\"@type\":\"SearchAction\",\"target\":{\"@type\":\"EntryPoint\",\"urlTemplate\":\"https:\\\/\\\/rideauclub.ca\\\/fr\\\/?s={search_term_string}\"},\"query-input\":{\"@type\":\"PropertyValueSpecification\",\"valueRequired\":true,\"valueName\":\"search_term_string\"}}],\"inLanguage\":\"fr-FR\"}]}<\/script>\n<!-- \/ Yoast SEO plugin. -->","yoast_head_json":{"title":"HEURES ET ACC\u00c8S - Rideau Club Ottawa","robots":{"index":"index","follow":"follow","max-snippet":"max-snippet:-1","max-image-preview":"max-image-preview:large","max-video-preview":"max-video-preview:-1"},"canonical":"https:\/\/rideauclub.ca\/fr\/le-club\/heures-douverture-et-accessibilite\/","og_locale":"fr_FR","og_type":"article","og_title":"HEURES ET ACC\u00c8S - Rideau Club Ottawa","og_description":"ACC\u00c8S AU CLUB Samedi et dimanche &#8211; Ferm\u00e9 Mardi et mercredi \u2013\u00a08h \u00e0 16h\u00a0 Jeudi et vendredi \u2013 7h30 \u00e0 19 HEURES DE RESTAURATION Samedi et dimanche &#8211; FERM\u00c9 Mardi [&hellip;]","og_url":"https:\/\/rideauclub.ca\/fr\/le-club\/heures-douverture-et-accessibilite\/","og_site_name":"Rideau Club Ottawa","article_modified_time":"2023-06-28T17:57:34+00:00","twitter_card":"summary_large_image","twitter_misc":{"Dur\u00e9e de lecture estim\u00e9e":"1 minute"},"schema":{"@context":"https:\/\/schema.org","@graph":[{"@type":"WebPage","@id":"https:\/\/rideauclub.ca\/fr\/le-club\/heures-douverture-et-accessibilite\/","url":"https:\/\/rideauclub.ca\/fr\/le-club\/heures-douverture-et-accessibilite\/","name":"HEURES ET ACC\u00c8S - Rideau Club Ottawa","isPartOf":{"@id":"https:\/\/rideauclub.ca\/fr\/#website"},"datePublished":"2018-12-04T21:03:30+00:00","dateModified":"2023-06-28T17:57:34+00:00","breadcrumb":{"@id":"https:\/\/rideauclub.ca\/fr\/le-club\/heures-douverture-et-accessibilite\/#breadcrumb"},"inLanguage":"fr-FR","potentialAction":[{"@type":"ReadAction","target":["https:\/\/rideauclub.ca\/fr\/le-club\/heures-douverture-et-accessibilite\/"]}]},{"@type":"BreadcrumbList","@id":"https:\/\/rideauclub.ca\/fr\/le-club\/heures-douverture-et-accessibilite\/#breadcrumb","itemListElement":[{"@type":"ListItem","position":1,"name":"Home","item":"https:\/\/rideauclub.ca\/fr\/"},{"@type":"ListItem","position":2,"name":"Le Club","item":"https:\/\/rideauclub.ca\/fr\/le-club\/"},{"@type":"ListItem","position":3,"name":"HEURES ET ACC\u00c8S"}]},{"@type":"WebSite","@id":"https:\/\/rideauclub.ca\/fr\/#website","url":"https:\/\/rideauclub.ca\/fr\/","name":"Rideau Club Ottawa","description":"","potentialAction":[{"@type":"SearchAction","target":{"@type":"EntryPoint","urlTemplate":"https:\/\/rideauclub.ca\/fr\/?s={search_term_string}"},"query-input":{"@type":"PropertyValueSpecification","valueRequired":true,"valueName":"search_term_string"}}],"inLanguage":"fr-FR"}]}},"_links":{"self":[{"href":"https:\/\/rideauclub.ca\/fr\/wp-json\/wp\/v2\/pages\/3105","targetHints":{"allow":["GET"]}}],"collection":[{"href":"https:\/\/rideauclub.ca\/fr\/wp-json\/wp\/v2\/pages"}],"about":[{"href":"https:\/\/rideauclub.ca\/fr\/wp-json\/wp\/v2\/types\/page"}],"author":[{"embeddable":true,"href":"https:\/\/rideauclub.ca\/fr\/wp-json\/wp\/v2\/users\/1"}],"replies":[{"embeddable":true,"href":"https:\/\/rideauclub.ca\/fr\/wp-json\/wp\/v2\/comments?post=3105"}],"version-history":[{"count":5,"href":"https:\/\/rideauclub.ca\/fr\/wp-json\/wp\/v2\/pages\/3105\/revisions"}],"predecessor-version":[{"id":9613,"href":"https:\/\/rideauclub.ca\/fr\/wp-json\/wp\/v2\/pages\/3105\/revisions\/9613"}],"up":[{"embeddable":true,"href":"https:\/\/rideauclub.ca\/fr\/wp-json\/wp\/v2\/pages\/3095"}],"wp:attachment":[{"href":"https:\/\/rideauclub.ca\/fr\/wp-json\/wp\/v2\/media?parent=3105"}],"curies":[{"name":"wp","href":"https:\/\/api.w.org\/{rel}","templated":true}]}}