{"id":3103,"date":"2018-12-05T21:03:49","date_gmt":"2018-12-05T21:03:49","guid":{"rendered":"http:\/\/www.rideauclub.ca\/le-club\/guest-policies\/"},"modified":"2023-12-12T19:27:24","modified_gmt":"2023-12-12T19:27:24","slug":"reglements-internes","status":"publish","type":"page","link":"https:\/\/rideauclub.ca\/fr\/le-club\/reglements-internes\/","title":{"rendered":"R\u00e8glements\/Code vestimentaire"},"content":{"rendered":"<h2>Comportement des membres et des invit\u00e9.e.s<\/h2>\n<p>Conform\u00e9ment \u00e0 notre devise \u00ab Savoir faire, Savoir vivre \u00bb, la conduite de nos membres et invit\u00e9s devrait \u00eatre \u00e0 tout moment exemplaire, et digne des traditions et des valeurs du Club.<\/p>\n<p>Les members et les invit\u00e9s sont personnellement responsables de veiller \u00e0 leur propre respect des lois concernant la consommation d&rsquo;alcool, notamment en ce qui concerne l\u2019op\u00e9ration des v\u00e9hicules. Il s\u2019agit d\u2019une responsabilit\u00e9 enti\u00e8rement assum\u00e9e par les membres, \u00e0 l\u2019exclusion totale du Club.<\/p>\n<h2>Tenue vestimentaire<\/h2>\n<p>Les membres et les invit\u00e9s doivent se conformer en tout temps aux normes appropri\u00e9es de tenue vestimentaire. Il est entendu qu\u2019ils doivent respecter les lignes directrices suivantes :<\/p>\n<h4>SALLE \u00c0 MANGER PRINCIPALE &#8211; Tenue d\u2019affaires<\/h4>\n<ul>\n<li>Pour les messieurs : CRAVATE et VESTE DE COSTUME requise<\/li>\n<\/ul>\n<h4>PARTOUT AILLEURS AU CLUB \u2013 Tenue d\u2019affaires d\u00e9contract\u00e9e<\/h4>\n<ul>\n<li>Pantalons ajust\u00e9s ou pantalons d\u00e9contract\u00e9s \u00e9l\u00e9gants <em>(denim permis)<\/em>; les chemises doivent avoir un col et des manches, pulls \u00e0 col roul\u00e9, chemise de golf; veste de costume\u00a0<em>(obligatoire seulement dans la salle \u00e0 manger principale), <\/em>jupes; chemisiers avec ou sans col, robes d\u2019\u00e9t\u00e9 sans manches.<\/li>\n<\/ul>\n<h4>Une tenue vestimentaire plus formelle est toujours de mise au Club.<\/h4>\n<p><em><strong>Veuillez noter que les invit\u00e9.e.s qui assistent \u00e0 des activit\u00e9s priv\u00e9es doivent porter une tenue d\u2019affaires d\u00e9contract\u00e9e, sauf indication contraire de l\u2019h\u00f4te<\/strong><br \/>\n<\/em><\/p>\n<h4>TENUE INTERDITE PARTOUT AU CLUB<\/h4>\n<ul>\n<li>Culottes courtes, pantalons d\u2019entra\u00eenement ou de yoga, pantalons d\u00e9color\u00e9s, us\u00e9s et\/ou d\u00e9chir\u00e9s, pantalons cargo<\/li>\n<li>Hauts courts ou d\u00e9bardeurs, tee-shirts, chandails \u00e0 capuchon, chandails en coton molletonn\u00e9, vestes ou chandails en laine polaire, v\u00eatements d\u2019ext\u00e9rieur<\/li>\n<li>V\u00eatements qui affichent un slogan ou un message publicitaire, v\u00eatements froiss\u00e9s ou non lav\u00e9s, sous-v\u00eatements visibles (p. ex., dessous ou soutien-gorge)<\/li>\n<li>Espadrilles de toile ou de nylon\/chaussures de sport, bottes de travail, bottes d\u2019hiver, sandales (hommes), sandales d\u00e9contract\u00e9es (femmes \u2013 p. ex., de style tongs)<\/li>\n<li>Uniformes de combat ou tactique, chapeaux\/casquettes<\/li>\n<\/ul>\n<h2>G\u00e9n\u00e9ral<\/h2>\n<ol>\n<li>Les effets personnels tels que chapeaux, manteaux, parapluies et couvre-chaussures, porte-documents et objets de valeur peuvent \u00eatre laiss\u00e9s \u00e0 la r\u00e9ception. Le Club se d\u00e9gage de toute responsabilit\u00e9 en cas de perte d&rsquo;effets personnels.<\/li>\n<li>Les appareils de communication \u00e9lectronique (ordinateurs portables, tablettes, t\u00e9l\u00e9phones portables, etc.) peuvent \u00eatre utilis\u00e9s discr\u00e8tement en mode silencieux dans tout le Club, \u00e0 l&rsquo;exception de la salle \u00e0 manger principale. Les appels t\u00e9l\u00e9phoniques peuvent \u00eatre pass\u00e9s et re\u00e7us dans les salles priv\u00e9es r\u00e9serv\u00e9es aux r\u00e9unions.<\/li>\n<li>La prise de photos par les Membres et leurs invit\u00e9s est autoris\u00e9e dans les zones du Club o\u00f9 les appareils de communication \u00e9lectronique sont autoris\u00e9s. Afin de prot\u00e9ger la vie priv\u00e9e de nos Membres, de leurs invit\u00e9.es et de nos employ\u00e9.es, les photographies ne doivent pas inclure des personnes qui n&rsquo;ont pas donn\u00e9 leur consentement explicite ni aucun employ\u00e9.e du Club.<\/li>\n<\/ol>\n<h2>\u00c0 propos du service au bar\/restauration<\/h2>\n<ul>\n<li>Les invit\u00e9s doivent respecter la d\u00e9cision d\u2019un employ\u00e9 du Club de refuser le service d\u2019alcool. Les employ\u00e9s du Club charg\u00e9s du service des boissons alcoolis\u00e9es ont re\u00e7u la formation requise approuv\u00e9e par la Commission des alcools et des jeux de l&rsquo;Ontario et sont tenus de se conformer \u00e0 la politique du Club sur le service de l\u2019alcool.<\/li>\n<\/ul>\n<p>&nbsp;<\/p>\n<p>Pour de plus amples informations, veuillez contacter le Club \u00e0<em>\u00a0<\/em>(613)\u00a0233-7787.<\/p>\n","protected":false},"excerpt":{"rendered":"<p>Comportement des membres et des invit\u00e9.e.s Conform\u00e9ment \u00e0 notre devise \u00ab Savoir faire, Savoir vivre \u00bb, la conduite de nos membres et invit\u00e9s devrait \u00eatre \u00e0 tout moment exemplaire, et [&hellip;]<\/p>\n","protected":false},"author":1,"featured_media":0,"parent":3095,"menu_order":43,"comment_status":"closed","ping_status":"closed","template":"","meta":{"_acf_changed":false,"footnotes":""},"class_list":["post-3103","page","type-page","status-publish","hentry"],"acf":[],"yoast_head":"<!-- This site is optimized with the Yoast SEO plugin v27.3 - https:\/\/yoast.com\/product\/yoast-seo-wordpress\/ -->\n<title>R\u00e8glements\/Code vestimentaire - Rideau Club Ottawa<\/title>\n<meta name=\"robots\" content=\"index, follow, max-snippet:-1, max-image-preview:large, max-video-preview:-1\" \/>\n<link rel=\"canonical\" href=\"https:\/\/rideauclub.ca\/fr\/le-club\/reglements-internes\/\" \/>\n<meta property=\"og:locale\" content=\"fr_FR\" \/>\n<meta property=\"og:type\" content=\"article\" \/>\n<meta property=\"og:title\" content=\"R\u00e8glements\/Code vestimentaire - Rideau Club Ottawa\" \/>\n<meta property=\"og:description\" content=\"Comportement des membres et des invit\u00e9.e.s Conform\u00e9ment \u00e0 notre devise \u00ab Savoir faire, Savoir vivre \u00bb, la conduite de nos membres et invit\u00e9s devrait \u00eatre \u00e0 tout moment exemplaire, et [&hellip;]\" \/>\n<meta property=\"og:url\" content=\"https:\/\/rideauclub.ca\/fr\/le-club\/reglements-internes\/\" \/>\n<meta property=\"og:site_name\" content=\"Rideau Club Ottawa\" \/>\n<meta property=\"article:modified_time\" content=\"2023-12-12T19:27:24+00:00\" \/>\n<meta name=\"twitter:card\" content=\"summary_large_image\" \/>\n<meta name=\"twitter:label1\" content=\"Dur\u00e9e de lecture estim\u00e9e\" \/>\n\t<meta name=\"twitter:data1\" content=\"3 minutes\" \/>\n<script type=\"application\/ld+json\" class=\"yoast-schema-graph\">{\"@context\":\"https:\\\/\\\/schema.org\",\"@graph\":[{\"@type\":\"WebPage\",\"@id\":\"https:\\\/\\\/rideauclub.ca\\\/fr\\\/le-club\\\/reglements-internes\\\/\",\"url\":\"https:\\\/\\\/rideauclub.ca\\\/fr\\\/le-club\\\/reglements-internes\\\/\",\"name\":\"R\u00e8glements\\\/Code vestimentaire - Rideau Club Ottawa\",\"isPartOf\":{\"@id\":\"https:\\\/\\\/rideauclub.ca\\\/fr\\\/#website\"},\"datePublished\":\"2018-12-05T21:03:49+00:00\",\"dateModified\":\"2023-12-12T19:27:24+00:00\",\"breadcrumb\":{\"@id\":\"https:\\\/\\\/rideauclub.ca\\\/fr\\\/le-club\\\/reglements-internes\\\/#breadcrumb\"},\"inLanguage\":\"fr-FR\",\"potentialAction\":[{\"@type\":\"ReadAction\",\"target\":[\"https:\\\/\\\/rideauclub.ca\\\/fr\\\/le-club\\\/reglements-internes\\\/\"]}]},{\"@type\":\"BreadcrumbList\",\"@id\":\"https:\\\/\\\/rideauclub.ca\\\/fr\\\/le-club\\\/reglements-internes\\\/#breadcrumb\",\"itemListElement\":[{\"@type\":\"ListItem\",\"position\":1,\"name\":\"Home\",\"item\":\"https:\\\/\\\/rideauclub.ca\\\/fr\\\/\"},{\"@type\":\"ListItem\",\"position\":2,\"name\":\"Le Club\",\"item\":\"https:\\\/\\\/rideauclub.ca\\\/fr\\\/le-club\\\/\"},{\"@type\":\"ListItem\",\"position\":3,\"name\":\"R\u00e8glements\\\/Code vestimentaire\"}]},{\"@type\":\"WebSite\",\"@id\":\"https:\\\/\\\/rideauclub.ca\\\/fr\\\/#website\",\"url\":\"https:\\\/\\\/rideauclub.ca\\\/fr\\\/\",\"name\":\"Rideau Club Ottawa\",\"description\":\"\",\"potentialAction\":[{\"@type\":\"SearchAction\",\"target\":{\"@type\":\"EntryPoint\",\"urlTemplate\":\"https:\\\/\\\/rideauclub.ca\\\/fr\\\/?s={search_term_string}\"},\"query-input\":{\"@type\":\"PropertyValueSpecification\",\"valueRequired\":true,\"valueName\":\"search_term_string\"}}],\"inLanguage\":\"fr-FR\"}]}<\/script>\n<!-- \/ Yoast SEO plugin. -->","yoast_head_json":{"title":"R\u00e8glements\/Code vestimentaire - Rideau Club Ottawa","robots":{"index":"index","follow":"follow","max-snippet":"max-snippet:-1","max-image-preview":"max-image-preview:large","max-video-preview":"max-video-preview:-1"},"canonical":"https:\/\/rideauclub.ca\/fr\/le-club\/reglements-internes\/","og_locale":"fr_FR","og_type":"article","og_title":"R\u00e8glements\/Code vestimentaire - Rideau Club Ottawa","og_description":"Comportement des membres et des invit\u00e9.e.s Conform\u00e9ment \u00e0 notre devise \u00ab Savoir faire, Savoir vivre \u00bb, la conduite de nos membres et invit\u00e9s devrait \u00eatre \u00e0 tout moment exemplaire, et [&hellip;]","og_url":"https:\/\/rideauclub.ca\/fr\/le-club\/reglements-internes\/","og_site_name":"Rideau Club Ottawa","article_modified_time":"2023-12-12T19:27:24+00:00","twitter_card":"summary_large_image","twitter_misc":{"Dur\u00e9e de lecture estim\u00e9e":"3 minutes"},"schema":{"@context":"https:\/\/schema.org","@graph":[{"@type":"WebPage","@id":"https:\/\/rideauclub.ca\/fr\/le-club\/reglements-internes\/","url":"https:\/\/rideauclub.ca\/fr\/le-club\/reglements-internes\/","name":"R\u00e8glements\/Code vestimentaire - Rideau Club Ottawa","isPartOf":{"@id":"https:\/\/rideauclub.ca\/fr\/#website"},"datePublished":"2018-12-05T21:03:49+00:00","dateModified":"2023-12-12T19:27:24+00:00","breadcrumb":{"@id":"https:\/\/rideauclub.ca\/fr\/le-club\/reglements-internes\/#breadcrumb"},"inLanguage":"fr-FR","potentialAction":[{"@type":"ReadAction","target":["https:\/\/rideauclub.ca\/fr\/le-club\/reglements-internes\/"]}]},{"@type":"BreadcrumbList","@id":"https:\/\/rideauclub.ca\/fr\/le-club\/reglements-internes\/#breadcrumb","itemListElement":[{"@type":"ListItem","position":1,"name":"Home","item":"https:\/\/rideauclub.ca\/fr\/"},{"@type":"ListItem","position":2,"name":"Le Club","item":"https:\/\/rideauclub.ca\/fr\/le-club\/"},{"@type":"ListItem","position":3,"name":"R\u00e8glements\/Code vestimentaire"}]},{"@type":"WebSite","@id":"https:\/\/rideauclub.ca\/fr\/#website","url":"https:\/\/rideauclub.ca\/fr\/","name":"Rideau Club Ottawa","description":"","potentialAction":[{"@type":"SearchAction","target":{"@type":"EntryPoint","urlTemplate":"https:\/\/rideauclub.ca\/fr\/?s={search_term_string}"},"query-input":{"@type":"PropertyValueSpecification","valueRequired":true,"valueName":"search_term_string"}}],"inLanguage":"fr-FR"}]}},"_links":{"self":[{"href":"https:\/\/rideauclub.ca\/fr\/wp-json\/wp\/v2\/pages\/3103","targetHints":{"allow":["GET"]}}],"collection":[{"href":"https:\/\/rideauclub.ca\/fr\/wp-json\/wp\/v2\/pages"}],"about":[{"href":"https:\/\/rideauclub.ca\/fr\/wp-json\/wp\/v2\/types\/page"}],"author":[{"embeddable":true,"href":"https:\/\/rideauclub.ca\/fr\/wp-json\/wp\/v2\/users\/1"}],"replies":[{"embeddable":true,"href":"https:\/\/rideauclub.ca\/fr\/wp-json\/wp\/v2\/comments?post=3103"}],"version-history":[{"count":5,"href":"https:\/\/rideauclub.ca\/fr\/wp-json\/wp\/v2\/pages\/3103\/revisions"}],"predecessor-version":[{"id":10280,"href":"https:\/\/rideauclub.ca\/fr\/wp-json\/wp\/v2\/pages\/3103\/revisions\/10280"}],"up":[{"embeddable":true,"href":"https:\/\/rideauclub.ca\/fr\/wp-json\/wp\/v2\/pages\/3095"}],"wp:attachment":[{"href":"https:\/\/rideauclub.ca\/fr\/wp-json\/wp\/v2\/media?parent=3103"}],"curies":[{"name":"wp","href":"https:\/\/api.w.org\/{rel}","templated":true}]}}