{"id":3097,"date":"2018-12-10T21:04:08","date_gmt":"2018-12-10T21:04:08","guid":{"rendered":"http:\/\/www.rideauclub.ca\/le-club\/aoda-policies\/"},"modified":"2025-12-04T20:12:35","modified_gmt":"2025-12-04T20:12:35","slug":"politique-lapho","status":"publish","type":"page","link":"https:\/\/rideauclub.ca\/fr\/le-club\/politique-lapho\/","title":{"rendered":"ACCESSIBILIT\u00c9"},"content":{"rendered":"<p><span style=\"font-weight: 400;\">Le Rideau Club s\u2019engage \u00e0 fournir des services constants et de grande qualit\u00e9 \u00e0 tous les membres et \u00e0 leurs invit\u00e9s, y compris les personnes handicap\u00e9es.<\/span><\/p>\n<p><span style=\"font-weight: 400;\"><a href=\"https:\/\/rideauclub.ca\/wp-content\/uploads\/2025\/12\/Accessibility-on-website-2025.pdf\">Cliquez ici<\/a> pour avoir de plus amples renseignements sur nos politiques, nos pratiques et nos proc\u00e9dures pour la prestation de services accessibles pour les personnes handicap\u00e9es.\u00a0<\/span><\/p>\n<p>Pour toute information suppl\u00e9mentaire, contactez <strong>Carol-Ann Goering<\/strong>, Directrice g\u00e9n\u00e9rale et Chef des op\u00e9rations\u2013 cgoering@rideauclub.ca<\/p>\n","protected":false},"excerpt":{"rendered":"<p>Le Rideau Club s\u2019engage \u00e0 fournir des services constants et de grande qualit\u00e9 \u00e0 tous les membres et \u00e0 leurs invit\u00e9s, y compris les personnes handicap\u00e9es. Cliquez ici pour avoir [&hellip;]<\/p>\n","protected":false},"author":1,"featured_media":0,"parent":3095,"menu_order":51,"comment_status":"closed","ping_status":"closed","template":"","meta":{"_acf_changed":false,"footnotes":""},"class_list":["post-3097","page","type-page","status-publish","hentry"],"acf":[],"yoast_head":"<!-- This site is optimized with the Yoast SEO plugin v27.3 - https:\/\/yoast.com\/product\/yoast-seo-wordpress\/ -->\n<title>ACCESSIBILIT\u00c9 - Rideau Club Ottawa<\/title>\n<meta name=\"robots\" content=\"index, follow, max-snippet:-1, max-image-preview:large, max-video-preview:-1\" \/>\n<link rel=\"canonical\" href=\"https:\/\/rideauclub.ca\/fr\/le-club\/politique-lapho\/\" \/>\n<meta property=\"og:locale\" content=\"fr_FR\" \/>\n<meta property=\"og:type\" content=\"article\" \/>\n<meta property=\"og:title\" content=\"ACCESSIBILIT\u00c9 - Rideau Club Ottawa\" \/>\n<meta property=\"og:description\" content=\"Le Rideau Club s\u2019engage \u00e0 fournir des services constants et de grande qualit\u00e9 \u00e0 tous les membres et \u00e0 leurs invit\u00e9s, y compris les personnes handicap\u00e9es. Cliquez ici pour avoir [&hellip;]\" \/>\n<meta property=\"og:url\" content=\"https:\/\/rideauclub.ca\/fr\/le-club\/politique-lapho\/\" \/>\n<meta property=\"og:site_name\" content=\"Rideau Club Ottawa\" \/>\n<meta property=\"article:modified_time\" content=\"2025-12-04T20:12:35+00:00\" \/>\n<meta name=\"twitter:card\" content=\"summary_large_image\" \/>\n<meta name=\"twitter:label1\" content=\"Dur\u00e9e de lecture estim\u00e9e\" \/>\n\t<meta name=\"twitter:data1\" content=\"1 minute\" \/>\n<script type=\"application\/ld+json\" class=\"yoast-schema-graph\">{\"@context\":\"https:\\\/\\\/schema.org\",\"@graph\":[{\"@type\":\"WebPage\",\"@id\":\"https:\\\/\\\/rideauclub.ca\\\/fr\\\/le-club\\\/politique-lapho\\\/\",\"url\":\"https:\\\/\\\/rideauclub.ca\\\/fr\\\/le-club\\\/politique-lapho\\\/\",\"name\":\"ACCESSIBILIT\u00c9 - Rideau Club Ottawa\",\"isPartOf\":{\"@id\":\"https:\\\/\\\/rideauclub.ca\\\/fr\\\/#website\"},\"datePublished\":\"2018-12-10T21:04:08+00:00\",\"dateModified\":\"2025-12-04T20:12:35+00:00\",\"breadcrumb\":{\"@id\":\"https:\\\/\\\/rideauclub.ca\\\/fr\\\/le-club\\\/politique-lapho\\\/#breadcrumb\"},\"inLanguage\":\"fr-FR\",\"potentialAction\":[{\"@type\":\"ReadAction\",\"target\":[\"https:\\\/\\\/rideauclub.ca\\\/fr\\\/le-club\\\/politique-lapho\\\/\"]}]},{\"@type\":\"BreadcrumbList\",\"@id\":\"https:\\\/\\\/rideauclub.ca\\\/fr\\\/le-club\\\/politique-lapho\\\/#breadcrumb\",\"itemListElement\":[{\"@type\":\"ListItem\",\"position\":1,\"name\":\"Home\",\"item\":\"https:\\\/\\\/rideauclub.ca\\\/fr\\\/\"},{\"@type\":\"ListItem\",\"position\":2,\"name\":\"Le Club\",\"item\":\"https:\\\/\\\/rideauclub.ca\\\/fr\\\/le-club\\\/\"},{\"@type\":\"ListItem\",\"position\":3,\"name\":\"ACCESSIBILIT\u00c9\"}]},{\"@type\":\"WebSite\",\"@id\":\"https:\\\/\\\/rideauclub.ca\\\/fr\\\/#website\",\"url\":\"https:\\\/\\\/rideauclub.ca\\\/fr\\\/\",\"name\":\"Rideau Club Ottawa\",\"description\":\"\",\"potentialAction\":[{\"@type\":\"SearchAction\",\"target\":{\"@type\":\"EntryPoint\",\"urlTemplate\":\"https:\\\/\\\/rideauclub.ca\\\/fr\\\/?s={search_term_string}\"},\"query-input\":{\"@type\":\"PropertyValueSpecification\",\"valueRequired\":true,\"valueName\":\"search_term_string\"}}],\"inLanguage\":\"fr-FR\"}]}<\/script>\n<!-- \/ Yoast SEO plugin. -->","yoast_head_json":{"title":"ACCESSIBILIT\u00c9 - Rideau Club Ottawa","robots":{"index":"index","follow":"follow","max-snippet":"max-snippet:-1","max-image-preview":"max-image-preview:large","max-video-preview":"max-video-preview:-1"},"canonical":"https:\/\/rideauclub.ca\/fr\/le-club\/politique-lapho\/","og_locale":"fr_FR","og_type":"article","og_title":"ACCESSIBILIT\u00c9 - Rideau Club Ottawa","og_description":"Le Rideau Club s\u2019engage \u00e0 fournir des services constants et de grande qualit\u00e9 \u00e0 tous les membres et \u00e0 leurs invit\u00e9s, y compris les personnes handicap\u00e9es. Cliquez ici pour avoir [&hellip;]","og_url":"https:\/\/rideauclub.ca\/fr\/le-club\/politique-lapho\/","og_site_name":"Rideau Club Ottawa","article_modified_time":"2025-12-04T20:12:35+00:00","twitter_card":"summary_large_image","twitter_misc":{"Dur\u00e9e de lecture estim\u00e9e":"1 minute"},"schema":{"@context":"https:\/\/schema.org","@graph":[{"@type":"WebPage","@id":"https:\/\/rideauclub.ca\/fr\/le-club\/politique-lapho\/","url":"https:\/\/rideauclub.ca\/fr\/le-club\/politique-lapho\/","name":"ACCESSIBILIT\u00c9 - Rideau Club Ottawa","isPartOf":{"@id":"https:\/\/rideauclub.ca\/fr\/#website"},"datePublished":"2018-12-10T21:04:08+00:00","dateModified":"2025-12-04T20:12:35+00:00","breadcrumb":{"@id":"https:\/\/rideauclub.ca\/fr\/le-club\/politique-lapho\/#breadcrumb"},"inLanguage":"fr-FR","potentialAction":[{"@type":"ReadAction","target":["https:\/\/rideauclub.ca\/fr\/le-club\/politique-lapho\/"]}]},{"@type":"BreadcrumbList","@id":"https:\/\/rideauclub.ca\/fr\/le-club\/politique-lapho\/#breadcrumb","itemListElement":[{"@type":"ListItem","position":1,"name":"Home","item":"https:\/\/rideauclub.ca\/fr\/"},{"@type":"ListItem","position":2,"name":"Le Club","item":"https:\/\/rideauclub.ca\/fr\/le-club\/"},{"@type":"ListItem","position":3,"name":"ACCESSIBILIT\u00c9"}]},{"@type":"WebSite","@id":"https:\/\/rideauclub.ca\/fr\/#website","url":"https:\/\/rideauclub.ca\/fr\/","name":"Rideau Club Ottawa","description":"","potentialAction":[{"@type":"SearchAction","target":{"@type":"EntryPoint","urlTemplate":"https:\/\/rideauclub.ca\/fr\/?s={search_term_string}"},"query-input":{"@type":"PropertyValueSpecification","valueRequired":true,"valueName":"search_term_string"}}],"inLanguage":"fr-FR"}]}},"_links":{"self":[{"href":"https:\/\/rideauclub.ca\/fr\/wp-json\/wp\/v2\/pages\/3097","targetHints":{"allow":["GET"]}}],"collection":[{"href":"https:\/\/rideauclub.ca\/fr\/wp-json\/wp\/v2\/pages"}],"about":[{"href":"https:\/\/rideauclub.ca\/fr\/wp-json\/wp\/v2\/types\/page"}],"author":[{"embeddable":true,"href":"https:\/\/rideauclub.ca\/fr\/wp-json\/wp\/v2\/users\/1"}],"replies":[{"embeddable":true,"href":"https:\/\/rideauclub.ca\/fr\/wp-json\/wp\/v2\/comments?post=3097"}],"version-history":[{"count":5,"href":"https:\/\/rideauclub.ca\/fr\/wp-json\/wp\/v2\/pages\/3097\/revisions"}],"predecessor-version":[{"id":10993,"href":"https:\/\/rideauclub.ca\/fr\/wp-json\/wp\/v2\/pages\/3097\/revisions\/10993"}],"up":[{"embeddable":true,"href":"https:\/\/rideauclub.ca\/fr\/wp-json\/wp\/v2\/pages\/3095"}],"wp:attachment":[{"href":"https:\/\/rideauclub.ca\/fr\/wp-json\/wp\/v2\/media?parent=3097"}],"curies":[{"name":"wp","href":"https:\/\/api.w.org\/{rel}","templated":true}]}}