{"id":3093,"date":"2018-12-20T15:46:05","date_gmt":"2018-12-20T15:46:05","guid":{"rendered":"http:\/\/www.rideauclub.ca\/rules-and-by-laws\/"},"modified":"2021-03-31T15:02:41","modified_gmt":"2021-03-31T15:02:41","slug":"reglements","status":"publish","type":"page","link":"https:\/\/rideauclub.ca\/fr\/reglements\/","title":{"rendered":"R\u00e9glements"},"content":{"rendered":"<p><a href=\"https:\/\/www.rideauclub.ca\/wp-content\/uploads\/2020\/05\/2020-General-By-Laws-French-May-12-2020.pdf\">Veuillez cliquer ici pour lire le r\u00e8glement int\u00e9rieur du Rideau Club.<\/a><\/p>\n<p><a href=\"http:\/\/www.rideauclub.ca\/wp-content\/uploads\/2019\/06\/Privacy-Policy-approved-November-2018.pdf\" target=\"_blank\" rel=\"noopener\">Veuillez cliquer ici pour lire la politique de confidentialit\u00e9 du Rideau Club.<\/a><\/p>\n","protected":false},"excerpt":{"rendered":"<p>Veuillez cliquer ici pour lire le r\u00e8glement int\u00e9rieur du Rideau Club. Veuillez cliquer ici pour lire la politique de confidentialit\u00e9 du Rideau Club.<\/p>\n","protected":false},"author":1,"featured_media":0,"parent":0,"menu_order":21,"comment_status":"closed","ping_status":"closed","template":"","meta":{"_acf_changed":false,"footnotes":""},"class_list":["post-3093","page","type-page","status-publish","hentry"],"acf":[],"yoast_head":"<!-- This site is optimized with the Yoast SEO plugin v27.3 - https:\/\/yoast.com\/product\/yoast-seo-wordpress\/ -->\n<title>R\u00e9glements - Rideau Club Ottawa<\/title>\n<meta name=\"robots\" content=\"index, follow, max-snippet:-1, max-image-preview:large, max-video-preview:-1\" \/>\n<link rel=\"canonical\" href=\"https:\/\/rideauclub.ca\/fr\/reglements\/\" \/>\n<meta property=\"og:locale\" content=\"fr_FR\" \/>\n<meta property=\"og:type\" content=\"article\" \/>\n<meta property=\"og:title\" content=\"R\u00e9glements - Rideau Club Ottawa\" \/>\n<meta property=\"og:description\" content=\"Veuillez cliquer ici pour lire le r\u00e8glement int\u00e9rieur du Rideau Club. Veuillez cliquer ici pour lire la politique de confidentialit\u00e9 du Rideau Club.\" \/>\n<meta property=\"og:url\" content=\"https:\/\/rideauclub.ca\/fr\/reglements\/\" \/>\n<meta property=\"og:site_name\" content=\"Rideau Club Ottawa\" \/>\n<meta property=\"article:modified_time\" content=\"2021-03-31T15:02:41+00:00\" \/>\n<meta name=\"twitter:card\" content=\"summary_large_image\" \/>\n<script type=\"application\/ld+json\" class=\"yoast-schema-graph\">{\"@context\":\"https:\\\/\\\/schema.org\",\"@graph\":[{\"@type\":\"WebPage\",\"@id\":\"https:\\\/\\\/rideauclub.ca\\\/fr\\\/reglements\\\/\",\"url\":\"https:\\\/\\\/rideauclub.ca\\\/fr\\\/reglements\\\/\",\"name\":\"R\u00e9glements - Rideau Club Ottawa\",\"isPartOf\":{\"@id\":\"https:\\\/\\\/rideauclub.ca\\\/fr\\\/#website\"},\"datePublished\":\"2018-12-20T15:46:05+00:00\",\"dateModified\":\"2021-03-31T15:02:41+00:00\",\"breadcrumb\":{\"@id\":\"https:\\\/\\\/rideauclub.ca\\\/fr\\\/reglements\\\/#breadcrumb\"},\"inLanguage\":\"fr-FR\",\"potentialAction\":[{\"@type\":\"ReadAction\",\"target\":[\"https:\\\/\\\/rideauclub.ca\\\/fr\\\/reglements\\\/\"]}]},{\"@type\":\"BreadcrumbList\",\"@id\":\"https:\\\/\\\/rideauclub.ca\\\/fr\\\/reglements\\\/#breadcrumb\",\"itemListElement\":[{\"@type\":\"ListItem\",\"position\":1,\"name\":\"Home\",\"item\":\"https:\\\/\\\/rideauclub.ca\\\/fr\\\/\"},{\"@type\":\"ListItem\",\"position\":2,\"name\":\"R\u00e9glements\"}]},{\"@type\":\"WebSite\",\"@id\":\"https:\\\/\\\/rideauclub.ca\\\/fr\\\/#website\",\"url\":\"https:\\\/\\\/rideauclub.ca\\\/fr\\\/\",\"name\":\"Rideau Club Ottawa\",\"description\":\"\",\"potentialAction\":[{\"@type\":\"SearchAction\",\"target\":{\"@type\":\"EntryPoint\",\"urlTemplate\":\"https:\\\/\\\/rideauclub.ca\\\/fr\\\/?s={search_term_string}\"},\"query-input\":{\"@type\":\"PropertyValueSpecification\",\"valueRequired\":true,\"valueName\":\"search_term_string\"}}],\"inLanguage\":\"fr-FR\"}]}<\/script>\n<!-- \/ Yoast SEO plugin. -->","yoast_head_json":{"title":"R\u00e9glements - Rideau Club Ottawa","robots":{"index":"index","follow":"follow","max-snippet":"max-snippet:-1","max-image-preview":"max-image-preview:large","max-video-preview":"max-video-preview:-1"},"canonical":"https:\/\/rideauclub.ca\/fr\/reglements\/","og_locale":"fr_FR","og_type":"article","og_title":"R\u00e9glements - Rideau Club Ottawa","og_description":"Veuillez cliquer ici pour lire le r\u00e8glement int\u00e9rieur du Rideau Club. Veuillez cliquer ici pour lire la politique de confidentialit\u00e9 du Rideau Club.","og_url":"https:\/\/rideauclub.ca\/fr\/reglements\/","og_site_name":"Rideau Club Ottawa","article_modified_time":"2021-03-31T15:02:41+00:00","twitter_card":"summary_large_image","schema":{"@context":"https:\/\/schema.org","@graph":[{"@type":"WebPage","@id":"https:\/\/rideauclub.ca\/fr\/reglements\/","url":"https:\/\/rideauclub.ca\/fr\/reglements\/","name":"R\u00e9glements - Rideau Club Ottawa","isPartOf":{"@id":"https:\/\/rideauclub.ca\/fr\/#website"},"datePublished":"2018-12-20T15:46:05+00:00","dateModified":"2021-03-31T15:02:41+00:00","breadcrumb":{"@id":"https:\/\/rideauclub.ca\/fr\/reglements\/#breadcrumb"},"inLanguage":"fr-FR","potentialAction":[{"@type":"ReadAction","target":["https:\/\/rideauclub.ca\/fr\/reglements\/"]}]},{"@type":"BreadcrumbList","@id":"https:\/\/rideauclub.ca\/fr\/reglements\/#breadcrumb","itemListElement":[{"@type":"ListItem","position":1,"name":"Home","item":"https:\/\/rideauclub.ca\/fr\/"},{"@type":"ListItem","position":2,"name":"R\u00e9glements"}]},{"@type":"WebSite","@id":"https:\/\/rideauclub.ca\/fr\/#website","url":"https:\/\/rideauclub.ca\/fr\/","name":"Rideau Club Ottawa","description":"","potentialAction":[{"@type":"SearchAction","target":{"@type":"EntryPoint","urlTemplate":"https:\/\/rideauclub.ca\/fr\/?s={search_term_string}"},"query-input":{"@type":"PropertyValueSpecification","valueRequired":true,"valueName":"search_term_string"}}],"inLanguage":"fr-FR"}]}},"_links":{"self":[{"href":"https:\/\/rideauclub.ca\/fr\/wp-json\/wp\/v2\/pages\/3093","targetHints":{"allow":["GET"]}}],"collection":[{"href":"https:\/\/rideauclub.ca\/fr\/wp-json\/wp\/v2\/pages"}],"about":[{"href":"https:\/\/rideauclub.ca\/fr\/wp-json\/wp\/v2\/types\/page"}],"author":[{"embeddable":true,"href":"https:\/\/rideauclub.ca\/fr\/wp-json\/wp\/v2\/users\/1"}],"replies":[{"embeddable":true,"href":"https:\/\/rideauclub.ca\/fr\/wp-json\/wp\/v2\/comments?post=3093"}],"version-history":[{"count":5,"href":"https:\/\/rideauclub.ca\/fr\/wp-json\/wp\/v2\/pages\/3093\/revisions"}],"predecessor-version":[{"id":6087,"href":"https:\/\/rideauclub.ca\/fr\/wp-json\/wp\/v2\/pages\/3093\/revisions\/6087"}],"wp:attachment":[{"href":"https:\/\/rideauclub.ca\/fr\/wp-json\/wp\/v2\/media?parent=3093"}],"curies":[{"name":"wp","href":"https:\/\/api.w.org\/{rel}","templated":true}]}}