{"id":3083,"date":"2018-12-11T21:07:09","date_gmt":"2018-12-11T21:07:09","guid":{"rendered":"http:\/\/www.rideauclub.ca\/adhesion\/membership-process\/"},"modified":"2022-03-23T18:29:27","modified_gmt":"2022-03-23T18:29:27","slug":"processus-adhesion","status":"publish","type":"page","link":"https:\/\/rideauclub.ca\/fr\/adhesion\/processus-adhesion\/","title":{"rendered":"Processus d\u2019adh\u00e9sion"},"content":{"rendered":"<p><span style=\"font-weight: 400;\">L\u2019adh\u00e9sion au Rideau Club se fait par nomination. La nomination d\u2019un candidat ou d\u2019une candidate \u00e0 l\u2019adh\u00e9sion doit \u00eatre propos\u00e9e et appuy\u00e9e par des actionnaires en r\u00e8gle du Rideau Club.<\/span><\/p>\n<p><span style=\"font-weight: 400;\">Les personnes nouvellement install\u00e9es dans la r\u00e9gion ou qui ne connaissent pas deux membres du Club peuvent communiquer avec notre coordinatrice des communications, Aur\u00e9lie Lundja, pour en savoir davantage. Envoyez un courriel \u00e0 <a href=\"mailto:communications@rideauclub.ca\">communications@rideauclub.ca<\/a>.<\/span><\/p>\n<p><span style=\"font-weight: 400;\">\u00c0 la r\u00e9ception d\u2019une demande d\u2019adh\u00e9sion, le comit\u00e9 ex\u00e9cutif examinera la demande d\u00fbment remplie. <\/span><\/p>\n<p><span style=\"font-weight: 400;\">Le Rideau Club fera ensuite circuler le nom et des renseignements relatifs au champ d\u2019activit\u00e9 d\u2019un membre potentiel \u00e0 tous ses actionnaires, qui seront invit\u00e9s \u00e0 faire part de leurs commentaires concernant le candidat ou la candidate \u00e0 l\u2019adh\u00e9sion. Le conseil d\u2019administration examinera ensuite la nomination.<\/span><\/p>\n<p><span style=\"font-weight: 400;\">Une fois ent\u00e9rin\u00e9e par le conseil d\u2019administration, l\u2019adh\u00e9sion s\u2019activera le premier jour du mois suivant. <\/span><\/p>\n<h2>Personne-ressource<\/h2>\n<p>Pour obtenir de plus amples renseignements, veuillez communiquer avec notre gestionnaire au d\u00e9veloppement des adh\u00e9sions :<br \/>\nTed Wagstaff, <a href=\"tel:(613) 233-7787\">(613) 233-7787<\/a>, <em><a href=\"mailto:wagstafft@rideauclub.ca\">wagstafft@rideauclub.ca<\/a><\/em><\/p>\n","protected":false},"excerpt":{"rendered":"<p>L\u2019adh\u00e9sion au Rideau Club se fait par nomination. La nomination d\u2019un candidat ou d\u2019une candidate \u00e0 l\u2019adh\u00e9sion doit \u00eatre propos\u00e9e et appuy\u00e9e par des actionnaires en r\u00e8gle du Rideau Club. [&hellip;]<\/p>\n","protected":false},"author":1,"featured_media":2564,"parent":3073,"menu_order":59,"comment_status":"closed","ping_status":"closed","template":"","meta":{"_acf_changed":false,"footnotes":""},"class_list":["post-3083","page","type-page","status-publish","has-post-thumbnail","hentry"],"acf":[],"yoast_head":"<!-- This site is optimized with the Yoast SEO plugin v27.3 - https:\/\/yoast.com\/product\/yoast-seo-wordpress\/ -->\n<title>Processus d\u2019adh\u00e9sion - Rideau Club Ottawa<\/title>\n<meta name=\"robots\" content=\"index, follow, max-snippet:-1, max-image-preview:large, max-video-preview:-1\" \/>\n<link rel=\"canonical\" href=\"https:\/\/rideauclub.ca\/fr\/adhesion\/processus-adhesion\/\" \/>\n<meta property=\"og:locale\" content=\"fr_FR\" \/>\n<meta property=\"og:type\" content=\"article\" \/>\n<meta property=\"og:title\" content=\"Processus d\u2019adh\u00e9sion - Rideau Club Ottawa\" \/>\n<meta property=\"og:description\" content=\"L\u2019adh\u00e9sion au Rideau Club se fait par nomination. La nomination d\u2019un candidat ou d\u2019une candidate \u00e0 l\u2019adh\u00e9sion doit \u00eatre propos\u00e9e et appuy\u00e9e par des actionnaires en r\u00e8gle du Rideau Club. [&hellip;]\" \/>\n<meta property=\"og:url\" content=\"https:\/\/rideauclub.ca\/fr\/adhesion\/processus-adhesion\/\" \/>\n<meta property=\"og:site_name\" content=\"Rideau Club Ottawa\" \/>\n<meta property=\"article:modified_time\" content=\"2022-03-23T18:29:27+00:00\" \/>\n<meta property=\"og:image\" content=\"https:\/\/rideauclub.ca\/wp-content\/uploads\/2018\/12\/r-top-member.jpg\" \/>\n\t<meta property=\"og:image:width\" content=\"1920\" \/>\n\t<meta property=\"og:image:height\" content=\"605\" \/>\n\t<meta property=\"og:image:type\" content=\"image\/jpeg\" \/>\n<meta name=\"twitter:card\" content=\"summary_large_image\" \/>\n<meta name=\"twitter:label1\" content=\"Dur\u00e9e de lecture estim\u00e9e\" \/>\n\t<meta name=\"twitter:data1\" content=\"1 minute\" \/>\n<script type=\"application\/ld+json\" class=\"yoast-schema-graph\">{\"@context\":\"https:\\\/\\\/schema.org\",\"@graph\":[{\"@type\":\"WebPage\",\"@id\":\"https:\\\/\\\/rideauclub.ca\\\/fr\\\/adhesion\\\/processus-adhesion\\\/\",\"url\":\"https:\\\/\\\/rideauclub.ca\\\/fr\\\/adhesion\\\/processus-adhesion\\\/\",\"name\":\"Processus d\u2019adh\u00e9sion - Rideau Club Ottawa\",\"isPartOf\":{\"@id\":\"https:\\\/\\\/rideauclub.ca\\\/fr\\\/#website\"},\"primaryImageOfPage\":{\"@id\":\"https:\\\/\\\/rideauclub.ca\\\/fr\\\/adhesion\\\/processus-adhesion\\\/#primaryimage\"},\"image\":{\"@id\":\"https:\\\/\\\/rideauclub.ca\\\/fr\\\/adhesion\\\/processus-adhesion\\\/#primaryimage\"},\"thumbnailUrl\":\"https:\\\/\\\/rideauclub.ca\\\/wp-content\\\/uploads\\\/2018\\\/12\\\/r-top-member.jpg\",\"datePublished\":\"2018-12-11T21:07:09+00:00\",\"dateModified\":\"2022-03-23T18:29:27+00:00\",\"breadcrumb\":{\"@id\":\"https:\\\/\\\/rideauclub.ca\\\/fr\\\/adhesion\\\/processus-adhesion\\\/#breadcrumb\"},\"inLanguage\":\"fr-FR\",\"potentialAction\":[{\"@type\":\"ReadAction\",\"target\":[\"https:\\\/\\\/rideauclub.ca\\\/fr\\\/adhesion\\\/processus-adhesion\\\/\"]}]},{\"@type\":\"ImageObject\",\"inLanguage\":\"fr-FR\",\"@id\":\"https:\\\/\\\/rideauclub.ca\\\/fr\\\/adhesion\\\/processus-adhesion\\\/#primaryimage\",\"url\":\"https:\\\/\\\/rideauclub.ca\\\/wp-content\\\/uploads\\\/2018\\\/12\\\/r-top-member.jpg\",\"contentUrl\":\"https:\\\/\\\/rideauclub.ca\\\/wp-content\\\/uploads\\\/2018\\\/12\\\/r-top-member.jpg\",\"width\":1920,\"height\":605,\"caption\":\"Membership Rideau Club Ottawa\"},{\"@type\":\"BreadcrumbList\",\"@id\":\"https:\\\/\\\/rideauclub.ca\\\/fr\\\/adhesion\\\/processus-adhesion\\\/#breadcrumb\",\"itemListElement\":[{\"@type\":\"ListItem\",\"position\":1,\"name\":\"Home\",\"item\":\"https:\\\/\\\/rideauclub.ca\\\/fr\\\/\"},{\"@type\":\"ListItem\",\"position\":2,\"name\":\"Adh\u00e9sion\",\"item\":\"https:\\\/\\\/rideauclub.ca\\\/fr\\\/adhesion\\\/\"},{\"@type\":\"ListItem\",\"position\":3,\"name\":\"Processus d\u2019adh\u00e9sion\"}]},{\"@type\":\"WebSite\",\"@id\":\"https:\\\/\\\/rideauclub.ca\\\/fr\\\/#website\",\"url\":\"https:\\\/\\\/rideauclub.ca\\\/fr\\\/\",\"name\":\"Rideau Club Ottawa\",\"description\":\"\",\"potentialAction\":[{\"@type\":\"SearchAction\",\"target\":{\"@type\":\"EntryPoint\",\"urlTemplate\":\"https:\\\/\\\/rideauclub.ca\\\/fr\\\/?s={search_term_string}\"},\"query-input\":{\"@type\":\"PropertyValueSpecification\",\"valueRequired\":true,\"valueName\":\"search_term_string\"}}],\"inLanguage\":\"fr-FR\"}]}<\/script>\n<!-- \/ Yoast SEO plugin. -->","yoast_head_json":{"title":"Processus d\u2019adh\u00e9sion - Rideau Club Ottawa","robots":{"index":"index","follow":"follow","max-snippet":"max-snippet:-1","max-image-preview":"max-image-preview:large","max-video-preview":"max-video-preview:-1"},"canonical":"https:\/\/rideauclub.ca\/fr\/adhesion\/processus-adhesion\/","og_locale":"fr_FR","og_type":"article","og_title":"Processus d\u2019adh\u00e9sion - Rideau Club Ottawa","og_description":"L\u2019adh\u00e9sion au Rideau Club se fait par nomination. La nomination d\u2019un candidat ou d\u2019une candidate \u00e0 l\u2019adh\u00e9sion doit \u00eatre propos\u00e9e et appuy\u00e9e par des actionnaires en r\u00e8gle du Rideau Club. [&hellip;]","og_url":"https:\/\/rideauclub.ca\/fr\/adhesion\/processus-adhesion\/","og_site_name":"Rideau Club Ottawa","article_modified_time":"2022-03-23T18:29:27+00:00","og_image":[{"width":1920,"height":605,"url":"https:\/\/rideauclub.ca\/wp-content\/uploads\/2018\/12\/r-top-member.jpg","type":"image\/jpeg"}],"twitter_card":"summary_large_image","twitter_misc":{"Dur\u00e9e de lecture estim\u00e9e":"1 minute"},"schema":{"@context":"https:\/\/schema.org","@graph":[{"@type":"WebPage","@id":"https:\/\/rideauclub.ca\/fr\/adhesion\/processus-adhesion\/","url":"https:\/\/rideauclub.ca\/fr\/adhesion\/processus-adhesion\/","name":"Processus d\u2019adh\u00e9sion - Rideau Club Ottawa","isPartOf":{"@id":"https:\/\/rideauclub.ca\/fr\/#website"},"primaryImageOfPage":{"@id":"https:\/\/rideauclub.ca\/fr\/adhesion\/processus-adhesion\/#primaryimage"},"image":{"@id":"https:\/\/rideauclub.ca\/fr\/adhesion\/processus-adhesion\/#primaryimage"},"thumbnailUrl":"https:\/\/rideauclub.ca\/wp-content\/uploads\/2018\/12\/r-top-member.jpg","datePublished":"2018-12-11T21:07:09+00:00","dateModified":"2022-03-23T18:29:27+00:00","breadcrumb":{"@id":"https:\/\/rideauclub.ca\/fr\/adhesion\/processus-adhesion\/#breadcrumb"},"inLanguage":"fr-FR","potentialAction":[{"@type":"ReadAction","target":["https:\/\/rideauclub.ca\/fr\/adhesion\/processus-adhesion\/"]}]},{"@type":"ImageObject","inLanguage":"fr-FR","@id":"https:\/\/rideauclub.ca\/fr\/adhesion\/processus-adhesion\/#primaryimage","url":"https:\/\/rideauclub.ca\/wp-content\/uploads\/2018\/12\/r-top-member.jpg","contentUrl":"https:\/\/rideauclub.ca\/wp-content\/uploads\/2018\/12\/r-top-member.jpg","width":1920,"height":605,"caption":"Membership Rideau Club Ottawa"},{"@type":"BreadcrumbList","@id":"https:\/\/rideauclub.ca\/fr\/adhesion\/processus-adhesion\/#breadcrumb","itemListElement":[{"@type":"ListItem","position":1,"name":"Home","item":"https:\/\/rideauclub.ca\/fr\/"},{"@type":"ListItem","position":2,"name":"Adh\u00e9sion","item":"https:\/\/rideauclub.ca\/fr\/adhesion\/"},{"@type":"ListItem","position":3,"name":"Processus d\u2019adh\u00e9sion"}]},{"@type":"WebSite","@id":"https:\/\/rideauclub.ca\/fr\/#website","url":"https:\/\/rideauclub.ca\/fr\/","name":"Rideau Club Ottawa","description":"","potentialAction":[{"@type":"SearchAction","target":{"@type":"EntryPoint","urlTemplate":"https:\/\/rideauclub.ca\/fr\/?s={search_term_string}"},"query-input":{"@type":"PropertyValueSpecification","valueRequired":true,"valueName":"search_term_string"}}],"inLanguage":"fr-FR"}]}},"_links":{"self":[{"href":"https:\/\/rideauclub.ca\/fr\/wp-json\/wp\/v2\/pages\/3083","targetHints":{"allow":["GET"]}}],"collection":[{"href":"https:\/\/rideauclub.ca\/fr\/wp-json\/wp\/v2\/pages"}],"about":[{"href":"https:\/\/rideauclub.ca\/fr\/wp-json\/wp\/v2\/types\/page"}],"author":[{"embeddable":true,"href":"https:\/\/rideauclub.ca\/fr\/wp-json\/wp\/v2\/users\/1"}],"replies":[{"embeddable":true,"href":"https:\/\/rideauclub.ca\/fr\/wp-json\/wp\/v2\/comments?post=3083"}],"version-history":[{"count":5,"href":"https:\/\/rideauclub.ca\/fr\/wp-json\/wp\/v2\/pages\/3083\/revisions"}],"predecessor-version":[{"id":7388,"href":"https:\/\/rideauclub.ca\/fr\/wp-json\/wp\/v2\/pages\/3083\/revisions\/7388"}],"up":[{"embeddable":true,"href":"https:\/\/rideauclub.ca\/fr\/wp-json\/wp\/v2\/pages\/3073"}],"wp:featuredmedia":[{"embeddable":true,"href":"https:\/\/rideauclub.ca\/fr\/wp-json\/wp\/v2\/media\/2564"}],"wp:attachment":[{"href":"https:\/\/rideauclub.ca\/fr\/wp-json\/wp\/v2\/media?parent=3083"}],"curies":[{"name":"wp","href":"https:\/\/api.w.org\/{rel}","templated":true}]}}