{"id":3075,"date":"2018-12-11T21:07:31","date_gmt":"2018-12-11T21:07:31","guid":{"rendered":"http:\/\/www.rideauclub.ca\/adhesion\/dues-fees\/"},"modified":"2025-11-13T20:17:40","modified_gmt":"2025-11-13T20:17:40","slug":"droits-et-cotisations","status":"publish","type":"page","link":"https:\/\/rideauclub.ca\/fr\/adhesion\/droits-et-cotisations\/","title":{"rendered":"Droit d&rsquo;adh\u00e9sion et cotisations"},"content":{"rendered":"<p>Le Rideau Club propose deux types d&rsquo;adh\u00e9sion : l&rsquo;adh\u00e9sion individuelle pour les individus et les entrepreneurs, et l&rsquo;adh\u00e9sion corporative pour les organisations<\/p>\n<hr \/>\n<h2>DROITS D&rsquo;ADH\u00c9SIONS ET COTISATIONS INDIVIDUELLES<\/h2>\n<p>INDIVIDUELS<\/p>\n<ul>\n<li>Membre | 4,000$<\/li>\n<li>Moins de 40 ans | 2,750$<\/li>\n<li>Droit de r\u00e9admission | 2,750$<\/li>\n<\/ul>\n<p>ENTREPRISES<\/p>\n<ul>\n<li>Membre principal |\u00a0 Droit d\u2019admission individuel complet applicable<\/li>\n<li>Associ\u00e9s 1 et 2 | Un rabais de 25% sur le droit d&rsquo;admission individuel complet<\/li>\n<li>Associ\u00e9s aditionnels | Veuillez contacter Anais Mercier, <a href=\"mailto:membership@rideauclub.ca\">membership@rideauclub.ca<\/a> pour plus d&rsquo;information<\/li>\n<\/ul>\n<p data-start=\"55\" data-end=\"171\">Adh\u00e9sion d\u2019entreprise offerte lors de l\u2019inscription d\u2019un membre principal et d\u2019au moins deux membres associ\u00e9s.<\/p>\n<h2>COTISATIONS ANNUELLES<\/h2>\n<p><strong>FRAIS ANNUELS<\/strong><\/p>\n<p>\u2022 Membre | 3,873$<br \/>\n\u2022 Moins de 40 ans | 2,352$<br \/>\n\u2022 Associ\u00e9 (diplomatique) | 3,873$<\/p>\n<p>\u2022 Non-r\u00e9sident* | 1,306$<br \/>\n\u2022 A\u00een\u00e9.e*| 2,352$<\/p>\n<p>*Veuillez noter que ces cat\u00e9gories sont titulaires et ne sont pas accessibles aux membres de premi\u00e8re ann\u00e9e.<br \/>\nLes cotisations peuvent \u00eatre pay\u00e9es annuellement, semi-annuellement ou mensuellement.<\/p>\n<p><strong>FRAIS DE CAPITAL<\/strong><\/p>\n<ul>\n<li>Toute cat\u00e9gorie | 37$ par mois<\/li>\n<li>Les cat\u00e9gories en exemption: Membre \u00e0 vie et membres honoraire<\/li>\n<\/ul>\n<p><strong>FRAIS DU COMPTE DE CONSOMATION<\/strong><\/p>\n<ul>\n<li>600$ semi-annuellement (Septembre-F\u00e9vrier et Mars-Ao\u00fbt) \u2013 enti\u00e8rement applicable aux cat\u00e9gories : Membre, moins de 40 ans, associ\u00e9(e) et ain\u00e9(e)s de moins de 70 ans.<\/li>\n<li>300$ semi-annuellement (Septembre-F\u00e9vrier et Mars-Ao\u00fbt) \u2013 applicable aux cat\u00e9gories : ain\u00e9(e)s de plus de 70 ans et Non-r\u00e9sidents.<\/li>\n<li>Des exemptions s&rsquo;appliquent aux cat\u00e9gories : Non-r\u00e9sidents, \u00e0 vie, honoraires et ain\u00e9(e)s de plus de 75 ans au d\u00e9but de l&rsquo;ann\u00e9e.<\/li>\n<li>Les exigences minimales de frais de compte de consomation mentionn\u00e9es ci-dessus sont regroup\u00e9es pour les adh\u00e9sions corporatives.<\/li>\n<\/ul>\n<p><strong><em>Les cotisations annuelles sont dues et payables conform\u00e9ment \u00e0 l&rsquo;article 22.01 du R\u00e8glement g\u00e9n\u00e9ral.<\/em><\/strong><\/p>\n<p><strong>*Tous les droit d&rsquo;adh\u00e9sion et cotisations sont sujets \u00e0 la TVH.<\/strong><\/p>\n","protected":false},"excerpt":{"rendered":"<p>Le Rideau Club propose deux types d&rsquo;adh\u00e9sion : l&rsquo;adh\u00e9sion individuelle pour les individus et les entrepreneurs, et l&rsquo;adh\u00e9sion corporative pour les organisations DROITS D&rsquo;ADH\u00c9SIONS ET COTISATIONS INDIVIDUELLES INDIVIDUELS Membre | [&hellip;]<\/p>\n","protected":false},"author":1,"featured_media":2564,"parent":3073,"menu_order":62,"comment_status":"closed","ping_status":"closed","template":"","meta":{"_acf_changed":false,"footnotes":""},"class_list":["post-3075","page","type-page","status-publish","has-post-thumbnail","hentry"],"acf":[],"yoast_head":"<!-- This site is optimized with the Yoast SEO plugin v27.3 - https:\/\/yoast.com\/product\/yoast-seo-wordpress\/ -->\n<title>Droit d&#039;adh\u00e9sion et cotisations - Rideau Club Ottawa<\/title>\n<meta name=\"robots\" content=\"index, follow, max-snippet:-1, max-image-preview:large, max-video-preview:-1\" \/>\n<link rel=\"canonical\" href=\"https:\/\/rideauclub.ca\/fr\/adhesion\/droits-et-cotisations\/\" \/>\n<meta property=\"og:locale\" content=\"fr_FR\" \/>\n<meta property=\"og:type\" content=\"article\" \/>\n<meta property=\"og:title\" content=\"Droit d&#039;adh\u00e9sion et cotisations - Rideau Club Ottawa\" \/>\n<meta property=\"og:description\" content=\"Le Rideau Club propose deux types d&rsquo;adh\u00e9sion : l&rsquo;adh\u00e9sion individuelle pour les individus et les entrepreneurs, et l&rsquo;adh\u00e9sion corporative pour les organisations DROITS D&rsquo;ADH\u00c9SIONS ET COTISATIONS INDIVIDUELLES INDIVIDUELS Membre | [&hellip;]\" \/>\n<meta property=\"og:url\" content=\"https:\/\/rideauclub.ca\/fr\/adhesion\/droits-et-cotisations\/\" \/>\n<meta property=\"og:site_name\" content=\"Rideau Club Ottawa\" \/>\n<meta property=\"article:modified_time\" content=\"2025-11-13T20:17:40+00:00\" \/>\n<meta property=\"og:image\" content=\"https:\/\/rideauclub.ca\/wp-content\/uploads\/2018\/12\/r-top-member.jpg\" \/>\n\t<meta property=\"og:image:width\" content=\"1920\" \/>\n\t<meta property=\"og:image:height\" content=\"605\" \/>\n\t<meta property=\"og:image:type\" content=\"image\/jpeg\" \/>\n<meta name=\"twitter:card\" content=\"summary_large_image\" \/>\n<meta name=\"twitter:label1\" content=\"Dur\u00e9e de lecture estim\u00e9e\" \/>\n\t<meta name=\"twitter:data1\" content=\"2 minutes\" \/>\n<script type=\"application\/ld+json\" class=\"yoast-schema-graph\">{\"@context\":\"https:\\\/\\\/schema.org\",\"@graph\":[{\"@type\":\"WebPage\",\"@id\":\"https:\\\/\\\/rideauclub.ca\\\/fr\\\/adhesion\\\/droits-et-cotisations\\\/\",\"url\":\"https:\\\/\\\/rideauclub.ca\\\/fr\\\/adhesion\\\/droits-et-cotisations\\\/\",\"name\":\"Droit d'adh\u00e9sion et cotisations - Rideau Club Ottawa\",\"isPartOf\":{\"@id\":\"https:\\\/\\\/rideauclub.ca\\\/fr\\\/#website\"},\"primaryImageOfPage\":{\"@id\":\"https:\\\/\\\/rideauclub.ca\\\/fr\\\/adhesion\\\/droits-et-cotisations\\\/#primaryimage\"},\"image\":{\"@id\":\"https:\\\/\\\/rideauclub.ca\\\/fr\\\/adhesion\\\/droits-et-cotisations\\\/#primaryimage\"},\"thumbnailUrl\":\"https:\\\/\\\/rideauclub.ca\\\/wp-content\\\/uploads\\\/2018\\\/12\\\/r-top-member.jpg\",\"datePublished\":\"2018-12-11T21:07:31+00:00\",\"dateModified\":\"2025-11-13T20:17:40+00:00\",\"breadcrumb\":{\"@id\":\"https:\\\/\\\/rideauclub.ca\\\/fr\\\/adhesion\\\/droits-et-cotisations\\\/#breadcrumb\"},\"inLanguage\":\"fr-FR\",\"potentialAction\":[{\"@type\":\"ReadAction\",\"target\":[\"https:\\\/\\\/rideauclub.ca\\\/fr\\\/adhesion\\\/droits-et-cotisations\\\/\"]}]},{\"@type\":\"ImageObject\",\"inLanguage\":\"fr-FR\",\"@id\":\"https:\\\/\\\/rideauclub.ca\\\/fr\\\/adhesion\\\/droits-et-cotisations\\\/#primaryimage\",\"url\":\"https:\\\/\\\/rideauclub.ca\\\/wp-content\\\/uploads\\\/2018\\\/12\\\/r-top-member.jpg\",\"contentUrl\":\"https:\\\/\\\/rideauclub.ca\\\/wp-content\\\/uploads\\\/2018\\\/12\\\/r-top-member.jpg\",\"width\":1920,\"height\":605,\"caption\":\"Membership Rideau Club Ottawa\"},{\"@type\":\"BreadcrumbList\",\"@id\":\"https:\\\/\\\/rideauclub.ca\\\/fr\\\/adhesion\\\/droits-et-cotisations\\\/#breadcrumb\",\"itemListElement\":[{\"@type\":\"ListItem\",\"position\":1,\"name\":\"Home\",\"item\":\"https:\\\/\\\/rideauclub.ca\\\/fr\\\/\"},{\"@type\":\"ListItem\",\"position\":2,\"name\":\"Adh\u00e9sion\",\"item\":\"https:\\\/\\\/rideauclub.ca\\\/fr\\\/adhesion\\\/\"},{\"@type\":\"ListItem\",\"position\":3,\"name\":\"Droit d&#8217;adh\u00e9sion et cotisations\"}]},{\"@type\":\"WebSite\",\"@id\":\"https:\\\/\\\/rideauclub.ca\\\/fr\\\/#website\",\"url\":\"https:\\\/\\\/rideauclub.ca\\\/fr\\\/\",\"name\":\"Rideau Club Ottawa\",\"description\":\"\",\"potentialAction\":[{\"@type\":\"SearchAction\",\"target\":{\"@type\":\"EntryPoint\",\"urlTemplate\":\"https:\\\/\\\/rideauclub.ca\\\/fr\\\/?s={search_term_string}\"},\"query-input\":{\"@type\":\"PropertyValueSpecification\",\"valueRequired\":true,\"valueName\":\"search_term_string\"}}],\"inLanguage\":\"fr-FR\"}]}<\/script>\n<!-- \/ Yoast SEO plugin. -->","yoast_head_json":{"title":"Droit d'adh\u00e9sion et cotisations - Rideau Club Ottawa","robots":{"index":"index","follow":"follow","max-snippet":"max-snippet:-1","max-image-preview":"max-image-preview:large","max-video-preview":"max-video-preview:-1"},"canonical":"https:\/\/rideauclub.ca\/fr\/adhesion\/droits-et-cotisations\/","og_locale":"fr_FR","og_type":"article","og_title":"Droit d'adh\u00e9sion et cotisations - Rideau Club Ottawa","og_description":"Le Rideau Club propose deux types d&rsquo;adh\u00e9sion : l&rsquo;adh\u00e9sion individuelle pour les individus et les entrepreneurs, et l&rsquo;adh\u00e9sion corporative pour les organisations DROITS D&rsquo;ADH\u00c9SIONS ET COTISATIONS INDIVIDUELLES INDIVIDUELS Membre | [&hellip;]","og_url":"https:\/\/rideauclub.ca\/fr\/adhesion\/droits-et-cotisations\/","og_site_name":"Rideau Club Ottawa","article_modified_time":"2025-11-13T20:17:40+00:00","og_image":[{"width":1920,"height":605,"url":"https:\/\/rideauclub.ca\/wp-content\/uploads\/2018\/12\/r-top-member.jpg","type":"image\/jpeg"}],"twitter_card":"summary_large_image","twitter_misc":{"Dur\u00e9e de lecture estim\u00e9e":"2 minutes"},"schema":{"@context":"https:\/\/schema.org","@graph":[{"@type":"WebPage","@id":"https:\/\/rideauclub.ca\/fr\/adhesion\/droits-et-cotisations\/","url":"https:\/\/rideauclub.ca\/fr\/adhesion\/droits-et-cotisations\/","name":"Droit d'adh\u00e9sion et cotisations - Rideau Club Ottawa","isPartOf":{"@id":"https:\/\/rideauclub.ca\/fr\/#website"},"primaryImageOfPage":{"@id":"https:\/\/rideauclub.ca\/fr\/adhesion\/droits-et-cotisations\/#primaryimage"},"image":{"@id":"https:\/\/rideauclub.ca\/fr\/adhesion\/droits-et-cotisations\/#primaryimage"},"thumbnailUrl":"https:\/\/rideauclub.ca\/wp-content\/uploads\/2018\/12\/r-top-member.jpg","datePublished":"2018-12-11T21:07:31+00:00","dateModified":"2025-11-13T20:17:40+00:00","breadcrumb":{"@id":"https:\/\/rideauclub.ca\/fr\/adhesion\/droits-et-cotisations\/#breadcrumb"},"inLanguage":"fr-FR","potentialAction":[{"@type":"ReadAction","target":["https:\/\/rideauclub.ca\/fr\/adhesion\/droits-et-cotisations\/"]}]},{"@type":"ImageObject","inLanguage":"fr-FR","@id":"https:\/\/rideauclub.ca\/fr\/adhesion\/droits-et-cotisations\/#primaryimage","url":"https:\/\/rideauclub.ca\/wp-content\/uploads\/2018\/12\/r-top-member.jpg","contentUrl":"https:\/\/rideauclub.ca\/wp-content\/uploads\/2018\/12\/r-top-member.jpg","width":1920,"height":605,"caption":"Membership Rideau Club Ottawa"},{"@type":"BreadcrumbList","@id":"https:\/\/rideauclub.ca\/fr\/adhesion\/droits-et-cotisations\/#breadcrumb","itemListElement":[{"@type":"ListItem","position":1,"name":"Home","item":"https:\/\/rideauclub.ca\/fr\/"},{"@type":"ListItem","position":2,"name":"Adh\u00e9sion","item":"https:\/\/rideauclub.ca\/fr\/adhesion\/"},{"@type":"ListItem","position":3,"name":"Droit d&#8217;adh\u00e9sion et cotisations"}]},{"@type":"WebSite","@id":"https:\/\/rideauclub.ca\/fr\/#website","url":"https:\/\/rideauclub.ca\/fr\/","name":"Rideau Club Ottawa","description":"","potentialAction":[{"@type":"SearchAction","target":{"@type":"EntryPoint","urlTemplate":"https:\/\/rideauclub.ca\/fr\/?s={search_term_string}"},"query-input":{"@type":"PropertyValueSpecification","valueRequired":true,"valueName":"search_term_string"}}],"inLanguage":"fr-FR"}]}},"_links":{"self":[{"href":"https:\/\/rideauclub.ca\/fr\/wp-json\/wp\/v2\/pages\/3075","targetHints":{"allow":["GET"]}}],"collection":[{"href":"https:\/\/rideauclub.ca\/fr\/wp-json\/wp\/v2\/pages"}],"about":[{"href":"https:\/\/rideauclub.ca\/fr\/wp-json\/wp\/v2\/types\/page"}],"author":[{"embeddable":true,"href":"https:\/\/rideauclub.ca\/fr\/wp-json\/wp\/v2\/users\/1"}],"replies":[{"embeddable":true,"href":"https:\/\/rideauclub.ca\/fr\/wp-json\/wp\/v2\/comments?post=3075"}],"version-history":[{"count":5,"href":"https:\/\/rideauclub.ca\/fr\/wp-json\/wp\/v2\/pages\/3075\/revisions"}],"predecessor-version":[{"id":10968,"href":"https:\/\/rideauclub.ca\/fr\/wp-json\/wp\/v2\/pages\/3075\/revisions\/10968"}],"up":[{"embeddable":true,"href":"https:\/\/rideauclub.ca\/fr\/wp-json\/wp\/v2\/pages\/3073"}],"wp:featuredmedia":[{"embeddable":true,"href":"https:\/\/rideauclub.ca\/fr\/wp-json\/wp\/v2\/media\/2564"}],"wp:attachment":[{"href":"https:\/\/rideauclub.ca\/fr\/wp-json\/wp\/v2\/media?parent=3075"}],"curies":[{"name":"wp","href":"https:\/\/api.w.org\/{rel}","templated":true}]}}