{"id":3063,"date":"2018-12-11T21:12:12","date_gmt":"2018-12-11T21:12:12","guid":{"rendered":"http:\/\/www.rideauclub.ca\/personnes-ressources\/employment\/"},"modified":"2023-01-05T14:13:18","modified_gmt":"2023-01-05T14:13:18","slug":"possibilites-demploi","status":"publish","type":"page","link":"https:\/\/rideauclub.ca\/fr\/personnes-ressources\/possibilites-demploi\/","title":{"rendered":"Possibilit\u00e9s d&#8217;emploi"},"content":{"rendered":"<p>Nous recherchons de personnes dynamiques et motiv\u00e9es avec une personnalit\u00e9\u00a0\u00e9nergique et\u00a0amicale pour nos d\u00e9partements au sein de la restauration. Si vous \u00eates int\u00e9ress\u00e9 par les possibilit\u00e9s d&#8217;emploi au Rideau Club, vous \u00eates invit\u00e9 \u00e0 communiquer avec nous pour obtenir de plus amples renseignements sur les postes disponibles, le processus de demande d&#8217;emploi et pour toute autre information.<\/p>\n<p>Nous acceptons les demandes d&#8217;emploi pour les postes suivants :<strong> chef barman, barmans, serveurs, agent d&rsquo;entretien, chefs de parties et plongeurs<\/strong><\/p>\n<p><strong>Veuillez faire parvenir votre curriculum vitae \u00e0 Carol-Ann Goering, Directrice g\u00e9n\u00e9rale et PDG \u00e0 cgoering@rideauclub.ca\u00a0ou par la poste au Rideau Club.<\/strong><\/p>\n<p>Le Rideau Club est un employeur souscrivant au principe de l&rsquo;\u00e9galit\u00e9 d&rsquo;acc\u00e8s \u00e0 l&#8217;emploi et nous accueillons les candidatures de tous les candidats qualifi\u00e9s. Les donn\u00e9es personnelles recueillies seront trait\u00e9es confidentiellement par le personnel autoris\u00e9 \u00e0 des fins de recrutement au sein du Club.<\/p>\n","protected":false},"excerpt":{"rendered":"<p>Nous recherchons de personnes dynamiques et motiv\u00e9es avec une personnalit\u00e9\u00a0\u00e9nergique et\u00a0amicale pour nos d\u00e9partements au sein de la restauration. Si vous \u00eates int\u00e9ress\u00e9 par les possibilit\u00e9s d&#8217;emploi au Rideau Club, [&hellip;]<\/p>\n","protected":false},"author":1,"featured_media":2585,"parent":3059,"menu_order":25,"comment_status":"closed","ping_status":"closed","template":"","meta":{"_acf_changed":false,"footnotes":""},"class_list":["post-3063","page","type-page","status-publish","has-post-thumbnail","hentry"],"acf":[],"yoast_head":"<!-- This site is optimized with the Yoast SEO plugin v27.3 - https:\/\/yoast.com\/product\/yoast-seo-wordpress\/ -->\n<title>Possibilit\u00e9s d&#039;emploi - Rideau Club Ottawa<\/title>\n<meta name=\"robots\" content=\"index, follow, max-snippet:-1, max-image-preview:large, max-video-preview:-1\" \/>\n<link rel=\"canonical\" href=\"https:\/\/rideauclub.ca\/fr\/personnes-ressources\/possibilites-demploi\/\" \/>\n<meta property=\"og:locale\" content=\"fr_FR\" \/>\n<meta property=\"og:type\" content=\"article\" \/>\n<meta property=\"og:title\" content=\"Possibilit\u00e9s d&#039;emploi - Rideau Club Ottawa\" \/>\n<meta property=\"og:description\" content=\"Nous recherchons de personnes dynamiques et motiv\u00e9es avec une personnalit\u00e9\u00a0\u00e9nergique et\u00a0amicale pour nos d\u00e9partements au sein de la restauration. Si vous \u00eates int\u00e9ress\u00e9 par les possibilit\u00e9s d&#8217;emploi au Rideau Club, [&hellip;]\" \/>\n<meta property=\"og:url\" content=\"https:\/\/rideauclub.ca\/fr\/personnes-ressources\/possibilites-demploi\/\" \/>\n<meta property=\"og:site_name\" content=\"Rideau Club Ottawa\" \/>\n<meta property=\"article:modified_time\" content=\"2023-01-05T14:13:18+00:00\" \/>\n<meta property=\"og:image\" content=\"https:\/\/rideauclub.ca\/wp-content\/uploads\/2018\/12\/r-top-contact.jpg\" \/>\n\t<meta property=\"og:image:width\" content=\"1920\" \/>\n\t<meta property=\"og:image:height\" content=\"549\" \/>\n\t<meta property=\"og:image:type\" content=\"image\/jpeg\" \/>\n<meta name=\"twitter:card\" content=\"summary_large_image\" \/>\n<meta name=\"twitter:label1\" content=\"Dur\u00e9e de lecture estim\u00e9e\" \/>\n\t<meta name=\"twitter:data1\" content=\"1 minute\" \/>\n<script type=\"application\/ld+json\" class=\"yoast-schema-graph\">{\"@context\":\"https:\\\/\\\/schema.org\",\"@graph\":[{\"@type\":\"WebPage\",\"@id\":\"https:\\\/\\\/rideauclub.ca\\\/fr\\\/personnes-ressources\\\/possibilites-demploi\\\/\",\"url\":\"https:\\\/\\\/rideauclub.ca\\\/fr\\\/personnes-ressources\\\/possibilites-demploi\\\/\",\"name\":\"Possibilit\u00e9s d'emploi - Rideau Club Ottawa\",\"isPartOf\":{\"@id\":\"https:\\\/\\\/rideauclub.ca\\\/fr\\\/#website\"},\"primaryImageOfPage\":{\"@id\":\"https:\\\/\\\/rideauclub.ca\\\/fr\\\/personnes-ressources\\\/possibilites-demploi\\\/#primaryimage\"},\"image\":{\"@id\":\"https:\\\/\\\/rideauclub.ca\\\/fr\\\/personnes-ressources\\\/possibilites-demploi\\\/#primaryimage\"},\"thumbnailUrl\":\"https:\\\/\\\/rideauclub.ca\\\/wp-content\\\/uploads\\\/2018\\\/12\\\/r-top-contact.jpg\",\"datePublished\":\"2018-12-11T21:12:12+00:00\",\"dateModified\":\"2023-01-05T14:13:18+00:00\",\"breadcrumb\":{\"@id\":\"https:\\\/\\\/rideauclub.ca\\\/fr\\\/personnes-ressources\\\/possibilites-demploi\\\/#breadcrumb\"},\"inLanguage\":\"fr-FR\",\"potentialAction\":[{\"@type\":\"ReadAction\",\"target\":[\"https:\\\/\\\/rideauclub.ca\\\/fr\\\/personnes-ressources\\\/possibilites-demploi\\\/\"]}]},{\"@type\":\"ImageObject\",\"inLanguage\":\"fr-FR\",\"@id\":\"https:\\\/\\\/rideauclub.ca\\\/fr\\\/personnes-ressources\\\/possibilites-demploi\\\/#primaryimage\",\"url\":\"https:\\\/\\\/rideauclub.ca\\\/wp-content\\\/uploads\\\/2018\\\/12\\\/r-top-contact.jpg\",\"contentUrl\":\"https:\\\/\\\/rideauclub.ca\\\/wp-content\\\/uploads\\\/2018\\\/12\\\/r-top-contact.jpg\",\"width\":1920,\"height\":549,\"caption\":\"Contacts Rideau club Ottawa\"},{\"@type\":\"BreadcrumbList\",\"@id\":\"https:\\\/\\\/rideauclub.ca\\\/fr\\\/personnes-ressources\\\/possibilites-demploi\\\/#breadcrumb\",\"itemListElement\":[{\"@type\":\"ListItem\",\"position\":1,\"name\":\"Home\",\"item\":\"https:\\\/\\\/rideauclub.ca\\\/fr\\\/\"},{\"@type\":\"ListItem\",\"position\":2,\"name\":\"Personnes-ressources\",\"item\":\"https:\\\/\\\/rideauclub.ca\\\/fr\\\/personnes-ressources\\\/\"},{\"@type\":\"ListItem\",\"position\":3,\"name\":\"Possibilit\u00e9s d&#8217;emploi\"}]},{\"@type\":\"WebSite\",\"@id\":\"https:\\\/\\\/rideauclub.ca\\\/fr\\\/#website\",\"url\":\"https:\\\/\\\/rideauclub.ca\\\/fr\\\/\",\"name\":\"Rideau Club Ottawa\",\"description\":\"\",\"potentialAction\":[{\"@type\":\"SearchAction\",\"target\":{\"@type\":\"EntryPoint\",\"urlTemplate\":\"https:\\\/\\\/rideauclub.ca\\\/fr\\\/?s={search_term_string}\"},\"query-input\":{\"@type\":\"PropertyValueSpecification\",\"valueRequired\":true,\"valueName\":\"search_term_string\"}}],\"inLanguage\":\"fr-FR\"}]}<\/script>\n<!-- \/ Yoast SEO plugin. -->","yoast_head_json":{"title":"Possibilit\u00e9s d'emploi - Rideau Club Ottawa","robots":{"index":"index","follow":"follow","max-snippet":"max-snippet:-1","max-image-preview":"max-image-preview:large","max-video-preview":"max-video-preview:-1"},"canonical":"https:\/\/rideauclub.ca\/fr\/personnes-ressources\/possibilites-demploi\/","og_locale":"fr_FR","og_type":"article","og_title":"Possibilit\u00e9s d'emploi - Rideau Club Ottawa","og_description":"Nous recherchons de personnes dynamiques et motiv\u00e9es avec une personnalit\u00e9\u00a0\u00e9nergique et\u00a0amicale pour nos d\u00e9partements au sein de la restauration. Si vous \u00eates int\u00e9ress\u00e9 par les possibilit\u00e9s d&#8217;emploi au Rideau Club, [&hellip;]","og_url":"https:\/\/rideauclub.ca\/fr\/personnes-ressources\/possibilites-demploi\/","og_site_name":"Rideau Club Ottawa","article_modified_time":"2023-01-05T14:13:18+00:00","og_image":[{"width":1920,"height":549,"url":"https:\/\/rideauclub.ca\/wp-content\/uploads\/2018\/12\/r-top-contact.jpg","type":"image\/jpeg"}],"twitter_card":"summary_large_image","twitter_misc":{"Dur\u00e9e de lecture estim\u00e9e":"1 minute"},"schema":{"@context":"https:\/\/schema.org","@graph":[{"@type":"WebPage","@id":"https:\/\/rideauclub.ca\/fr\/personnes-ressources\/possibilites-demploi\/","url":"https:\/\/rideauclub.ca\/fr\/personnes-ressources\/possibilites-demploi\/","name":"Possibilit\u00e9s d'emploi - Rideau Club Ottawa","isPartOf":{"@id":"https:\/\/rideauclub.ca\/fr\/#website"},"primaryImageOfPage":{"@id":"https:\/\/rideauclub.ca\/fr\/personnes-ressources\/possibilites-demploi\/#primaryimage"},"image":{"@id":"https:\/\/rideauclub.ca\/fr\/personnes-ressources\/possibilites-demploi\/#primaryimage"},"thumbnailUrl":"https:\/\/rideauclub.ca\/wp-content\/uploads\/2018\/12\/r-top-contact.jpg","datePublished":"2018-12-11T21:12:12+00:00","dateModified":"2023-01-05T14:13:18+00:00","breadcrumb":{"@id":"https:\/\/rideauclub.ca\/fr\/personnes-ressources\/possibilites-demploi\/#breadcrumb"},"inLanguage":"fr-FR","potentialAction":[{"@type":"ReadAction","target":["https:\/\/rideauclub.ca\/fr\/personnes-ressources\/possibilites-demploi\/"]}]},{"@type":"ImageObject","inLanguage":"fr-FR","@id":"https:\/\/rideauclub.ca\/fr\/personnes-ressources\/possibilites-demploi\/#primaryimage","url":"https:\/\/rideauclub.ca\/wp-content\/uploads\/2018\/12\/r-top-contact.jpg","contentUrl":"https:\/\/rideauclub.ca\/wp-content\/uploads\/2018\/12\/r-top-contact.jpg","width":1920,"height":549,"caption":"Contacts Rideau club Ottawa"},{"@type":"BreadcrumbList","@id":"https:\/\/rideauclub.ca\/fr\/personnes-ressources\/possibilites-demploi\/#breadcrumb","itemListElement":[{"@type":"ListItem","position":1,"name":"Home","item":"https:\/\/rideauclub.ca\/fr\/"},{"@type":"ListItem","position":2,"name":"Personnes-ressources","item":"https:\/\/rideauclub.ca\/fr\/personnes-ressources\/"},{"@type":"ListItem","position":3,"name":"Possibilit\u00e9s d&#8217;emploi"}]},{"@type":"WebSite","@id":"https:\/\/rideauclub.ca\/fr\/#website","url":"https:\/\/rideauclub.ca\/fr\/","name":"Rideau Club Ottawa","description":"","potentialAction":[{"@type":"SearchAction","target":{"@type":"EntryPoint","urlTemplate":"https:\/\/rideauclub.ca\/fr\/?s={search_term_string}"},"query-input":{"@type":"PropertyValueSpecification","valueRequired":true,"valueName":"search_term_string"}}],"inLanguage":"fr-FR"}]}},"_links":{"self":[{"href":"https:\/\/rideauclub.ca\/fr\/wp-json\/wp\/v2\/pages\/3063","targetHints":{"allow":["GET"]}}],"collection":[{"href":"https:\/\/rideauclub.ca\/fr\/wp-json\/wp\/v2\/pages"}],"about":[{"href":"https:\/\/rideauclub.ca\/fr\/wp-json\/wp\/v2\/types\/page"}],"author":[{"embeddable":true,"href":"https:\/\/rideauclub.ca\/fr\/wp-json\/wp\/v2\/users\/1"}],"replies":[{"embeddable":true,"href":"https:\/\/rideauclub.ca\/fr\/wp-json\/wp\/v2\/comments?post=3063"}],"version-history":[{"count":5,"href":"https:\/\/rideauclub.ca\/fr\/wp-json\/wp\/v2\/pages\/3063\/revisions"}],"predecessor-version":[{"id":8493,"href":"https:\/\/rideauclub.ca\/fr\/wp-json\/wp\/v2\/pages\/3063\/revisions\/8493"}],"up":[{"embeddable":true,"href":"https:\/\/rideauclub.ca\/fr\/wp-json\/wp\/v2\/pages\/3059"}],"wp:featuredmedia":[{"embeddable":true,"href":"https:\/\/rideauclub.ca\/fr\/wp-json\/wp\/v2\/media\/2585"}],"wp:attachment":[{"href":"https:\/\/rideauclub.ca\/fr\/wp-json\/wp\/v2\/media?parent=3063"}],"curies":[{"name":"wp","href":"https:\/\/api.w.org\/{rel}","templated":true}]}}