{"id":3042,"date":"2018-12-11T21:09:51","date_gmt":"2018-12-11T21:09:51","guid":{"rendered":"http:\/\/www.rideauclub.ca\/service-traiteur-evenements\/catering-events\/"},"modified":"2026-03-04T16:47:33","modified_gmt":"2026-03-04T16:47:33","slug":"service-traiteur-evenements-2","status":"publish","type":"page","link":"https:\/\/rideauclub.ca\/fr\/service-traiteur-evenements-2\/","title":{"rendered":"Service de traiteur et \u00e9v\u00e9nements"},"content":{"rendered":"<p><span style=\"font-weight: 400;\">Le Rideau Club dispose d\u2019un somptueux salon et d\u2019une \u00e9l\u00e9gante salle \u00e0 manger pour la tenue d\u2019une c\u00e9l\u00e9bration priv\u00e9e ou d\u2019un \u00e9v\u00e9nement corporatif. Des salles de r\u00e9unions priv\u00e9es, des salles de banquets, des aires de restauration ainsi qu\u2019une biblioth\u00e8que bien outill\u00e9e peuvent \u00e9galement accueillir votre \u00e9v\u00e9nement. \u00a0<\/span><\/p>\n<h2>Banquets et r\u00e9unions<\/h2>\n<p><span style=\"font-weight: 400;\">Le Club vous propose un environnement unique, des vues prenantes et une \u00e9quipe qui traite ses membres aux petits soins. D\u2019un professionnalisme exemplaire, nos employ\u00e9s veillent \u00e0 satisfaire aux particularit\u00e9s de votre \u00e9v\u00e9nement et, comme toujours, vous offrir un service qui d\u00e9passe vos attentes.<\/span><\/p>\n<h4><a href=\"https:\/\/rideauclub.ca\/wp-content\/uploads\/2025\/02\/Banquet-Menu-2025.pdf\">Cliquez ici pour voir le menu des banquets<\/a><\/h4>\n<h2>Mariages et r\u00e9ceptions<\/h2>\n<p><span style=\"font-weight: 400;\">\u00ab Andrea et moi avons v\u00e9cu une soir\u00e9e de mariage parfaite au Rideau Club. Toutes nos attentes ont \u00e9t\u00e9 combl\u00e9es. De l\u2019attention aux d\u00e9tails et du service exceptionnel offert par Jennifer, \u00e0 la qualit\u00e9 du repas servi dans une salle priv\u00e9e magnifiquement d\u00e9cor\u00e9e par une \u00e9quipe remarquable. Nos invit\u00e9s ont \u00e9galement beaucoup appr\u00e9ci\u00e9 la soir\u00e9e ainsi que les attentions particuli\u00e8res. L\u2019\u00e9quipe du Rideau Club a fait de cette journ\u00e9e un moment inoubliable pour nous ! Un grand merci ! \u00bb<\/span><\/p>\n<p data-start=\"0\" data-end=\"527\"><em>\u2014 Membres du Rideau Club, Andrea et Louis &#8211; Novembre 2025<\/em><\/p>\n<p data-start=\"529\" data-end=\"1119\" data-is-last-node=\"\" data-is-only-node=\"\">\u00ab Nous tenons \u00e0 exprimer notre sinc\u00e8re gratitude \u00e0 vous et \u00e0 votre \u00e9quipe pour avoir fait de notre c\u00e9r\u00e9monie de mariage un moment aussi magnifique pour nous, notre famille et nos amis. Tous nos invit\u00e9s ont pass\u00e9 un merveilleux moment ; nous avons re\u00e7u d\u2019excellents commentaires sur le repas d\u00e9licieux et le lieu extraordinaire. Ce fut une occasion tr\u00e8s m\u00e9morable pour nous, et nous vous remercions pour tout ce que vous avez fait pour la rendre si sp\u00e9ciale. Ce fut un r\u00e9el plaisir de collaborer avec vous tout au long du processus de planification. \u00bb<\/p>\n<article class=\"text-token-text-primary w-full focus:outline-none [--shadow-height:45px] has-data-writing-block:pointer-events-none has-data-writing-block:-mt-(--shadow-height) has-data-writing-block:pt-(--shadow-height) [&amp;:has([data-writing-block])&gt;*]:pointer-events-auto [content-visibility:auto] supports-[content-visibility:auto]:[contain-intrinsic-size:auto_100lvh] scroll-mt-[calc(var(--header-height)+min(200px,max(70px,20svh)))]\" dir=\"auto\" tabindex=\"-1\" data-turn-id=\"request-WEB:d2d34949-a9de-4adb-b306-8c6fe1c87ef8-1\" data-testid=\"conversation-turn-4\" data-scroll-anchor=\"true\" data-turn=\"assistant\">\n<div class=\"text-base my-auto mx-auto pb-10 [--thread-content-margin:--spacing(4)] thread-sm:[--thread-content-margin:--spacing(6)] thread-lg:[--thread-content-margin:--spacing(16)] px-(--thread-content-margin)\">\n<div class=\"[--thread-content-max-width:40rem] thread-lg:[--thread-content-max-width:48rem] mx-auto max-w-(--thread-content-max-width) flex-1 group\/turn-messages focus-visible:outline-hidden relative flex w-full min-w-0 flex-col agent-turn\" tabindex=\"-1\">\n<div class=\"flex max-w-full flex-col grow\">\n<div class=\"min-h-8 text-message relative flex w-full flex-col items-end gap-2 text-start break-words whitespace-normal [.text-message+&amp;]:mt-1\" dir=\"auto\" data-message-author-role=\"assistant\" data-message-id=\"6fc7487f-4535-4515-bd88-bc1e376d9f45\" data-message-model-slug=\"gpt-5\">\n<div class=\"flex w-full flex-col gap-1 empty:hidden first:pt-[1px]\">\n<div class=\"markdown prose dark:prose-invert w-full break-words light markdown-new-styling\">\n<p data-start=\"529\" data-end=\"1119\" data-is-last-node=\"\" data-is-only-node=\"\"><em>\u2014 Membres du Rideau Club, Lisa et Eme &#8211; 3 juin, 2025<\/em><\/p>\n<\/div>\n<\/div>\n<\/div>\n<\/div>\n<\/div>\n<\/div>\n<\/article>\n<h4><a href=\"https:\/\/rideauclub.ca\/wp-content\/uploads\/2026\/03\/Wedding-Package-Fall-2025-9.pdf\"><strong>Cliquez ici pour voir le menu des mariages<\/strong><\/a><\/h4>\n<p><img decoding=\"async\" src=\"https:\/\/rideauclub.ca\/wp-content\/uploads\/2025\/11\/website-picture-wedding.jpg\" \/><\/p>\n<hr \/>\n<p><span style=\"font-weight: 400;\">Pour en savoir davantage sur les \u00e9v\u00e9nements au Rideau Club, communiquez avec:<br \/>\n<\/span><span style=\"font-weight: 400;\">Jennifer Lodato<br \/>\nDirectrice du service de traiteur et des \u00e9v\u00e9nements<br \/>\n<\/span><span style=\"font-weight: 400;\">(613) 233-7787 ext. 231<br \/>\nevents@rideauclub.ca<\/span><\/p>\n","protected":false},"excerpt":{"rendered":"<p>Le Rideau Club dispose d\u2019un somptueux salon et d\u2019une \u00e9l\u00e9gante salle \u00e0 manger pour la tenue d\u2019une c\u00e9l\u00e9bration priv\u00e9e ou d\u2019un \u00e9v\u00e9nement corporatif. Des salles de r\u00e9unions priv\u00e9es, des salles [&hellip;]<\/p>\n","protected":false},"author":1,"featured_media":2570,"parent":0,"menu_order":9,"comment_status":"closed","ping_status":"closed","template":"","meta":{"_acf_changed":false,"footnotes":""},"class_list":["post-3042","page","type-page","status-publish","has-post-thumbnail","hentry"],"acf":[],"yoast_head":"<!-- This site is optimized with the Yoast SEO plugin v27.3 - https:\/\/yoast.com\/product\/yoast-seo-wordpress\/ -->\n<title>Service de traiteur et \u00e9v\u00e9nements - Rideau Club Ottawa<\/title>\n<meta name=\"robots\" content=\"index, follow, max-snippet:-1, max-image-preview:large, max-video-preview:-1\" \/>\n<link rel=\"canonical\" href=\"https:\/\/rideauclub.ca\/fr\/service-traiteur-evenements-2\/\" \/>\n<meta property=\"og:locale\" content=\"fr_FR\" \/>\n<meta property=\"og:type\" content=\"article\" \/>\n<meta property=\"og:title\" content=\"Service de traiteur et \u00e9v\u00e9nements - Rideau Club Ottawa\" \/>\n<meta property=\"og:description\" content=\"Le Rideau Club dispose d\u2019un somptueux salon et d\u2019une \u00e9l\u00e9gante salle \u00e0 manger pour la tenue d\u2019une c\u00e9l\u00e9bration priv\u00e9e ou d\u2019un \u00e9v\u00e9nement corporatif. Des salles de r\u00e9unions priv\u00e9es, des salles [&hellip;]\" \/>\n<meta property=\"og:url\" content=\"https:\/\/rideauclub.ca\/fr\/service-traiteur-evenements-2\/\" \/>\n<meta property=\"og:site_name\" content=\"Rideau Club Ottawa\" \/>\n<meta property=\"article:modified_time\" content=\"2026-03-04T16:47:33+00:00\" \/>\n<meta property=\"og:image\" content=\"https:\/\/rideauclub.ca\/wp-content\/uploads\/2018\/12\/r-top-benefits.jpg\" \/>\n\t<meta property=\"og:image:width\" content=\"1920\" \/>\n\t<meta property=\"og:image:height\" content=\"605\" \/>\n\t<meta property=\"og:image:type\" content=\"image\/jpeg\" \/>\n<meta name=\"twitter:card\" content=\"summary_large_image\" \/>\n<meta name=\"twitter:label1\" content=\"Dur\u00e9e de lecture estim\u00e9e\" \/>\n\t<meta name=\"twitter:data1\" content=\"2 minutes\" \/>\n<script type=\"application\/ld+json\" class=\"yoast-schema-graph\">{\"@context\":\"https:\\\/\\\/schema.org\",\"@graph\":[{\"@type\":\"WebPage\",\"@id\":\"https:\\\/\\\/rideauclub.ca\\\/fr\\\/service-traiteur-evenements-2\\\/\",\"url\":\"https:\\\/\\\/rideauclub.ca\\\/fr\\\/service-traiteur-evenements-2\\\/\",\"name\":\"Service de traiteur et \u00e9v\u00e9nements - Rideau Club Ottawa\",\"isPartOf\":{\"@id\":\"https:\\\/\\\/rideauclub.ca\\\/fr\\\/#website\"},\"primaryImageOfPage\":{\"@id\":\"https:\\\/\\\/rideauclub.ca\\\/fr\\\/service-traiteur-evenements-2\\\/#primaryimage\"},\"image\":{\"@id\":\"https:\\\/\\\/rideauclub.ca\\\/fr\\\/service-traiteur-evenements-2\\\/#primaryimage\"},\"thumbnailUrl\":\"https:\\\/\\\/rideauclub.ca\\\/wp-content\\\/uploads\\\/2018\\\/12\\\/r-top-benefits.jpg\",\"datePublished\":\"2018-12-11T21:09:51+00:00\",\"dateModified\":\"2026-03-04T16:47:33+00:00\",\"breadcrumb\":{\"@id\":\"https:\\\/\\\/rideauclub.ca\\\/fr\\\/service-traiteur-evenements-2\\\/#breadcrumb\"},\"inLanguage\":\"fr-FR\",\"potentialAction\":[{\"@type\":\"ReadAction\",\"target\":[\"https:\\\/\\\/rideauclub.ca\\\/fr\\\/service-traiteur-evenements-2\\\/\"]}]},{\"@type\":\"ImageObject\",\"inLanguage\":\"fr-FR\",\"@id\":\"https:\\\/\\\/rideauclub.ca\\\/fr\\\/service-traiteur-evenements-2\\\/#primaryimage\",\"url\":\"https:\\\/\\\/rideauclub.ca\\\/wp-content\\\/uploads\\\/2018\\\/12\\\/r-top-benefits.jpg\",\"contentUrl\":\"https:\\\/\\\/rideauclub.ca\\\/wp-content\\\/uploads\\\/2018\\\/12\\\/r-top-benefits.jpg\",\"width\":1920,\"height\":605,\"caption\":\"Benefits\"},{\"@type\":\"BreadcrumbList\",\"@id\":\"https:\\\/\\\/rideauclub.ca\\\/fr\\\/service-traiteur-evenements-2\\\/#breadcrumb\",\"itemListElement\":[{\"@type\":\"ListItem\",\"position\":1,\"name\":\"Home\",\"item\":\"https:\\\/\\\/rideauclub.ca\\\/fr\\\/\"},{\"@type\":\"ListItem\",\"position\":2,\"name\":\"Service de traiteur et \u00e9v\u00e9nements\"}]},{\"@type\":\"WebSite\",\"@id\":\"https:\\\/\\\/rideauclub.ca\\\/fr\\\/#website\",\"url\":\"https:\\\/\\\/rideauclub.ca\\\/fr\\\/\",\"name\":\"Rideau Club Ottawa\",\"description\":\"\",\"potentialAction\":[{\"@type\":\"SearchAction\",\"target\":{\"@type\":\"EntryPoint\",\"urlTemplate\":\"https:\\\/\\\/rideauclub.ca\\\/fr\\\/?s={search_term_string}\"},\"query-input\":{\"@type\":\"PropertyValueSpecification\",\"valueRequired\":true,\"valueName\":\"search_term_string\"}}],\"inLanguage\":\"fr-FR\"}]}<\/script>\n<!-- \/ Yoast SEO plugin. -->","yoast_head_json":{"title":"Service de traiteur et \u00e9v\u00e9nements - Rideau Club Ottawa","robots":{"index":"index","follow":"follow","max-snippet":"max-snippet:-1","max-image-preview":"max-image-preview:large","max-video-preview":"max-video-preview:-1"},"canonical":"https:\/\/rideauclub.ca\/fr\/service-traiteur-evenements-2\/","og_locale":"fr_FR","og_type":"article","og_title":"Service de traiteur et \u00e9v\u00e9nements - Rideau Club Ottawa","og_description":"Le Rideau Club dispose d\u2019un somptueux salon et d\u2019une \u00e9l\u00e9gante salle \u00e0 manger pour la tenue d\u2019une c\u00e9l\u00e9bration priv\u00e9e ou d\u2019un \u00e9v\u00e9nement corporatif. Des salles de r\u00e9unions priv\u00e9es, des salles [&hellip;]","og_url":"https:\/\/rideauclub.ca\/fr\/service-traiteur-evenements-2\/","og_site_name":"Rideau Club Ottawa","article_modified_time":"2026-03-04T16:47:33+00:00","og_image":[{"width":1920,"height":605,"url":"https:\/\/rideauclub.ca\/wp-content\/uploads\/2018\/12\/r-top-benefits.jpg","type":"image\/jpeg"}],"twitter_card":"summary_large_image","twitter_misc":{"Dur\u00e9e de lecture estim\u00e9e":"2 minutes"},"schema":{"@context":"https:\/\/schema.org","@graph":[{"@type":"WebPage","@id":"https:\/\/rideauclub.ca\/fr\/service-traiteur-evenements-2\/","url":"https:\/\/rideauclub.ca\/fr\/service-traiteur-evenements-2\/","name":"Service de traiteur et \u00e9v\u00e9nements - Rideau Club Ottawa","isPartOf":{"@id":"https:\/\/rideauclub.ca\/fr\/#website"},"primaryImageOfPage":{"@id":"https:\/\/rideauclub.ca\/fr\/service-traiteur-evenements-2\/#primaryimage"},"image":{"@id":"https:\/\/rideauclub.ca\/fr\/service-traiteur-evenements-2\/#primaryimage"},"thumbnailUrl":"https:\/\/rideauclub.ca\/wp-content\/uploads\/2018\/12\/r-top-benefits.jpg","datePublished":"2018-12-11T21:09:51+00:00","dateModified":"2026-03-04T16:47:33+00:00","breadcrumb":{"@id":"https:\/\/rideauclub.ca\/fr\/service-traiteur-evenements-2\/#breadcrumb"},"inLanguage":"fr-FR","potentialAction":[{"@type":"ReadAction","target":["https:\/\/rideauclub.ca\/fr\/service-traiteur-evenements-2\/"]}]},{"@type":"ImageObject","inLanguage":"fr-FR","@id":"https:\/\/rideauclub.ca\/fr\/service-traiteur-evenements-2\/#primaryimage","url":"https:\/\/rideauclub.ca\/wp-content\/uploads\/2018\/12\/r-top-benefits.jpg","contentUrl":"https:\/\/rideauclub.ca\/wp-content\/uploads\/2018\/12\/r-top-benefits.jpg","width":1920,"height":605,"caption":"Benefits"},{"@type":"BreadcrumbList","@id":"https:\/\/rideauclub.ca\/fr\/service-traiteur-evenements-2\/#breadcrumb","itemListElement":[{"@type":"ListItem","position":1,"name":"Home","item":"https:\/\/rideauclub.ca\/fr\/"},{"@type":"ListItem","position":2,"name":"Service de traiteur et \u00e9v\u00e9nements"}]},{"@type":"WebSite","@id":"https:\/\/rideauclub.ca\/fr\/#website","url":"https:\/\/rideauclub.ca\/fr\/","name":"Rideau Club Ottawa","description":"","potentialAction":[{"@type":"SearchAction","target":{"@type":"EntryPoint","urlTemplate":"https:\/\/rideauclub.ca\/fr\/?s={search_term_string}"},"query-input":{"@type":"PropertyValueSpecification","valueRequired":true,"valueName":"search_term_string"}}],"inLanguage":"fr-FR"}]}},"_links":{"self":[{"href":"https:\/\/rideauclub.ca\/fr\/wp-json\/wp\/v2\/pages\/3042","targetHints":{"allow":["GET"]}}],"collection":[{"href":"https:\/\/rideauclub.ca\/fr\/wp-json\/wp\/v2\/pages"}],"about":[{"href":"https:\/\/rideauclub.ca\/fr\/wp-json\/wp\/v2\/types\/page"}],"author":[{"embeddable":true,"href":"https:\/\/rideauclub.ca\/fr\/wp-json\/wp\/v2\/users\/1"}],"replies":[{"embeddable":true,"href":"https:\/\/rideauclub.ca\/fr\/wp-json\/wp\/v2\/comments?post=3042"}],"version-history":[{"count":5,"href":"https:\/\/rideauclub.ca\/fr\/wp-json\/wp\/v2\/pages\/3042\/revisions"}],"predecessor-version":[{"id":11093,"href":"https:\/\/rideauclub.ca\/fr\/wp-json\/wp\/v2\/pages\/3042\/revisions\/11093"}],"wp:featuredmedia":[{"embeddable":true,"href":"https:\/\/rideauclub.ca\/fr\/wp-json\/wp\/v2\/media\/2570"}],"wp:attachment":[{"href":"https:\/\/rideauclub.ca\/fr\/wp-json\/wp\/v2\/media?parent=3042"}],"curies":[{"name":"wp","href":"https:\/\/api.w.org\/{rel}","templated":true}]}}