{"id":3040,"date":"2018-12-11T21:10:34","date_gmt":"2018-12-11T21:10:34","guid":{"rendered":"http:\/\/www.rideauclub.ca\/service-traiteur-evenements\/catering-event-policies\/"},"modified":"2023-01-10T17:49:14","modified_gmt":"2023-01-10T17:49:14","slug":"politiques-service-de-traiteur-evenements","status":"publish","type":"page","link":"https:\/\/rideauclub.ca\/fr\/service-traiteur-evenements\/politiques-service-de-traiteur-evenements\/","title":{"rendered":"Politiques \u00e9v\u00e9nements"},"content":{"rendered":"<h2>Annulation<\/h2>\n<p><span style=\"font-weight: 400;\">En vertu de notre politique d\u2019annulation, le co\u00fbt des \u00e9v\u00e9nements priv\u00e9s qui ne sont pas annul\u00e9s dans les 72\u00a0heures avant la tenue de l\u2019\u00e9v\u00e9nement sera port\u00e9 au compte du membre.<\/span><\/p>\n<h2>Comportement<\/h2>\n<p><span style=\"font-weight: 400;\">Les membres assument la responsabilit\u00e9 de la conduite de leurs invit\u00e9s en tout temps.<\/span><\/p>\n<h2>Fermeture quotidienne<\/h2>\n<p><span style=\"font-weight: 400;\">En vertu des r\u00e8glements internes du Club, l\u2019heure de fermeture du Club est fix\u00e9e \u00e0 minuit, et la derni\u00e8re tourn\u00e9e \u00e0 23\u00a0h\u00a040. Apr\u00e8s minuit, des frais de main-d\u2019\u0153uvre et de transport s\u2019ajoutent.<\/span><\/p>\n<h2>Menus gastronomiques<\/h2>\n<p><span style=\"font-weight: 400;\">C\u2019est avec plaisir que notre Chef ex\u00e9cutif Duane Lepine vous rencontrera pour \u00e9laborer un menu particulier pour votre \u00e9v\u00e9nement. Veuillez prendre note que l\u2019approvisionnement de certains produits peut exiger un pr\u00e9avis de deux semaines.<\/span><\/p>\n<h2>Photographes<\/h2>\n<p><span style=\"font-weight: 400;\">Les photographes, les op\u00e9rateurs et op\u00e9ratrices de cam\u00e9ra et les journalistes ne peuvent \u00eatre invit\u00e9s au Club, en cette qualit\u00e9, \u00e0 moins d\u2019avoir re\u00e7u une autorisation sp\u00e9ciale.<\/span><\/p>\n<h2>Pr\u00e9sence<\/h2>\n<p><span style=\"font-weight: 400;\">Il faudra confirmer le nombre de personnes qui assisteront \u00e0 votre \u00e9v\u00e9nement aupr\u00e8s du service de traiteur 72\u00a0heures \u00e0 l\u2019avance, et ce, avant 12 h. La confirmation pour les \u00e9v\u00e9nements qui ont lieu les lundis ou les mardis doit \u00eatre faite le jeudi pr\u00e9c\u00e9dent avant 12\u00a0h. En l\u2019absence d\u2019une confirmation du nombre de convives, la facturation refl\u00e9tera le nombre de personnes le plus \u00e9lev\u00e9 pr\u00e9vu lors de la r\u00e9servation de l\u2019\u00e9v\u00e9nement ou le nombre actuel de participants. La pr\u00e9paration d\u2019aliments exc\u00e8dera de 3\u00a0% le nombre de personnes confirm\u00e9es, jusqu\u2019\u00e0 concurrence de 10 couverts additionnels. Une augmentation du nombre de participants \u00e0 l\u2019int\u00e9rieur de la p\u00e9riode de 72\u00a0heures requise fera l\u2019objet d\u2019un suppl\u00e9ment de 10,00\u00a0$ par personne. Le Club ne pourra pas garantir la disponibilit\u00e9 de tous les choix du menu.<\/span><\/p>\n<h2>S\u00e9lection du menu<\/h2>\n<p>Veuillez pr\u00e9senter votre s\u00e9lection au service de traiteur au moins deux semaines avant la tenue de votre \u00e9v\u00e9nement pour assurer la disponibilit\u00e9 des produits. Nous garantissons les prix pour une dur\u00e9e de deux mois apr\u00e8s la r\u00e9servation. Lorsque vous choisissez les plats de votre menu, gardez en t\u00eate que le menu doit \u00eatre le m\u00eame pour tous les convives qui assistent \u00e0 l\u2019\u00e9v\u00e9nement. La cuisine pourra accommoder le service d\u2019un repas v\u00e9g\u00e9tarien (veuillez pr\u00e9ciser, c.-\u00e0-d. vegan, ovo, etc.) et les restrictions alimentaires particuli\u00e8res, pourvu que vous nous communiquiez ces renseignements 72 heures avant l\u2019\u00e9v\u00e9nement. Tout changement en de\u00e7\u00e0 de cette p\u00e9riode de temps sera factur\u00e9.<\/p>\n<h2>Taxes<\/h2>\n<p><span style=\"font-weight: 400;\">** Veuillez noter que les prix ne comprennent pas les taxes.<\/span><\/p>\n<p><span style=\"font-weight: 400;\">Le prix des menus et des autres items peut varier en fonction des conditions du march\u00e9. Nous pourrons confirmer le co\u00fbt total, y compris le pourboire de 18 % et taxes de 13%, 60 jours avant la tenue de votre \u00e9v\u00e9nement. <\/span><\/p>\n<h2>Tenue vestimentaire<\/h2>\n<p><span style=\"font-weight: 400;\">Sauf indication contraire de l\u2019h\u00f4te, une tenue vestimentaire d\u2019affaires est de rigueur lors d\u2019un \u00e9v\u00e9nement priv\u00e9.<\/span><\/p>\n<p><span style=\"font-weight: 400;\">Les membres doivent s\u2019assurer que leurs invit\u00e9s respectent la tenue vestimentaire du Club.<\/span><\/p>\n<p>&nbsp;<\/p>\n<h2 style=\"text-align: center;\">Questions? Contactez <a href=\"mailto:events@rideauclub.ca\">events@rideauclub.ca<\/a><\/h2>\n","protected":false},"excerpt":{"rendered":"<p>Annulation En vertu de notre politique d\u2019annulation, le co\u00fbt des \u00e9v\u00e9nements priv\u00e9s qui ne sont pas annul\u00e9s dans les 72\u00a0heures avant la tenue de l\u2019\u00e9v\u00e9nement sera port\u00e9 au compte du [&hellip;]<\/p>\n","protected":false},"author":1,"featured_media":2579,"parent":3037,"menu_order":53,"comment_status":"closed","ping_status":"closed","template":"","meta":{"_acf_changed":false,"footnotes":""},"class_list":["post-3040","page","type-page","status-publish","has-post-thumbnail","hentry"],"acf":[],"yoast_head":"<!-- This site is optimized with the Yoast SEO plugin v27.3 - https:\/\/yoast.com\/product\/yoast-seo-wordpress\/ -->\n<title>Politiques \u00e9v\u00e9nements - Rideau Club Ottawa<\/title>\n<meta name=\"robots\" content=\"index, follow, max-snippet:-1, max-image-preview:large, max-video-preview:-1\" \/>\n<link rel=\"canonical\" href=\"https:\/\/rideauclub.ca\/fr\/service-traiteur-evenements\/politiques-service-de-traiteur-evenements\/\" \/>\n<meta property=\"og:locale\" content=\"fr_FR\" \/>\n<meta property=\"og:type\" content=\"article\" \/>\n<meta property=\"og:title\" content=\"Politiques \u00e9v\u00e9nements - Rideau Club Ottawa\" \/>\n<meta property=\"og:description\" content=\"Annulation En vertu de notre politique d\u2019annulation, le co\u00fbt des \u00e9v\u00e9nements priv\u00e9s qui ne sont pas annul\u00e9s dans les 72\u00a0heures avant la tenue de l\u2019\u00e9v\u00e9nement sera port\u00e9 au compte du [&hellip;]\" \/>\n<meta property=\"og:url\" content=\"https:\/\/rideauclub.ca\/fr\/service-traiteur-evenements\/politiques-service-de-traiteur-evenements\/\" \/>\n<meta property=\"og:site_name\" content=\"Rideau Club Ottawa\" \/>\n<meta property=\"article:modified_time\" content=\"2023-01-10T17:49:14+00:00\" \/>\n<meta property=\"og:image\" content=\"https:\/\/rideauclub.ca\/wp-content\/uploads\/2018\/12\/r-top-cater.jpg\" \/>\n\t<meta property=\"og:image:width\" content=\"1920\" \/>\n\t<meta property=\"og:image:height\" content=\"549\" \/>\n\t<meta property=\"og:image:type\" content=\"image\/jpeg\" \/>\n<meta name=\"twitter:card\" content=\"summary_large_image\" \/>\n<meta name=\"twitter:label1\" content=\"Dur\u00e9e de lecture estim\u00e9e\" \/>\n\t<meta name=\"twitter:data1\" content=\"3 minutes\" \/>\n<script type=\"application\/ld+json\" class=\"yoast-schema-graph\">{\"@context\":\"https:\\\/\\\/schema.org\",\"@graph\":[{\"@type\":\"WebPage\",\"@id\":\"https:\\\/\\\/rideauclub.ca\\\/fr\\\/service-traiteur-evenements\\\/politiques-service-de-traiteur-evenements\\\/\",\"url\":\"https:\\\/\\\/rideauclub.ca\\\/fr\\\/service-traiteur-evenements\\\/politiques-service-de-traiteur-evenements\\\/\",\"name\":\"Politiques \u00e9v\u00e9nements - Rideau Club Ottawa\",\"isPartOf\":{\"@id\":\"https:\\\/\\\/rideauclub.ca\\\/fr\\\/#website\"},\"primaryImageOfPage\":{\"@id\":\"https:\\\/\\\/rideauclub.ca\\\/fr\\\/service-traiteur-evenements\\\/politiques-service-de-traiteur-evenements\\\/#primaryimage\"},\"image\":{\"@id\":\"https:\\\/\\\/rideauclub.ca\\\/fr\\\/service-traiteur-evenements\\\/politiques-service-de-traiteur-evenements\\\/#primaryimage\"},\"thumbnailUrl\":\"https:\\\/\\\/rideauclub.ca\\\/wp-content\\\/uploads\\\/2018\\\/12\\\/r-top-cater.jpg\",\"datePublished\":\"2018-12-11T21:10:34+00:00\",\"dateModified\":\"2023-01-10T17:49:14+00:00\",\"breadcrumb\":{\"@id\":\"https:\\\/\\\/rideauclub.ca\\\/fr\\\/service-traiteur-evenements\\\/politiques-service-de-traiteur-evenements\\\/#breadcrumb\"},\"inLanguage\":\"fr-FR\",\"potentialAction\":[{\"@type\":\"ReadAction\",\"target\":[\"https:\\\/\\\/rideauclub.ca\\\/fr\\\/service-traiteur-evenements\\\/politiques-service-de-traiteur-evenements\\\/\"]}]},{\"@type\":\"ImageObject\",\"inLanguage\":\"fr-FR\",\"@id\":\"https:\\\/\\\/rideauclub.ca\\\/fr\\\/service-traiteur-evenements\\\/politiques-service-de-traiteur-evenements\\\/#primaryimage\",\"url\":\"https:\\\/\\\/rideauclub.ca\\\/wp-content\\\/uploads\\\/2018\\\/12\\\/r-top-cater.jpg\",\"contentUrl\":\"https:\\\/\\\/rideauclub.ca\\\/wp-content\\\/uploads\\\/2018\\\/12\\\/r-top-cater.jpg\",\"width\":1920,\"height\":549,\"caption\":\"CATERING & EVENTS\"},{\"@type\":\"BreadcrumbList\",\"@id\":\"https:\\\/\\\/rideauclub.ca\\\/fr\\\/service-traiteur-evenements\\\/politiques-service-de-traiteur-evenements\\\/#breadcrumb\",\"itemListElement\":[{\"@type\":\"ListItem\",\"position\":1,\"name\":\"Home\",\"item\":\"https:\\\/\\\/rideauclub.ca\\\/fr\\\/\"},{\"@type\":\"ListItem\",\"position\":2,\"name\":\"Service de traiteur et \u00e9v\u00e9nements\",\"item\":\"https:\\\/\\\/rideauclub.ca\\\/fr\\\/service-traiteur-evenements\\\/\"},{\"@type\":\"ListItem\",\"position\":3,\"name\":\"Politiques \u00e9v\u00e9nements\"}]},{\"@type\":\"WebSite\",\"@id\":\"https:\\\/\\\/rideauclub.ca\\\/fr\\\/#website\",\"url\":\"https:\\\/\\\/rideauclub.ca\\\/fr\\\/\",\"name\":\"Rideau Club Ottawa\",\"description\":\"\",\"potentialAction\":[{\"@type\":\"SearchAction\",\"target\":{\"@type\":\"EntryPoint\",\"urlTemplate\":\"https:\\\/\\\/rideauclub.ca\\\/fr\\\/?s={search_term_string}\"},\"query-input\":{\"@type\":\"PropertyValueSpecification\",\"valueRequired\":true,\"valueName\":\"search_term_string\"}}],\"inLanguage\":\"fr-FR\"}]}<\/script>\n<!-- \/ Yoast SEO plugin. -->","yoast_head_json":{"title":"Politiques \u00e9v\u00e9nements - Rideau Club Ottawa","robots":{"index":"index","follow":"follow","max-snippet":"max-snippet:-1","max-image-preview":"max-image-preview:large","max-video-preview":"max-video-preview:-1"},"canonical":"https:\/\/rideauclub.ca\/fr\/service-traiteur-evenements\/politiques-service-de-traiteur-evenements\/","og_locale":"fr_FR","og_type":"article","og_title":"Politiques \u00e9v\u00e9nements - Rideau Club Ottawa","og_description":"Annulation En vertu de notre politique d\u2019annulation, le co\u00fbt des \u00e9v\u00e9nements priv\u00e9s qui ne sont pas annul\u00e9s dans les 72\u00a0heures avant la tenue de l\u2019\u00e9v\u00e9nement sera port\u00e9 au compte du [&hellip;]","og_url":"https:\/\/rideauclub.ca\/fr\/service-traiteur-evenements\/politiques-service-de-traiteur-evenements\/","og_site_name":"Rideau Club Ottawa","article_modified_time":"2023-01-10T17:49:14+00:00","og_image":[{"width":1920,"height":549,"url":"https:\/\/rideauclub.ca\/wp-content\/uploads\/2018\/12\/r-top-cater.jpg","type":"image\/jpeg"}],"twitter_card":"summary_large_image","twitter_misc":{"Dur\u00e9e de lecture estim\u00e9e":"3 minutes"},"schema":{"@context":"https:\/\/schema.org","@graph":[{"@type":"WebPage","@id":"https:\/\/rideauclub.ca\/fr\/service-traiteur-evenements\/politiques-service-de-traiteur-evenements\/","url":"https:\/\/rideauclub.ca\/fr\/service-traiteur-evenements\/politiques-service-de-traiteur-evenements\/","name":"Politiques \u00e9v\u00e9nements - Rideau Club Ottawa","isPartOf":{"@id":"https:\/\/rideauclub.ca\/fr\/#website"},"primaryImageOfPage":{"@id":"https:\/\/rideauclub.ca\/fr\/service-traiteur-evenements\/politiques-service-de-traiteur-evenements\/#primaryimage"},"image":{"@id":"https:\/\/rideauclub.ca\/fr\/service-traiteur-evenements\/politiques-service-de-traiteur-evenements\/#primaryimage"},"thumbnailUrl":"https:\/\/rideauclub.ca\/wp-content\/uploads\/2018\/12\/r-top-cater.jpg","datePublished":"2018-12-11T21:10:34+00:00","dateModified":"2023-01-10T17:49:14+00:00","breadcrumb":{"@id":"https:\/\/rideauclub.ca\/fr\/service-traiteur-evenements\/politiques-service-de-traiteur-evenements\/#breadcrumb"},"inLanguage":"fr-FR","potentialAction":[{"@type":"ReadAction","target":["https:\/\/rideauclub.ca\/fr\/service-traiteur-evenements\/politiques-service-de-traiteur-evenements\/"]}]},{"@type":"ImageObject","inLanguage":"fr-FR","@id":"https:\/\/rideauclub.ca\/fr\/service-traiteur-evenements\/politiques-service-de-traiteur-evenements\/#primaryimage","url":"https:\/\/rideauclub.ca\/wp-content\/uploads\/2018\/12\/r-top-cater.jpg","contentUrl":"https:\/\/rideauclub.ca\/wp-content\/uploads\/2018\/12\/r-top-cater.jpg","width":1920,"height":549,"caption":"CATERING & EVENTS"},{"@type":"BreadcrumbList","@id":"https:\/\/rideauclub.ca\/fr\/service-traiteur-evenements\/politiques-service-de-traiteur-evenements\/#breadcrumb","itemListElement":[{"@type":"ListItem","position":1,"name":"Home","item":"https:\/\/rideauclub.ca\/fr\/"},{"@type":"ListItem","position":2,"name":"Service de traiteur et \u00e9v\u00e9nements","item":"https:\/\/rideauclub.ca\/fr\/service-traiteur-evenements\/"},{"@type":"ListItem","position":3,"name":"Politiques \u00e9v\u00e9nements"}]},{"@type":"WebSite","@id":"https:\/\/rideauclub.ca\/fr\/#website","url":"https:\/\/rideauclub.ca\/fr\/","name":"Rideau Club Ottawa","description":"","potentialAction":[{"@type":"SearchAction","target":{"@type":"EntryPoint","urlTemplate":"https:\/\/rideauclub.ca\/fr\/?s={search_term_string}"},"query-input":{"@type":"PropertyValueSpecification","valueRequired":true,"valueName":"search_term_string"}}],"inLanguage":"fr-FR"}]}},"_links":{"self":[{"href":"https:\/\/rideauclub.ca\/fr\/wp-json\/wp\/v2\/pages\/3040","targetHints":{"allow":["GET"]}}],"collection":[{"href":"https:\/\/rideauclub.ca\/fr\/wp-json\/wp\/v2\/pages"}],"about":[{"href":"https:\/\/rideauclub.ca\/fr\/wp-json\/wp\/v2\/types\/page"}],"author":[{"embeddable":true,"href":"https:\/\/rideauclub.ca\/fr\/wp-json\/wp\/v2\/users\/1"}],"replies":[{"embeddable":true,"href":"https:\/\/rideauclub.ca\/fr\/wp-json\/wp\/v2\/comments?post=3040"}],"version-history":[{"count":5,"href":"https:\/\/rideauclub.ca\/fr\/wp-json\/wp\/v2\/pages\/3040\/revisions"}],"predecessor-version":[{"id":8538,"href":"https:\/\/rideauclub.ca\/fr\/wp-json\/wp\/v2\/pages\/3040\/revisions\/8538"}],"up":[{"embeddable":true,"href":"https:\/\/rideauclub.ca\/fr\/wp-json\/wp\/v2\/pages\/3037"}],"wp:featuredmedia":[{"embeddable":true,"href":"https:\/\/rideauclub.ca\/fr\/wp-json\/wp\/v2\/media\/2579"}],"wp:attachment":[{"href":"https:\/\/rideauclub.ca\/fr\/wp-json\/wp\/v2\/media?parent=3040"}],"curies":[{"name":"wp","href":"https:\/\/api.w.org\/{rel}","templated":true}]}}