{"id":3035,"date":"2018-12-11T21:08:55","date_gmt":"2018-12-11T21:08:55","guid":{"rendered":"http:\/\/www.rideauclub.ca\/avantages\/reciprocal-clubs\/"},"modified":"2024-11-26T18:56:58","modified_gmt":"2024-11-26T18:56:58","slug":"reciprocite-autres-clubs","status":"publish","type":"page","link":"https:\/\/rideauclub.ca\/fr\/adhesion\/reciprocite-autres-clubs\/","title":{"rendered":"R\u00e9ciprocit\u00e9 avec d\u2019autres clubs"},"content":{"rendered":"<h2>PRIVIL\u00c8GES DES CLUBS R\u00c9CIPROQUES INTERNATIONAUX<\/h2>\n<p>L&rsquo;adh\u00e9sion au Rideau Club vous permet de b\u00e9n\u00e9ficier de privil\u00e8ges r\u00e9ciproques et d&rsquo;acc\u00e9der aux installations de plus de 200 clubs internationaux.<\/p>\n<p>Notre club est devenu membre du r\u00e9seau <a href=\"http:\/\/www.iacworldwide.com\/\">IAC<\/a>, et les membres peuvent profiter de tous les avantages en s&rsquo;inscrivant.<br \/>\nLe r\u00e9seau IAC compte des clubs dans plus de 40 pays, avec un large \u00e9ventail d&rsquo;installations, dont une quarantaine de terrains de golf, plus de 100 clubs avec des installations d&rsquo;athl\u00e9tisme. Et pour les voyages d&rsquo;affaires, des lieux prestigieux adapt\u00e9s aux conf\u00e9rences ou aux divertissements dans la plupart des grandes villes.<\/p>\n<p>Tous les clubs sont soigneusement s\u00e9lectionn\u00e9s afin de garantir la satisfaction des attentes et des besoins de haute qualit\u00e9. Soyez assur\u00e9 que lors de vos voyages, vous serez accueilli aux clubs les plus prestigieux du monde.<\/p>\n<p><a href=\"http:\/\/www.iacworldwide.com\/\">Le site web d&rsquo;IAC<\/a> fournit toutes les informations pertinentes dont vous avez besoin pour vos visites \u00e9ventuelles des clubs IAC, notamment sur les lieux des clubs, les services disponibles, les horaires d&rsquo;ouverture et bien plus encore. Leur syst\u00e8me de r\u00e9servation vous permettra \u00e9galement d&rsquo;effectuer vos propres r\u00e9servations en quelques clics. Qu&rsquo;il s&rsquo;agisse de r\u00e9server une table dans un restaurant du club ou r\u00e9server une partie de golf, c&rsquo;est tr\u00e8s facile.<\/p>\n<p>Vous pouvez \u00e9galement acc\u00e9der \u00e0 l&rsquo;IAC en t\u00e9l\u00e9chargeant l&rsquo;application IAC sur App Store ou Play Store et effectuer vos r\u00e9servations, b\u00e9n\u00e9ficier des avantages des partenaires et consulter votre carte de membre digitale.<\/p>\n<p>Contactez <a href=\"mailto:concierge@rideauclub.ca\">concierge@rideauclub.ca<\/a> pour qu&rsquo;une lettre d&rsquo;introduction leur soit envoy\u00e9e de notre part et vous serez pr\u00eat \u00e0 d\u00e9couvrir certains des meilleurs services et conforts que le monde a \u00e0 offrir.<\/p>\n","protected":false},"excerpt":{"rendered":"<p>PRIVIL\u00c8GES DES CLUBS R\u00c9CIPROQUES INTERNATIONAUX L&rsquo;adh\u00e9sion au Rideau Club vous permet de b\u00e9n\u00e9ficier de privil\u00e8ges r\u00e9ciproques et d&rsquo;acc\u00e9der aux installations de plus de 200 clubs internationaux. Notre club est devenu [&hellip;]<\/p>\n","protected":false},"author":1,"featured_media":3387,"parent":3073,"menu_order":49,"comment_status":"closed","ping_status":"closed","template":"page-benefits-clubs.php","meta":{"_acf_changed":false,"footnotes":""},"class_list":["post-3035","page","type-page","status-publish","has-post-thumbnail","hentry"],"acf":[],"yoast_head":"<!-- This site is optimized with the Yoast SEO plugin v27.3 - https:\/\/yoast.com\/product\/yoast-seo-wordpress\/ -->\n<title>R\u00e9ciprocit\u00e9 avec d\u2019autres clubs - Rideau Club Ottawa<\/title>\n<meta name=\"robots\" content=\"index, follow, max-snippet:-1, max-image-preview:large, max-video-preview:-1\" \/>\n<link rel=\"canonical\" href=\"https:\/\/rideauclub.ca\/fr\/adhesion\/reciprocite-autres-clubs\/\" \/>\n<meta property=\"og:locale\" content=\"fr_FR\" \/>\n<meta property=\"og:type\" content=\"article\" \/>\n<meta property=\"og:title\" content=\"R\u00e9ciprocit\u00e9 avec d\u2019autres clubs - Rideau Club Ottawa\" \/>\n<meta property=\"og:description\" content=\"PRIVIL\u00c8GES DES CLUBS R\u00c9CIPROQUES INTERNATIONAUX L&rsquo;adh\u00e9sion au Rideau Club vous permet de b\u00e9n\u00e9ficier de privil\u00e8ges r\u00e9ciproques et d&rsquo;acc\u00e9der aux installations de plus de 200 clubs internationaux. Notre club est devenu [&hellip;]\" \/>\n<meta property=\"og:url\" content=\"https:\/\/rideauclub.ca\/fr\/adhesion\/reciprocite-autres-clubs\/\" \/>\n<meta property=\"og:site_name\" content=\"Rideau Club Ottawa\" \/>\n<meta property=\"article:modified_time\" content=\"2024-11-26T18:56:58+00:00\" \/>\n<meta property=\"og:image\" content=\"https:\/\/rideauclub.ca\/wp-content\/uploads\/2019\/03\/benefits-public-site-FR-2.jpg\" \/>\n\t<meta property=\"og:image:width\" content=\"1920\" \/>\n\t<meta property=\"og:image:height\" content=\"555\" \/>\n\t<meta property=\"og:image:type\" content=\"image\/jpeg\" \/>\n<meta name=\"twitter:card\" content=\"summary_large_image\" \/>\n<meta name=\"twitter:label1\" content=\"Dur\u00e9e de lecture estim\u00e9e\" \/>\n\t<meta name=\"twitter:data1\" content=\"2 minutes\" \/>\n<script type=\"application\/ld+json\" class=\"yoast-schema-graph\">{\"@context\":\"https:\\\/\\\/schema.org\",\"@graph\":[{\"@type\":\"WebPage\",\"@id\":\"https:\\\/\\\/rideauclub.ca\\\/fr\\\/adhesion\\\/reciprocite-autres-clubs\\\/\",\"url\":\"https:\\\/\\\/rideauclub.ca\\\/fr\\\/adhesion\\\/reciprocite-autres-clubs\\\/\",\"name\":\"R\u00e9ciprocit\u00e9 avec d\u2019autres clubs - Rideau Club Ottawa\",\"isPartOf\":{\"@id\":\"https:\\\/\\\/rideauclub.ca\\\/fr\\\/#website\"},\"primaryImageOfPage\":{\"@id\":\"https:\\\/\\\/rideauclub.ca\\\/fr\\\/adhesion\\\/reciprocite-autres-clubs\\\/#primaryimage\"},\"image\":{\"@id\":\"https:\\\/\\\/rideauclub.ca\\\/fr\\\/adhesion\\\/reciprocite-autres-clubs\\\/#primaryimage\"},\"thumbnailUrl\":\"https:\\\/\\\/rideauclub.ca\\\/wp-content\\\/uploads\\\/2019\\\/03\\\/benefits-public-site-FR-2.jpg\",\"datePublished\":\"2018-12-11T21:08:55+00:00\",\"dateModified\":\"2024-11-26T18:56:58+00:00\",\"breadcrumb\":{\"@id\":\"https:\\\/\\\/rideauclub.ca\\\/fr\\\/adhesion\\\/reciprocite-autres-clubs\\\/#breadcrumb\"},\"inLanguage\":\"fr-FR\",\"potentialAction\":[{\"@type\":\"ReadAction\",\"target\":[\"https:\\\/\\\/rideauclub.ca\\\/fr\\\/adhesion\\\/reciprocite-autres-clubs\\\/\"]}]},{\"@type\":\"ImageObject\",\"inLanguage\":\"fr-FR\",\"@id\":\"https:\\\/\\\/rideauclub.ca\\\/fr\\\/adhesion\\\/reciprocite-autres-clubs\\\/#primaryimage\",\"url\":\"https:\\\/\\\/rideauclub.ca\\\/wp-content\\\/uploads\\\/2019\\\/03\\\/benefits-public-site-FR-2.jpg\",\"contentUrl\":\"https:\\\/\\\/rideauclub.ca\\\/wp-content\\\/uploads\\\/2019\\\/03\\\/benefits-public-site-FR-2.jpg\",\"width\":1920,\"height\":555},{\"@type\":\"BreadcrumbList\",\"@id\":\"https:\\\/\\\/rideauclub.ca\\\/fr\\\/adhesion\\\/reciprocite-autres-clubs\\\/#breadcrumb\",\"itemListElement\":[{\"@type\":\"ListItem\",\"position\":1,\"name\":\"Home\",\"item\":\"https:\\\/\\\/rideauclub.ca\\\/fr\\\/\"},{\"@type\":\"ListItem\",\"position\":2,\"name\":\"Adh\u00e9sion\",\"item\":\"https:\\\/\\\/rideauclub.ca\\\/fr\\\/adhesion\\\/\"},{\"@type\":\"ListItem\",\"position\":3,\"name\":\"R\u00e9ciprocit\u00e9 avec d\u2019autres clubs\"}]},{\"@type\":\"WebSite\",\"@id\":\"https:\\\/\\\/rideauclub.ca\\\/fr\\\/#website\",\"url\":\"https:\\\/\\\/rideauclub.ca\\\/fr\\\/\",\"name\":\"Rideau Club Ottawa\",\"description\":\"\",\"potentialAction\":[{\"@type\":\"SearchAction\",\"target\":{\"@type\":\"EntryPoint\",\"urlTemplate\":\"https:\\\/\\\/rideauclub.ca\\\/fr\\\/?s={search_term_string}\"},\"query-input\":{\"@type\":\"PropertyValueSpecification\",\"valueRequired\":true,\"valueName\":\"search_term_string\"}}],\"inLanguage\":\"fr-FR\"}]}<\/script>\n<!-- \/ Yoast SEO plugin. -->","yoast_head_json":{"title":"R\u00e9ciprocit\u00e9 avec d\u2019autres clubs - Rideau Club Ottawa","robots":{"index":"index","follow":"follow","max-snippet":"max-snippet:-1","max-image-preview":"max-image-preview:large","max-video-preview":"max-video-preview:-1"},"canonical":"https:\/\/rideauclub.ca\/fr\/adhesion\/reciprocite-autres-clubs\/","og_locale":"fr_FR","og_type":"article","og_title":"R\u00e9ciprocit\u00e9 avec d\u2019autres clubs - Rideau Club Ottawa","og_description":"PRIVIL\u00c8GES DES CLUBS R\u00c9CIPROQUES INTERNATIONAUX L&rsquo;adh\u00e9sion au Rideau Club vous permet de b\u00e9n\u00e9ficier de privil\u00e8ges r\u00e9ciproques et d&rsquo;acc\u00e9der aux installations de plus de 200 clubs internationaux. Notre club est devenu [&hellip;]","og_url":"https:\/\/rideauclub.ca\/fr\/adhesion\/reciprocite-autres-clubs\/","og_site_name":"Rideau Club Ottawa","article_modified_time":"2024-11-26T18:56:58+00:00","og_image":[{"width":1920,"height":555,"url":"https:\/\/rideauclub.ca\/wp-content\/uploads\/2019\/03\/benefits-public-site-FR-2.jpg","type":"image\/jpeg"}],"twitter_card":"summary_large_image","twitter_misc":{"Dur\u00e9e de lecture estim\u00e9e":"2 minutes"},"schema":{"@context":"https:\/\/schema.org","@graph":[{"@type":"WebPage","@id":"https:\/\/rideauclub.ca\/fr\/adhesion\/reciprocite-autres-clubs\/","url":"https:\/\/rideauclub.ca\/fr\/adhesion\/reciprocite-autres-clubs\/","name":"R\u00e9ciprocit\u00e9 avec d\u2019autres clubs - Rideau Club Ottawa","isPartOf":{"@id":"https:\/\/rideauclub.ca\/fr\/#website"},"primaryImageOfPage":{"@id":"https:\/\/rideauclub.ca\/fr\/adhesion\/reciprocite-autres-clubs\/#primaryimage"},"image":{"@id":"https:\/\/rideauclub.ca\/fr\/adhesion\/reciprocite-autres-clubs\/#primaryimage"},"thumbnailUrl":"https:\/\/rideauclub.ca\/wp-content\/uploads\/2019\/03\/benefits-public-site-FR-2.jpg","datePublished":"2018-12-11T21:08:55+00:00","dateModified":"2024-11-26T18:56:58+00:00","breadcrumb":{"@id":"https:\/\/rideauclub.ca\/fr\/adhesion\/reciprocite-autres-clubs\/#breadcrumb"},"inLanguage":"fr-FR","potentialAction":[{"@type":"ReadAction","target":["https:\/\/rideauclub.ca\/fr\/adhesion\/reciprocite-autres-clubs\/"]}]},{"@type":"ImageObject","inLanguage":"fr-FR","@id":"https:\/\/rideauclub.ca\/fr\/adhesion\/reciprocite-autres-clubs\/#primaryimage","url":"https:\/\/rideauclub.ca\/wp-content\/uploads\/2019\/03\/benefits-public-site-FR-2.jpg","contentUrl":"https:\/\/rideauclub.ca\/wp-content\/uploads\/2019\/03\/benefits-public-site-FR-2.jpg","width":1920,"height":555},{"@type":"BreadcrumbList","@id":"https:\/\/rideauclub.ca\/fr\/adhesion\/reciprocite-autres-clubs\/#breadcrumb","itemListElement":[{"@type":"ListItem","position":1,"name":"Home","item":"https:\/\/rideauclub.ca\/fr\/"},{"@type":"ListItem","position":2,"name":"Adh\u00e9sion","item":"https:\/\/rideauclub.ca\/fr\/adhesion\/"},{"@type":"ListItem","position":3,"name":"R\u00e9ciprocit\u00e9 avec d\u2019autres clubs"}]},{"@type":"WebSite","@id":"https:\/\/rideauclub.ca\/fr\/#website","url":"https:\/\/rideauclub.ca\/fr\/","name":"Rideau Club Ottawa","description":"","potentialAction":[{"@type":"SearchAction","target":{"@type":"EntryPoint","urlTemplate":"https:\/\/rideauclub.ca\/fr\/?s={search_term_string}"},"query-input":{"@type":"PropertyValueSpecification","valueRequired":true,"valueName":"search_term_string"}}],"inLanguage":"fr-FR"}]}},"_links":{"self":[{"href":"https:\/\/rideauclub.ca\/fr\/wp-json\/wp\/v2\/pages\/3035","targetHints":{"allow":["GET"]}}],"collection":[{"href":"https:\/\/rideauclub.ca\/fr\/wp-json\/wp\/v2\/pages"}],"about":[{"href":"https:\/\/rideauclub.ca\/fr\/wp-json\/wp\/v2\/types\/page"}],"author":[{"embeddable":true,"href":"https:\/\/rideauclub.ca\/fr\/wp-json\/wp\/v2\/users\/1"}],"replies":[{"embeddable":true,"href":"https:\/\/rideauclub.ca\/fr\/wp-json\/wp\/v2\/comments?post=3035"}],"version-history":[{"count":5,"href":"https:\/\/rideauclub.ca\/fr\/wp-json\/wp\/v2\/pages\/3035\/revisions"}],"predecessor-version":[{"id":10589,"href":"https:\/\/rideauclub.ca\/fr\/wp-json\/wp\/v2\/pages\/3035\/revisions\/10589"}],"up":[{"embeddable":true,"href":"https:\/\/rideauclub.ca\/fr\/wp-json\/wp\/v2\/pages\/3073"}],"wp:featuredmedia":[{"embeddable":true,"href":"https:\/\/rideauclub.ca\/fr\/wp-json\/wp\/v2\/media\/3387"}],"wp:attachment":[{"href":"https:\/\/rideauclub.ca\/fr\/wp-json\/wp\/v2\/media?parent=3035"}],"curies":[{"name":"wp","href":"https:\/\/api.w.org\/{rel}","templated":true}]}}